{"id":8782,"date":"2023-02-21T18:43:05","date_gmt":"2023-02-21T18:43:05","guid":{"rendered":"https:\/\/soleyes.eu\/?page_id=8782"},"modified":"2023-02-21T18:45:13","modified_gmt":"2023-02-21T18:45:13","slug":"cookie-policy","status":"publish","type":"page","link":"https:\/\/soleyes.es\/sv\/cookie-policy\/","title":{"rendered":"Cookie Policy"},"content":{"rendered":"<p>Vi anv\u00e4nder cookies f\u00f6r att s\u00e4kerst\u00e4lla att vi ger dig den b\u00e4sta upplevelsen p\u00e5 v\u00e5r webbplats. Om du forts\u00e4tter att anv\u00e4nda den h\u00e4r webbplatsen antar vi att du \u00e4r n\u00f6jd med den.<\/p>\n","protected":false},"excerpt":{"rendered":"<p>Vi anv\u00e4nder cookies f\u00f6r att s\u00e4kerst\u00e4lla att vi ger dig den b\u00e4sta upplevelsen p\u00e5 v\u00e5r webbplats. Om du forts\u00e4tter att<\/p>\n","protected":false},"author":1,"featured_media":0,"parent":0,"menu_order":0,"comment_status":"closed","ping_status":"closed","template":"","meta":{"_joinchat":[],"footnotes":""},"class_list":["post-8782","page","type-page","status-publish","hentry"],"_links":{"self":[{"href":"https:\/\/soleyes.es\/sv\/wp-json\/wp\/v2\/pages\/8782","targetHints":{"allow":["GET"]}}],"collection":[{"href":"https:\/\/soleyes.es\/sv\/wp-json\/wp\/v2\/pages"}],"about":[{"href":"https:\/\/soleyes.es\/sv\/wp-json\/wp\/v2\/types\/page"}],"author":[{"embeddable":true,"href":"https:\/\/soleyes.es\/sv\/wp-json\/wp\/v2\/users\/1"}],"replies":[{"embeddable":true,"href":"https:\/\/soleyes.es\/sv\/wp-json\/wp\/v2\/comments?post=8782"}],"version-history":[{"count":1,"href":"https:\/\/soleyes.es\/sv\/wp-json\/wp\/v2\/pages\/8782\/revisions"}],"predecessor-version":[{"id":8783,"href":"https:\/\/soleyes.es\/sv\/wp-json\/wp\/v2\/pages\/8782\/revisions\/8783"}],"wp:attachment":[{"href":"https:\/\/soleyes.es\/sv\/wp-json\/wp\/v2\/media?parent=8782"}],"curies":[{"name":"wp","href":"https:\/\/api.w.org\/{rel}","templated":true}]}}