{"id":8506,"date":"2023-02-17T10:46:37","date_gmt":"2023-02-17T10:46:37","guid":{"rendered":"https:\/\/soleyes.eu\/?page_id=8506"},"modified":"2023-02-21T20:43:13","modified_gmt":"2023-02-21T20:43:13","slug":"gynekologi","status":"publish","type":"page","link":"https:\/\/soleyes.es\/sv\/gynekologi\/","title":{"rendered":"Gynekologi"},"content":{"rendered":"<div class=\"wpb-content-wrapper\"><p>[vc_row][vc_column offset=&#8221;vc_hidden-sm vc_hidden-xs&#8221; mobile_bg_img_hidden=&#8221;no&#8221; tablet_bg_img_hidden=&#8221;no&#8221; woodmart_parallax=&#8221;0&#8243; woodmart_sticky_column=&#8221;false&#8221; parallax_scroll=&#8221;no&#8221; mobile_reset_margin=&#8221;no&#8221; tablet_reset_margin=&#8221;no&#8221;][vc_raw_html]JTVCcmFua19tYXRoX2JyZWFkY3J1bWIlNUQ=[\/vc_raw_html][\/vc_column][\/vc_row][vc_section full_width=&#8221;stretch_row&#8221; css=&#8221;.vc_custom_1591869405821{padding-top: 0px !important;}&#8221; mobile_bg_img_hidden=&#8221;no&#8221; tablet_bg_img_hidden=&#8221;no&#8221; woodmart_parallax=&#8221;0&#8243; woodmart_gradient_switch=&#8221;no&#8221; woodmart_disable_overflow=&#8221;0&#8243;][vc_row full_width=&#8221;stretch_row&#8221; content_placement=&#8221;middle&#8221; woodmart_bg_position=&#8221;right-bottom&#8221; mobile_bg_img_hidden=&#8221;yes&#8221; tablet_bg_img_hidden=&#8221;no&#8221; woodmart_parallax=&#8221;0&#8243; woodmart_gradient_switch=&#8221;no&#8221; row_reverse_mobile=&#8221;0&#8243; row_reverse_tablet=&#8221;0&#8243; woodmart_disable_overflow=&#8221;0&#8243; css=&#8221;.vc_custom_1598522853511{margin-top: 4vh !important;margin-bottom: 6vh !important;background-position: 0 0 !important;background-repeat: no-repeat !important;}&#8221;][vc_column css=&#8221;.vc_custom_1586509770404{margin-bottom: 4vh !important;padding-top: 0px !important;}&#8221; mobile_bg_img_hidden=&#8221;no&#8221; tablet_bg_img_hidden=&#8221;no&#8221; woodmart_parallax=&#8221;0&#8243; woodmart_sticky_column=&#8221;false&#8221; parallax_scroll=&#8221;no&#8221; mobile_reset_margin=&#8221;no&#8221; tablet_reset_margin=&#8221;no&#8221; offset=&#8221;vc_col-lg-6 vc_col-md-6&#8243;][vc_single_image image=&#8221;8499&#8243; img_size=&#8221;full&#8221; parallax_scroll=&#8221;no&#8221; css=&#8221;.vc_custom_1676630828860{margin-bottom: 0px !important;margin-left: 40px !important;}&#8221; woodmart_inline=&#8221;no&#8221;][\/vc_column][vc_column width=&#8221;5\/6&#8243; woodmart_bg_position=&#8221;right-bottom&#8221; css=&#8221;.vc_custom_1586509718518{margin-top: 0px !important;margin-right: 7% !important;margin-bottom: 4vh !important;margin-left: 7% !important;padding-top: 25px !important;}&#8221; mobile_bg_img_hidden=&#8221;no&#8221; tablet_bg_img_hidden=&#8221;no&#8221; woodmart_parallax=&#8221;0&#8243; woodmart_sticky_column=&#8221;false&#8221; parallax_scroll=&#8221;no&#8221; mobile_reset_margin=&#8221;no&#8221; tablet_reset_margin=&#8221;no&#8221; offset=&#8221;vc_col-lg-offset-0 vc_col-lg-6 vc_col-md-6 vc_col-xs-12&#8243;]\n\t\t<div id=\"wd-63ef5dd2dc444\" class=\"title-wrapper wd-wpb wd-set-mb reset-last-child  wd-rs-63ef5dd2dc444 wd-title-color-alt wd-title-style-underlined-2 text-left vc_custom_1676631529053 wd-width-enabled wd-underline-colored\" style=\"--wd-max-width: 80%;\">\n\t\t\t\t\t\t\t\n\t\t\t\t<div class=\"title-subtitle  subtitle-color-alt font-default subtitle-style-default wd-font-weight- wd-fontsize-xs\">Gynekologi p\u00e5 Costa del Sol!<\/div>\n\t\t\t\n\t\t\t<div class=\"liner-continer\">\n\t\t\t\t<h1 class=\"woodmart-title-container title  wd-font-weight- wd-fontsize-xxl\" >Gynekologi<\/h1>\n\t\t\t\t\t\t\t<\/div>\n\t\t\t\n\t\t\t\n\t\t\t\n\t\t<\/div>\n\t\t\n\t\t\t\t\t<div id=\"wd-63ef5e138d6c8\" class=\"wd-text-block-wrapper wd-wpb wd-rs-63ef5e138d6c8 color-scheme- text-left wd-width-enabled vc_custom_1676631587430\" style=\"--wd-max-width: 90%;\">\n\t\t\t\t<div class=\"woodmart-title-container woodmart-text-block reset-last-child font-text wd-font-weight-400 \">\n\t\t\t\t\tEn gynekolog \u00e4r specialiserad inom patientens allm\u00e4nna h\u00e4lsa n\u00e4r det g\u00e4ller preventiva l\u00e4kemedel, diagnostisering och behandling av befintliga problem samt kvinnosjukdomar som gynekologiska problem eller br\u00f6st- och hormonproblem, och tar \u00e4ven h\u00e4nsyn till andra vanliga h\u00e4lsorisker. Liksom vilken l\u00e4kare som helst kan en gynekolog specialisera sig inom olika omr\u00e5den som t ex att bli certifierad som en obstetriker \u2013 som \u00e4r den som f\u00f6ljer och kontrollerar en blivande moder och fostrets h\u00e4lsa under en graviditet.\t\t\t\t<\/div>\n\n\t\t\t\t\t\t\t<\/div>\n\t\t<div id=\"wd-63ef5e3fec9cd\" class=\" wd-rs-63ef5e3fec9cd  wd-button-wrapper text-center inline-element\"><a href=\"https:\/\/soleyes.es\/en\/book-online\/\" title=\"Book Online\" class=\"btn btn-color-primary btn-style-default btn-shape-rectangle btn-size-default\">TIDSBEST\u00c4LLNING ONLINE <\/a><\/div>[\/vc_column][\/vc_row][\/vc_section][vc_section full_width=&#8221;stretch_row&#8221; woodmart_gradient_switch=&#8221;no&#8221; css=&#8221;.vc_custom_1676140083902{margin-bottom: 0px !important;border-bottom-width: 8vh !important;padding-top: 0px !important;background-color: #ffffff !important;}&#8221; mobile_bg_img_hidden=&#8221;no&#8221; tablet_bg_img_hidden=&#8221;no&#8221; woodmart_parallax=&#8221;0&#8243; woodmart_disable_overflow=&#8221;0&#8243; woodmart_css_id=&#8221;63e7de299d410&#8243; responsive_spacing=&#8221;eyJwYXJhbV90eXBlIjoid29vZG1hcnRfcmVzcG9uc2l2ZV9zcGFjaW5nIiwic2VsZWN0b3JfaWQiOiI2M2U3ZGUyOTlkNDEwIiwic2hvcnRjb2RlIjoidmNfc2VjdGlvbiIsImRhdGEiOnsidGFibGV0Ijp7fSwibW9iaWxlIjp7fX19&#8243; woodmart_box_shadow=&#8221;no&#8221; wd_z_index=&#8221;no&#8221;][vc_row full_width=&#8221;stretch_row&#8221; equal_height=&#8221;yes&#8221; css_animation=&#8221;none&#8221; css=&#8221;.vc_custom_1610086369721{margin-right: -40px !important;margin-bottom: 8vh !important;margin-left: -40px !important;padding-top: 8vh !important;background-color: #ffffff !important;}&#8221; mobile_bg_img_hidden=&#8221;no&#8221; tablet_bg_img_hidden=&#8221;no&#8221; woodmart_parallax=&#8221;0&#8243; woodmart_gradient_switch=&#8221;no&#8221; row_reverse_mobile=&#8221;0&#8243; row_reverse_tablet=&#8221;0&#8243; woodmart_disable_overflow=&#8221;0&#8243;][vc_column offset=&#8221;vc_col-lg-6 vc_col-md-6&#8243; css=&#8221;.vc_custom_1496932335926{border-right-width: 1px !important;padding-top: 20px !important;padding-right: 40px !important;padding-bottom: 10px !important;padding-left: 40px !important;border-right-color: rgba(129,129,129,0.2) !important;border-right-style: solid !important;}&#8221;]\n\t\t<div id=\"wd-63ef5e8058fef\" class=\"title-wrapper wd-wpb wd-set-mb reset-last-child  wd-rs-63ef5e8058fef wd-title-color-alt wd-title-style-default text-left vc_custom_1676631686179 wd-width-enabled wd-underline-bordered\" style=\"--wd-max-width: 80%;\">\n\t\t\t\n\t\t\t<div class=\"liner-continer\">\n\t\t\t\t<h4 class=\"woodmart-title-container title  wd-font-weight-500 wd-fontsize-l\" >Det \u00e4r viktigt att ett \u00f6msesidigt f\u00f6rtroende byggs upp<\/h4>\n\t\t\t\t\t\t\t<\/div>\n\t\t\t\n\t\t\t\n\t\t\t\n\t\t<\/div>\n\t\t\n\t\t[\/vc_column][vc_column offset=&#8221;vc_col-lg-6 vc_col-md-6&#8243; css=&#8221;.vc_custom_1496932331302{padding-top: 20px !important;padding-right: 40px !important;padding-bottom: 10px !important;padding-left: 40px !important;}&#8221;]\t\t\t<div id=\"wd-63ef5e8a2959c\" class=\"wd-text-block-wrapper wd-wpb wd-rs-63ef5e8a2959c color-scheme- text-left wd-width-enabled vc_custom_1676631716294\" style=\"--wd-max-width: 90%;\">\n\t\t\t\t<div class=\"woodmart-title-container woodmart-text-block reset-last-child font-text wd-font-weight-400 \">\n\t\t\t\t\tMed h\u00e4nsyn till yrkets intima karakt\u00e4r m\u00e5ste en gynekolog ha t\u00e5lamod och visa h\u00e4nsyn i kommunikationen med patienter. Viktiga fr\u00e5gor kommer att st\u00e4llas p\u00e5 ett respektfullt och sympatiskt s\u00e4tt f\u00f6r att n\u00e5 \u00f6msesidig f\u00f6rst\u00e5else samt f\u00f6r att patienten ska k\u00e4nna sig trygg och bekv\u00e4m med att helt fullt ut diskutera det som fr\u00e5gan g\u00e4ller.<\/p>\n<p>Om patienten lider av en sjukdom, som t ex diabetes, \u00e4r det mycket viktigt att l\u00e4karen f\u00e5r veta detta \u2013 som d\u00e5 m\u00e5ste se och ta h\u00e4nsyn till n\u00e5gra av de medicinska tillst\u00e5nd som \u00e4ven patientens allm\u00e4nl\u00e4kare arbetar med, d\u00e5 en del tillst\u00e5nd kan p\u00e5verka patientens reproduktionsorgan eller hormoner.\t\t\t\t<\/div>\n\n\t\t\t\t\t\t\t<\/div>\n\t\t[\/vc_column][\/vc_row][vc_row full_width=&#8221;stretch_row&#8221; equal_height=&#8221;yes&#8221; css_animation=&#8221;none&#8221; css=&#8221;.vc_custom_1610086369721{margin-right: -40px !important;margin-bottom: 8vh !important;margin-left: -40px !important;padding-top: 8vh !important;background-color: #ffffff !important;}&#8221; mobile_bg_img_hidden=&#8221;no&#8221; tablet_bg_img_hidden=&#8221;no&#8221; woodmart_parallax=&#8221;0&#8243; woodmart_gradient_switch=&#8221;no&#8221; row_reverse_mobile=&#8221;0&#8243; row_reverse_tablet=&#8221;0&#8243; woodmart_disable_overflow=&#8221;0&#8243;][vc_column offset=&#8221;vc_col-lg-6 vc_col-md-6&#8243; css=&#8221;.vc_custom_1496932335926{border-right-width: 1px !important;padding-top: 20px !important;padding-right: 40px !important;padding-bottom: 10px !important;padding-left: 40px !important;border-right-color: rgba(129,129,129,0.2) !important;border-right-style: solid !important;}&#8221;]\n\t\t<div id=\"wd-63ef5eb9834f6\" class=\"title-wrapper wd-wpb wd-set-mb reset-last-child  wd-rs-63ef5eb9834f6 wd-title-color-alt wd-title-style-default text-left vc_custom_1676631741239 wd-width-enabled wd-underline-bordered\" style=\"--wd-max-width: 80%;\">\n\t\t\t\n\t\t\t<div class=\"liner-continer\">\n\t\t\t\t<h4 class=\"woodmart-title-container title  wd-font-weight-500 wd-fontsize-l\" >Varf\u00f6r beh\u00f6ver man regelbundna unders\u00f6kningar?<\/h4>\n\t\t\t\t\t\t\t<\/div>\n\t\t\t\n\t\t\t\n\t\t\t\n\t\t<\/div>\n\t\t\n\t\t[\/vc_column][vc_column offset=&#8221;vc_col-lg-6 vc_col-md-6&#8243; css=&#8221;.vc_custom_1496932331302{padding-top: 20px !important;padding-right: 40px !important;padding-bottom: 10px !important;padding-left: 40px !important;}&#8221;]\t\t\t<div id=\"wd-63ef5ecdb3706\" class=\"wd-text-block-wrapper wd-wpb wd-rs-63ef5ecdb3706 color-scheme- text-left wd-width-enabled vc_custom_1676631765782\" style=\"--wd-max-width: 90%;\">\n\t\t\t\t<div class=\"woodmart-title-container woodmart-text-block reset-last-child font-text wd-font-weight-400 \">\n\t\t\t\t\tGynekologiska unders\u00f6kningar g\u00f6rs f\u00f6r att kunna diagnostisera problem eller sjukdomar som patienten kanske lider av eller riskerar att drabbas av. Saker som m\u00f6jligheten att bli gravid, risker vid graviditet, polycystiskt ovarialsyndrom (PCOS), risk f\u00f6r livmoderhalscancer eller br\u00f6stcancer, eller mer vanliga besv\u00e4r som vaginala infektioner eller urinv\u00e4gsinfektioner kan kontrolleras. Det arbetas \u00e4ven med problem och risker kopplade till klimakteriet. De flesta gynekologer kan \u00e4ven utf\u00f6ra kirurgiska ingrepp p\u00e5 kvinnor s\u00e5som kejsarsnitt, canceroperationer, r\u00f6rtestning m.m. Gynekologer arbetar inom antingen ett medicinskt- eller utbildningsomr\u00e5de, ibland b\u00e5de och.<\/p>\n<p>Useimmat gynekologit suorittavat my\u00f6s leikkauksia, kuten keisarileikkauksia, sy\u00f6p\u00e4leikkauksia, putkien sitomista ja niin edelleen. Gynekologit ty\u00f6skentelev\u00e4t joko l\u00e4\u00e4ketieteen- ja\/tai koulutusalalla, joskus molemmilla.<\/p>\n<p>Gynekologisen tutkimuksen aikana l\u00e4\u00e4k\u00e4ri tutkii rinnat, em\u00e4ttimen, kohdunkaulan, munanjohtimet, vulvan, munasarjat ja kohdun. Melko usein otetaan my\u00f6s ultra\u00e4\u00e4nitutkimus kokeen t\u00e4ydent\u00e4miseksi. Suositus on ett\u00e4 v\u00e4hint\u00e4\u00e4n 21-vuotiaasta alkaen tulisi k\u00e4yd\u00e4 otattamassa PAPA-koe. L\u00e4\u00e4k\u00e4ri voi my\u00f6s suorittaa sukupuolitautitestej\u00e4, suorittaa rintakokeen ja ohjata oikeaan ehk\u00e4isymenetelm\u00e4n k\u00e4ytt\u00f6\u00f6n.\t\t\t\t<\/div>\n\n\t\t\t\t\t\t\t<\/div>\n\t\t[\/vc_column][\/vc_row][\/vc_section]<\/p>\n<\/div>","protected":false},"excerpt":{"rendered":"<p>[vc_row][vc_column offset=&#8221;vc_hidden-sm vc_hidden-xs&#8221; mobile_bg_img_hidden=&#8221;no&#8221; tablet_bg_img_hidden=&#8221;no&#8221; woodmart_parallax=&#8221;0&#8243; woodmart_sticky_column=&#8221;false&#8221; parallax_scroll=&#8221;no&#8221; mobile_reset_margin=&#8221;no&#8221; tablet_reset_margin=&#8221;no&#8221;][vc_raw_html]JTVCcmFua19tYXRoX2JyZWFkY3J1bWIlNUQ=[\/vc_raw_html][\/vc_column][\/vc_row][vc_section full_width=&#8221;stretch_row&#8221; css=&#8221;.vc_custom_1591869405821{padding-top: 0px !important;}&#8221; mobile_bg_img_hidden=&#8221;no&#8221; tablet_bg_img_hidden=&#8221;no&#8221; woodmart_parallax=&#8221;0&#8243; woodmart_gradient_switch=&#8221;no&#8221; woodmart_disable_overflow=&#8221;0&#8243;][vc_row full_width=&#8221;stretch_row&#8221;<\/p>\n","protected":false},"author":1,"featured_media":0,"parent":0,"menu_order":0,"comment_status":"closed","ping_status":"closed","template":"","meta":{"_joinchat":[],"footnotes":""},"class_list":["post-8506","page","type-page","status-publish","hentry"],"_links":{"self":[{"href":"https:\/\/soleyes.es\/sv\/wp-json\/wp\/v2\/pages\/8506","targetHints":{"allow":["GET"]}}],"collection":[{"href":"https:\/\/soleyes.es\/sv\/wp-json\/wp\/v2\/pages"}],"about":[{"href":"https:\/\/soleyes.es\/sv\/wp-json\/wp\/v2\/types\/page"}],"author":[{"embeddable":true,"href":"https:\/\/soleyes.es\/sv\/wp-json\/wp\/v2\/users\/1"}],"replies":[{"embeddable":true,"href":"https:\/\/soleyes.es\/sv\/wp-json\/wp\/v2\/comments?post=8506"}],"version-history":[{"count":6,"href":"https:\/\/soleyes.es\/sv\/wp-json\/wp\/v2\/pages\/8506\/revisions"}],"predecessor-version":[{"id":8513,"href":"https:\/\/soleyes.es\/sv\/wp-json\/wp\/v2\/pages\/8506\/revisions\/8513"}],"wp:attachment":[{"href":"https:\/\/soleyes.es\/sv\/wp-json\/wp\/v2\/media?parent=8506"}],"curies":[{"name":"wp","href":"https:\/\/api.w.org\/{rel}","templated":true}]}}