{"id":8451,"date":"2022-12-21T08:27:33","date_gmt":"2022-12-21T08:27:33","guid":{"rendered":"https:\/\/soleyes.eu\/?page_id=8451"},"modified":"2023-02-21T20:49:20","modified_gmt":"2023-02-21T20:49:20","slug":"presbyopi","status":"publish","type":"page","link":"https:\/\/soleyes.es\/sv\/ogonoperationer\/presbyopi\/","title":{"rendered":"Presbyopi"},"content":{"rendered":"<div class=\"wpb-content-wrapper\"><p>[vc_row][vc_column offset=&#8221;vc_hidden-sm vc_hidden-xs&#8221; mobile_bg_img_hidden=&#8221;no&#8221; tablet_bg_img_hidden=&#8221;no&#8221; woodmart_parallax=&#8221;0&#8243; woodmart_sticky_column=&#8221;false&#8221; parallax_scroll=&#8221;no&#8221; mobile_reset_margin=&#8221;no&#8221; tablet_reset_margin=&#8221;no&#8221;][vc_raw_html]JTVCcmFua19tYXRoX2JyZWFkY3J1bWIlNUQ=[\/vc_raw_html][\/vc_column][\/vc_row][vc_section full_width=&#8221;stretch_row&#8221; css=&#8221;.vc_custom_1591869405821{padding-top: 0px !important;}&#8221; mobile_bg_img_hidden=&#8221;no&#8221; tablet_bg_img_hidden=&#8221;no&#8221; woodmart_parallax=&#8221;0&#8243; woodmart_gradient_switch=&#8221;no&#8221; woodmart_disable_overflow=&#8221;0&#8243;][vc_row full_width=&#8221;stretch_row&#8221; content_placement=&#8221;middle&#8221; woodmart_bg_position=&#8221;right-bottom&#8221; mobile_bg_img_hidden=&#8221;yes&#8221; tablet_bg_img_hidden=&#8221;no&#8221; woodmart_parallax=&#8221;0&#8243; woodmart_gradient_switch=&#8221;no&#8221; row_reverse_mobile=&#8221;0&#8243; row_reverse_tablet=&#8221;0&#8243; woodmart_disable_overflow=&#8221;0&#8243; css=&#8221;.vc_custom_1598522853511{margin-top: 4vh !important;margin-bottom: 6vh !important;background-position: 0 0 !important;background-repeat: no-repeat !important;}&#8221;][vc_column css=&#8221;.vc_custom_1586509770404{margin-bottom: 4vh !important;padding-top: 0px !important;}&#8221; mobile_bg_img_hidden=&#8221;no&#8221; tablet_bg_img_hidden=&#8221;no&#8221; woodmart_parallax=&#8221;0&#8243; woodmart_sticky_column=&#8221;false&#8221; parallax_scroll=&#8221;no&#8221; mobile_reset_margin=&#8221;no&#8221; tablet_reset_margin=&#8221;no&#8221; offset=&#8221;vc_col-lg-6 vc_col-md-6&#8243;][vc_single_image image=&#8221;8547&#8243; img_size=&#8221;full&#8221; parallax_scroll=&#8221;no&#8221; css=&#8221;.vc_custom_1676924089725{margin-bottom: 0px !important;margin-left: 40px !important;}&#8221; woodmart_inline=&#8221;no&#8221;][\/vc_column][vc_column width=&#8221;5\/6&#8243; woodmart_bg_position=&#8221;right-bottom&#8221; css=&#8221;.vc_custom_1586509718518{margin-top: 0px !important;margin-right: 7% !important;margin-bottom: 4vh !important;margin-left: 7% !important;padding-top: 25px !important;}&#8221; mobile_bg_img_hidden=&#8221;no&#8221; tablet_bg_img_hidden=&#8221;no&#8221; woodmart_parallax=&#8221;0&#8243; woodmart_sticky_column=&#8221;false&#8221; parallax_scroll=&#8221;no&#8221; mobile_reset_margin=&#8221;no&#8221; tablet_reset_margin=&#8221;no&#8221; offset=&#8221;vc_col-lg-offset-0 vc_col-lg-6 vc_col-md-6 vc_col-xs-12&#8243;]\n\t\t<div id=\"wd-63f3dbb894fb6\" class=\"title-wrapper wd-wpb wd-set-mb reset-last-child  wd-rs-63f3dbb894fb6 wd-title-color-alt wd-title-style-underlined-2 text-left vc_custom_1676925927357 wd-width-enabled wd-underline-colored\" style=\"--wd-max-width: 80%;\">\n\t\t\t\t\t\t\t\n\t\t\t\t<div class=\"title-subtitle  subtitle-color-alt font-default subtitle-style-default wd-font-weight- wd-fontsize-xs\">Presbyopikirurgi p\u00e5 Costa del Sol!<\/div>\n\t\t\t\n\t\t\t<div class=\"liner-continer\">\n\t\t\t\t<h1 class=\"woodmart-title-container title  wd-font-weight- wd-fontsize-xxl\" >Presbyopi<\/h1>\n\t\t\t\t\t\t\t<\/div>\n\t\t\t\n\t\t\t\n\t\t\t\n\t\t<\/div>\n\t\t\n\t\t\t\t\t<div id=\"wd-63f3dc2a25f2e\" class=\"wd-text-block-wrapper wd-wpb wd-rs-63f3dc2a25f2e color-scheme- text-left wd-width-enabled vc_custom_1676926037606\" style=\"--wd-max-width: 90%;\">\n\t\t\t\t<div class=\"woodmart-title-container woodmart-text-block reset-last-child font-text wd-font-weight-400 \">\n\t\t\t\t\t<strong>Presbyopi eller \u00f6veranstr\u00e4ngda \u00f6gon<\/strong> \u00e4r en del av det normala \u00e5ldrandet. Det \u00e4r v\u00e4ldigt vanligt f\u00f6r personer \u00f6ver 40 \u00e5r gamla.<br \/>\nDet r\u00f6r sig om f\u00f6rs\u00e4mrad kapacitet i \u00f6gats lins vilket leder till en \u00f6kande sv\u00e5righet att fokusera p\u00e5 objekt som \u00e4r n\u00e4ra. Det begr\u00e4nsar \u00e4ven v\u00e5r kapacitet att genomf\u00f6ra uppgifter som kr\u00e4ver anstr\u00e4ngning p\u00e5 n\u00e4ra h\u00e5ll: l\u00e4sning eller anv\u00e4ndning av telefonen.<br \/>\nP\u00e5 kliniken Sol Eyes \u00e4r vi specialiserade p\u00e5 dessa patologiska behandlingar f\u00f6r att kunna bli fri fr\u00e5n glas\u00f6gonen.\t\t\t\t<\/div>\n\n\t\t\t\t\t\t\t<\/div>\n\t\t<div id=\"wd-63f3dc5be92b3\" class=\" wd-rs-63f3dc5be92b3  wd-button-wrapper text-center inline-element\"><a href=\"https:\/\/soleyes.es\/sv\/tidsbestallning-online\/\" title=\"Book Online\" class=\"btn btn-color-primary btn-style-default btn-shape-rectangle btn-size-default\">TIDSBEST\u00c4LLNING ONLINE<\/a><\/div><div id=\"wd-63f3dc970ed9a\" class=\" wd-rs-63f3dc970ed9a  wd-button-wrapper text-center inline-element\"><a href=\"#faq\" title=\"\" class=\"btn btn-style-default btn-shape-rectangle btn-size-default\">Fr\u00e5gor kring Presbyopi?<\/a><\/div>[\/vc_column][\/vc_row][vc_row equal_height=&#8221;yes&#8221; content_placement=&#8221;top&#8221; css=&#8221;.vc_custom_1610029386117{margin-bottom: 4vh !important;}&#8221; mobile_bg_img_hidden=&#8221;no&#8221; tablet_bg_img_hidden=&#8221;no&#8221; woodmart_parallax=&#8221;0&#8243; woodmart_gradient_switch=&#8221;no&#8221; row_reverse_mobile=&#8221;0&#8243; row_reverse_tablet=&#8221;0&#8243; woodmart_disable_overflow=&#8221;0&#8243;][vc_column css=&#8221;.vc_custom_1610029120249{margin-bottom: 0px !important;padding-top: 0px !important;}&#8221; offset=&#8221;vc_col-md-12 vc_col-xs-12&#8243; mobile_bg_img_hidden=&#8221;no&#8221; tablet_bg_img_hidden=&#8221;no&#8221; woodmart_parallax=&#8221;0&#8243; woodmart_sticky_column=&#8221;false&#8221; parallax_scroll=&#8221;no&#8221; mobile_reset_margin=&#8221;no&#8221; tablet_reset_margin=&#8221;no&#8221;]\n\t\t<div id=\"wd-63f3dccb32c65\" class=\"title-wrapper wd-wpb wd-set-mb reset-last-child  wd-rs-63f3dccb32c65 wd-title-color-alt wd-title-style-underlined text-center vc_custom_1676926160430 wd-underline-colored\">\n\t\t\t\n\t\t\t<div class=\"liner-continer\">\n\t\t\t\t<h4 class=\"woodmart-title-container title  wd-font-weight- wd-fontsize-l\" >I dagsl\u00e4get finns det tv\u00e5 olika behandlingar:<\/h4>\n\t\t\t\t\t\t\t<\/div>\n\t\t\t\n\t\t\t\n\t\t\t\n\t\t<\/div>\n\t\t\n\t\t\t\t<div id=\"wd-63f3dce22ea96\" class=\"wd-text-block wd-wpb reset-last-child wd-rs-63f3dce22ea96 text-left wd-fontsize-m \">\n\t\t\t<h4 style=\"text-align: center;\"><span style=\"color: #00aeef;\">Varje laser har inte s\u00e5dan avancerad teknologi, som i sin tur har f\u00f6rb\u00e4ttrat resultaten. <\/span><\/h4>\n\t\t<\/div>\n\t\t[\/vc_column][vc_column css=&#8221;.vc_custom_1535092319384{margin-bottom: 4vh !important;padding-top: 0px !important;padding-right: 20px !important;padding-left: 20px !important;}&#8221; offset=&#8221;vc_col-md-6 vc_col-xs-12&#8243;]\t\t\t<div class=\"info-box-wrapper\">\n\t\t\t\t<div id=\"wd-63f3dd15a5da8\" class=\" wd-rs-63f3dd15a5da8 wd-info-box wd-wpb text-left box-icon-align-left box-style- color-scheme-dark wd-bg-none wd-items-top \">\n\t\t\t\t\t\t\t\t\t\t\t<div class=\"box-icon-wrapper  box-with-text text-size-default box-icon-simple\">\n\t\t\t\t\t\t\t<div class=\"info-box-icon\">\n\n\t\t\t\t\t\t\t\t\t\t\t\t\t\t\t1.\t\t\t\t\t\t\t\n\t\t\t\t\t\t\t<\/div>\n\t\t\t\t\t\t<\/div>\n\t\t\t\t\t\t\t\t\t\t<div class=\"info-box-content\">\n\t\t\t\t\t\t<h4 class=\"info-box-title title box-title-style-default wd-fontsize-m\">Linsektomi<\/h4>\t\t\t\t\t\t<div class=\"info-box-inner reset-last-child\"><p><strong>Linsektomi<\/strong> eller ers\u00e4ttning av linsen till en multifokal lins som anpassar sig till olika avst\u00e5nd. F\u00f6rv\u00e4ntad tid \u00e4r 15 till 20 minuter. G\u00f6rs med en lokalbed\u00f6vning och patienten kan enkelt ta sig hem efter en kort v\u00e4ntan.<\/p>\n<\/div>\n\n\t\t\t\t\t\t\t\t\t\t\t<\/div>\n\n\t\t\t\t\t\n\t\t\t\t\t<style><\/style>\t\t\t\t<\/div>\n\t\t\t<\/div>\n\t\t[\/vc_column][vc_column offset=&#8221;vc_col-md-6 vc_col-xs-12&#8243; mobile_bg_img_hidden=&#8221;no&#8221; tablet_bg_img_hidden=&#8221;no&#8221; woodmart_parallax=&#8221;0&#8243; woodmart_sticky_column=&#8221;false&#8221; parallax_scroll=&#8221;no&#8221; mobile_reset_margin=&#8221;no&#8221; tablet_reset_margin=&#8221;no&#8221; css=&#8221;.vc_custom_1610029519243{padding-top: 0px !important;padding-right: 20px !important;padding-bottom: 4vh !important;padding-left: 20px !important;}&#8221;]\t\t\t<div class=\"info-box-wrapper\">\n\t\t\t\t<div id=\"wd-63f3dd39ecad4\" class=\" wd-rs-63f3dd39ecad4 wd-info-box wd-wpb text-left box-icon-align-left box-style- color-scheme-dark wd-bg-none wd-items-top \">\n\t\t\t\t\t\t\t\t\t\t\t<div class=\"box-icon-wrapper  box-with-text text-size-default box-icon-simple\">\n\t\t\t\t\t\t\t<div class=\"info-box-icon\">\n\n\t\t\t\t\t\t\t\t\t\t\t\t\t\t\t2.\t\t\t\t\t\t\t\n\t\t\t\t\t\t\t<\/div>\n\t\t\t\t\t\t<\/div>\n\t\t\t\t\t\t\t\t\t\t<div class=\"info-box-content\">\n\t\t\t\t\t\t<h4 class=\"info-box-title title box-title-style-default wd-fontsize-m\">Laser excimer<\/h4>\t\t\t\t\t\t<div class=\"info-box-inner reset-last-child\"><p><strong>Laser excimer:<\/strong> SUPRACOR. Las versiones m\u00e1s modernas de l\u00e1seres Excimer incorporan la tecnolog\u00eda Presbilasik que permite realizar un tratamiento que corrige la vista cansada sin necesidad de realizar una cirug\u00eda intraocular e implante de Lente. En nuestra plataforma laser este tratamiento se llama Supracor.<br \/>\nEl tratamiento se realiza en la c\u00f3rnea en breves segundos devolviendo al paciente la posibilidad de verse libre de gafas en la mayor parte de su actividad diaria. \/\/ De mest moderna versionerna av Excimer laser ing\u00e5r i Presbilasik-teknologin som till\u00e5ter oss att genomf\u00f6ra en behandling som r\u00e4ttar till den anstr\u00e4ngda synen utan att beh\u00f6va genomf\u00f6ra en \u00f6gonoperation eller linsimplantat. P\u00e5 v\u00e5ra plattformer kallar vi denna behandling med laser f\u00f6r Supracor.<\/p>\n<\/div>\n\n\t\t\t\t\t\t\t\t\t\t\t<\/div>\n\n\t\t\t\t\t\n\t\t\t\t\t<style><\/style>\t\t\t\t<\/div>\n\t\t\t<\/div>\n\t\t[\/vc_column][\/vc_row][vc_row mobile_bg_img_hidden=&#8221;no&#8221; tablet_bg_img_hidden=&#8221;no&#8221; woodmart_parallax=&#8221;0&#8243; woodmart_gradient_switch=&#8221;no&#8221; row_reverse_mobile=&#8221;0&#8243; row_reverse_tablet=&#8221;0&#8243; woodmart_disable_overflow=&#8221;0&#8243; woodmart_css_id=&#8221;63d24a7a8f12b&#8221; responsive_spacing=&#8221;eyJwYXJhbV90eXBlIjoid29vZG1hcnRfcmVzcG9uc2l2ZV9zcGFjaW5nIiwic2VsZWN0b3JfaWQiOiI2M2QyNGE3YThmMTJiIiwic2hvcnRjb2RlIjoidmNfcm93IiwiZGF0YSI6eyJ0YWJsZXQiOnt9LCJtb2JpbGUiOnt9fX0=&#8221; woodmart_box_shadow=&#8221;no&#8221; wd_z_index=&#8221;no&#8221;][vc_column][vc_video link=&#8221;https:\/\/www.youtube.com\/watch?v=XRK2_5N0uOQ&#8221; align=&#8221;center&#8221; image_poster_switch=&#8221;no&#8221;][\/vc_column][\/vc_row][\/vc_section][vc_section full_width=&#8221;stretch_row&#8221; woodmart_gradient_switch=&#8221;yes&#8221; woodmart_color_gradient=&#8221;rgb(14, 145, 227)-0\/rgb(138, 218, 255)-100\/|linear-gradient(top , rgb(14, 145, 227) , rgb(138, 218, 255) 100%)|linear|top&#8221; css=&#8221;.vc_custom_1610086297007{margin-bottom: 0px !important;border-bottom-width: 8vh !important;padding-top: 0px !important;background-color: #ffffff !important;}&#8221; mobile_bg_img_hidden=&#8221;no&#8221; tablet_bg_img_hidden=&#8221;no&#8221; woodmart_parallax=&#8221;0&#8243; woodmart_disable_overflow=&#8221;0&#8243;][\/vc_section][vc_row full_width=&#8221;stretch_row&#8221; equal_height=&#8221;yes&#8221; css_animation=&#8221;none&#8221; css=&#8221;.vc_custom_1610086369721{margin-right: -40px !important;margin-bottom: 8vh !important;margin-left: -40px !important;padding-top: 8vh !important;background-color: #ffffff !important;}&#8221; mobile_bg_img_hidden=&#8221;no&#8221; tablet_bg_img_hidden=&#8221;no&#8221; woodmart_parallax=&#8221;0&#8243; woodmart_gradient_switch=&#8221;no&#8221; row_reverse_mobile=&#8221;0&#8243; row_reverse_tablet=&#8221;0&#8243; woodmart_disable_overflow=&#8221;0&#8243;][vc_column offset=&#8221;vc_col-lg-6 vc_col-md-6&#8243; css=&#8221;.vc_custom_1496932335926{border-right-width: 1px !important;padding-top: 20px !important;padding-right: 40px !important;padding-bottom: 10px !important;padding-left: 40px !important;border-right-color: rgba(129,129,129,0.2) !important;border-right-style: solid !important;}&#8221;]\n\t\t<div id=\"wd-63f3dd8fe707d\" class=\"title-wrapper wd-wpb wd-set-mb reset-last-child  wd-rs-63f3dd8fe707d wd-title-color-default wd-title-style-bordered text-left vc_custom_1676926356688 wd-underline-colored\">\n\t\t\t\n\t\t\t<div class=\"liner-continer\">\n\t\t\t\t<h4 class=\"woodmart-title-container title  wd-font-weight- wd-fontsize-l\" >F\u00d6RB\u00c4TTRA DIN SYN<\/h4>\n\t\t\t\t\t\t\t<\/div>\n\t\t\t\n\t\t\t\n\t\t\t\n\t\t<\/div>\n\t\t\n\t\t[vc_column_text text_larger=&#8221;no&#8221; woodmart_inline=&#8221;no&#8221;]P\u00e5 <strong>Sol Eyes kliniken<\/strong> \u00e4r vi specialiserade p\u00e5 att behandla Presbyopi och ge dig ett liv fri fr\u00e5n glas\u00f6gon.<\/p>\n<p>V\u00e5ra specialister v\u00e4rdes\u00e4tter varje fall individuellt f\u00f6r att kunna erbjuda den b\u00e4sta l\u00f6sningen f\u00f6r varje problem. Vi garanterar ett optimalt resultat.<br \/>\nF\u00f6r att v\u00e4lja r\u00e4tt behandling f\u00f6r varje fall s\u00e5 kr\u00e4vs det en noggrann unders\u00f6kning.[\/vc_column_text][vc_separator css=&#8221;.vc_custom_1484254145420{margin-bottom: 30px !important;}&#8221;][\/vc_column][vc_column offset=&#8221;vc_col-lg-6 vc_col-md-6&#8243; css=&#8221;.vc_custom_1496932331302{padding-top: 20px !important;padding-right: 40px !important;padding-bottom: 10px !important;padding-left: 40px !important;}&#8221;]\n\t\t<div id=\"wd-63f3dd71b8ef9\" class=\"title-wrapper wd-wpb wd-set-mb reset-last-child  wd-rs-63f3dd71b8ef9 wd-title-color-default wd-title-style-bordered text-left vc_custom_1676926327027 wd-underline-colored\">\n\t\t\t\n\t\t\t<div class=\"liner-continer\">\n\t\t\t\t<h4 class=\"woodmart-title-container title  wd-font-weight- wd-fontsize-l\" >Kontakta oss idag f\u00f6r att boka tid<\/h4>\n\t\t\t\t\t\t\t<\/div>\n\t\t\t\n\t\t\t\n\t\t\t\n\t\t<\/div>\n\t\t\n\t\t\n<div class=\"wpcf7 no-js\" id=\"wpcf7-f8272-o1\" lang=\"sv-SE\" dir=\"ltr\" data-wpcf7-id=\"8272\">\n<div class=\"screen-reader-response\"><p role=\"status\" aria-live=\"polite\" aria-atomic=\"true\"><\/p> <ul><\/ul><\/div>\n<form action=\"\/sv\/wp-json\/wp\/v2\/pages\/8451#wpcf7-f8272-o1\" method=\"post\" class=\"wpcf7-form init\" aria-label=\"Kontaktformul\u00e4r\" novalidate=\"novalidate\" data-status=\"init\">\n<fieldset class=\"hidden-fields-container\"><input type=\"hidden\" name=\"_wpcf7\" value=\"8272\" \/><input type=\"hidden\" name=\"_wpcf7_version\" value=\"6.1.5\" \/><input type=\"hidden\" name=\"_wpcf7_locale\" value=\"sv_SE\" \/><input type=\"hidden\" name=\"_wpcf7_unit_tag\" value=\"wpcf7-f8272-o1\" \/><input type=\"hidden\" name=\"_wpcf7_container_post\" value=\"0\" \/><input type=\"hidden\" name=\"_wpcf7_posted_data_hash\" value=\"\" \/>\n<\/fieldset>\n<p><input name=\"52043353-83d\" type=\"text\" value=\"12715a56-b720-4ab5-8d63-2a1c156e718e\" style=\"display:none\"  \/><input name=\"72299502-0baa-43eb-aeb0-bbcaecfbf6ed\" type=\"text\" value=\"\" style=\"display:none\"  \/>\n<\/p>\n<p>Namn (n\u00f6dv\u00e4ndig)\n<\/p>\n<p><span class=\"wpcf7-form-control-wrap\" data-name=\"nombre\"><input size=\"40\" maxlength=\"400\" class=\"wpcf7-form-control wpcf7-text wpcf7-validates-as-required\" aria-required=\"true\" aria-invalid=\"false\" value=\"\" type=\"text\" name=\"nombre\" \/><\/span>\n<\/p>\n<p>Email (n\u00f6dv\u00e4ndig)\n<\/p>\n<p><span class=\"wpcf7-form-control-wrap\" data-name=\"email\"><input size=\"40\" maxlength=\"400\" class=\"wpcf7-form-control wpcf7-email wpcf7-validates-as-required wpcf7-text wpcf7-validates-as-email\" aria-required=\"true\" aria-invalid=\"false\" value=\"\" type=\"email\" name=\"email\" \/><\/span>\n<\/p>\n<p>Telefon (n\u00f6dv\u00e4ndig)\n<\/p>\n<p><span class=\"wpcf7-form-control-wrap\" data-name=\"tel-11\"><input size=\"40\" maxlength=\"400\" class=\"wpcf7-form-control wpcf7-tel wpcf7-validates-as-required wpcf7-text wpcf7-validates-as-tel\" aria-required=\"true\" aria-invalid=\"false\" value=\"\" type=\"tel\" name=\"tel-11\" \/><\/span>\n<\/p>\n<p><input class=\"wpcf7-form-control wpcf7-submit has-spinner btn btn-color-primary btn-shape-rectangle\" type=\"submit\" value=\"Tidsbest\u00e4llning online\" \/>\n<\/p>\n<h5 class=\"color-primary uppercase\">Telefon: +34 952 47 00 73 | Whatsapp: +34 691 934 660\n<\/h5><div class=\"wpcf7-response-output\" aria-hidden=\"true\"><\/div>\n<\/form>\n<\/div>\n[\/vc_column][\/vc_row][vc_row full_width=&#8221;stretch_row&#8221; content_placement=&#8221;middle&#8221; css=&#8221;.vc_custom_1672165633322{padding-bottom: 2vh !important;background-color: #f9f9f9 !important;}&#8221; mobile_bg_img_hidden=&#8221;no&#8221; tablet_bg_img_hidden=&#8221;no&#8221; woodmart_parallax=&#8221;0&#8243; woodmart_gradient_switch=&#8221;no&#8221; row_reverse_mobile=&#8221;0&#8243; row_reverse_tablet=&#8221;0&#8243; woodmart_disable_overflow=&#8221;0&#8243; woodmart_css_id=&#8221;63ab38f3ec754&#8243; responsive_spacing=&#8221;eyJwYXJhbV90eXBlIjoid29vZG1hcnRfcmVzcG9uc2l2ZV9zcGFjaW5nIiwic2VsZWN0b3JfaWQiOiI2M2FiMzhmM2VjNzU0Iiwic2hvcnRjb2RlIjoidmNfcm93IiwiZGF0YSI6eyJ0YWJsZXQiOnt9LCJtb2JpbGUiOnt9fX0=&#8221; woodmart_box_shadow=&#8221;no&#8221; wd_z_index=&#8221;no&#8221; el_id=&#8221;faq&#8221;][vc_column css_animation=&#8221;wd-slide-from-bottom&#8221; css=&#8221;.vc_custom_1528449872275{padding-top: 0px !important;}&#8221;]\t\t\t<div id=\"wd-5ee35e8c63c51\" class=\"wd-text-block-wrapper wd-wpb wd-rs-5ee35e8c63c51 color-scheme-custom text-center vc_custom_1591959195706 hidden-md hidden-sm hidden-xs\">\n\t\t\t\t<div class=\"woodmart-title-container woodmart-text-block reset-last-child font-primary wd-font-weight-700 \">\n\t\t\t\t\tFAQ\t\t\t\t<\/div>\n\n\t\t\t\t\t\t\t<\/div>\n\t\t\t\t\t<div id=\"wd-63f3ddf46c563\" class=\"wd-text-block-wrapper wd-wpb wd-rs-63f3ddf46c563 color-scheme-dark text-center vc_custom_1676926459373\">\n\t\t\t\t<div class=\"woodmart-title-container woodmart-text-block reset-last-child font-primary wd-font-weight-500 \">\n\t\t\t\t\tSvaret p\u00e5 dina fr\u00e5gor kring Presbyopi\t\t\t\t<\/div>\n\n\t\t\t\t\t\t\t<\/div>\n\t\t[vc_tta_accordion style=&#8221;modern&#8221; shape=&#8221;round&#8221; color=&#8221;white&#8221; c_icon=&#8221;chevron&#8221; c_position=&#8221;right&#8221; active_section=&#8221;1&#8243; collapsible_all=&#8221;true&#8221;][vc_tta_section title=&#8221;Vilka \u00e4r symptomen f\u00f6r Presbyopi?&#8221; tab_id=&#8221;1484652030151-41d816a1-ec06b85a-61f9&#8243;][vc_column_text text_larger=&#8221;no&#8221; woodmart_inline=&#8221;no&#8221;]Suddig syn \u00e4r den vanligaste symptomen.<br \/>\nDet \u00e4r en evolution\u00e4r process. I b\u00f6rjan kan patienten k\u00e4nna att \u00f6gonen vibrerar och finner sv\u00e5righeter att l\u00e4sa i svagt ljus. Symptomen f\u00f6rs\u00e4mras, och om man inget g\u00f6r kan det leda till:<\/p>\n<ul>\n<li>huvudv\u00e4rk<\/li>\n<li>r\u00f6da \u00f6gon<\/li>\n<li>yrsel<\/li>\n<\/ul>\n<p>[\/vc_column_text][\/vc_tta_section][vc_tta_section title=&#8221;Hur kan man r\u00e4tta till Presbyopin?&#8221; tab_id=&#8221;1484652030190-407b08ef-5de7b85a-61f9&#8243;][vc_column_text text_larger=&#8221;no&#8221; woodmart_inline=&#8221;no&#8221;]Det klassiska s\u00e4ttet \u00e4r genom att anv\u00e4nda glas\u00f6gon. Vissa unika glas\u00f6gon f\u00f6r n\u00e4rsynta eller med progressiva glas\u00f6gon som anpassar sig till alla avst\u00e5nd.[\/vc_column_text][\/vc_tta_section][vc_tta_section title=&#8221;Finns det andra alternativ \u00e4n glas\u00f6gon?&#8221; tab_id=&#8221;1484652030219-c6960c7e-ee62b85a-61f9&#8243;][vc_column_text text_larger=&#8221;no&#8221; woodmart_inline=&#8221;no&#8221;]Lyckligtvis s\u00e5 finns det nu, efter m\u00e5nga \u00e5r av studerande av linser, andra alternativ f\u00f6r glas\u00f6gon.<br \/>\nJust nu anv\u00e4nder vi oss av multifokala linser, som byter ut patientens egna lins. Dessa multifokala linser \u00e4r kapabla till att anpassa sig till alla avst\u00e5nd vilket minskar anv\u00e4ndningen av glas\u00f6gon i de flesta fallen.<br \/>\nDet \u00e4r n\u00f6dv\u00e4ndigt att genomf\u00f6ra en noggrann unders\u00f6kning f\u00f6r varje patient f\u00f6r att kunna anpassa dessa linser till det individuella \u00f6gat.<br \/>\nDet finns ytterligare ett alternativ f\u00f6r behandling. Excimer laser.<br \/>\nDet g\u00e5r ut p\u00e5 att behandla hornhinnan i \u00f6gat f\u00f6r att \u00e5terst\u00e4lla n\u00e4rsynen utan att beh\u00f6va byta ut patientens lins. Doktorerna kommer att unders\u00f6ka och v\u00e4rdera de olika m\u00f6jligheterna genom att l\u00e4gga fram f\u00f6r- och nackdelar. P\u00e5 s\u00e5 s\u00e4tt kan du k\u00e4nna dig s\u00e4ker att du f\u00e5r den behandling som passar just dig.[\/vc_column_text][\/vc_tta_section][vc_tta_section title=&#8221;Finns det en idealisk l\u00f6sning f\u00f6r att behandla Presbyopin?&#8221; tab_id=&#8221;1671613598348-62d82892-d622&#8243;][vc_column_text text_larger=&#8221;no&#8221; woodmart_inline=&#8221;no&#8221;]Nej. Det finns m\u00e5nga olika s\u00e4tt att behandla presbyopin. Doktorn v\u00e4rderar och informerar om den ideala l\u00f6sning som finns f\u00f6r varje individ.[\/vc_column_text][\/vc_tta_section][\/vc_tta_accordion][\/vc_column][\/vc_row][vc_row equal_height=&#8221;yes&#8221; css_animation=&#8221;fadeIn&#8221; disable_element=&#8221;yes&#8221; css=&#8221;.vc_custom_1616595531714{margin-right: -50px !important;margin-bottom: 8vh !important;margin-left: -50px !important;}&#8221; mobile_bg_img_hidden=&#8221;no&#8221; tablet_bg_img_hidden=&#8221;no&#8221; woodmart_parallax=&#8221;0&#8243; woodmart_gradient_switch=&#8221;no&#8221; row_reverse_mobile=&#8221;0&#8243; row_reverse_tablet=&#8221;0&#8243; woodmart_disable_overflow=&#8221;0&#8243;][vc_column css=&#8221;.vc_custom_1591960207722{margin-bottom: 20px !important;padding-top: 15px !important;padding-right: 50px !important;padding-left: 50px !important;}&#8221; offset=&#8221;vc_col-lg-12 vc_col-md-12&#8243; mobile_bg_img_hidden=&#8221;no&#8221; tablet_bg_img_hidden=&#8221;no&#8221; woodmart_parallax=&#8221;0&#8243; woodmart_sticky_column=&#8221;false&#8221; parallax_scroll=&#8221;no&#8221; mobile_reset_margin=&#8221;no&#8221; tablet_reset_margin=&#8221;no&#8221;][\/vc_column][\/vc_row]<\/p>\n<\/div>","protected":false},"excerpt":{"rendered":"<p>[vc_row][vc_column offset=&#8221;vc_hidden-sm vc_hidden-xs&#8221; mobile_bg_img_hidden=&#8221;no&#8221; tablet_bg_img_hidden=&#8221;no&#8221; woodmart_parallax=&#8221;0&#8243; woodmart_sticky_column=&#8221;false&#8221; parallax_scroll=&#8221;no&#8221; mobile_reset_margin=&#8221;no&#8221; tablet_reset_margin=&#8221;no&#8221;][vc_raw_html]JTVCcmFua19tYXRoX2JyZWFkY3J1bWIlNUQ=[\/vc_raw_html][\/vc_column][\/vc_row][vc_section full_width=&#8221;stretch_row&#8221; css=&#8221;.vc_custom_1591869405821{padding-top: 0px !important;}&#8221; mobile_bg_img_hidden=&#8221;no&#8221; tablet_bg_img_hidden=&#8221;no&#8221; woodmart_parallax=&#8221;0&#8243; woodmart_gradient_switch=&#8221;no&#8221; woodmart_disable_overflow=&#8221;0&#8243;][vc_row full_width=&#8221;stretch_row&#8221;<\/p>\n","protected":false},"author":1,"featured_media":0,"parent":8485,"menu_order":0,"comment_status":"closed","ping_status":"closed","template":"","meta":{"_joinchat":[],"footnotes":""},"class_list":["post-8451","page","type-page","status-publish","hentry"],"_links":{"self":[{"href":"https:\/\/soleyes.es\/sv\/wp-json\/wp\/v2\/pages\/8451","targetHints":{"allow":["GET"]}}],"collection":[{"href":"https:\/\/soleyes.es\/sv\/wp-json\/wp\/v2\/pages"}],"about":[{"href":"https:\/\/soleyes.es\/sv\/wp-json\/wp\/v2\/types\/page"}],"author":[{"embeddable":true,"href":"https:\/\/soleyes.es\/sv\/wp-json\/wp\/v2\/users\/1"}],"replies":[{"embeddable":true,"href":"https:\/\/soleyes.es\/sv\/wp-json\/wp\/v2\/comments?post=8451"}],"version-history":[{"count":10,"href":"https:\/\/soleyes.es\/sv\/wp-json\/wp\/v2\/pages\/8451\/revisions"}],"predecessor-version":[{"id":8597,"href":"https:\/\/soleyes.es\/sv\/wp-json\/wp\/v2\/pages\/8451\/revisions\/8597"}],"up":[{"embeddable":true,"href":"https:\/\/soleyes.es\/sv\/wp-json\/wp\/v2\/pages\/8485"}],"wp:attachment":[{"href":"https:\/\/soleyes.es\/sv\/wp-json\/wp\/v2\/media?parent=8451"}],"curies":[{"name":"wp","href":"https:\/\/api.w.org\/{rel}","templated":true}]}}