{"id":8375,"date":"2022-12-22T11:39:55","date_gmt":"2022-12-22T11:39:55","guid":{"rendered":"https:\/\/soleyes.eu\/?page_id=8375"},"modified":"2023-02-21T20:58:48","modified_gmt":"2023-02-21T20:58:48","slug":"retinopati","status":"publish","type":"page","link":"https:\/\/soleyes.es\/sv\/ogonsjukdomar\/retinopati\/","title":{"rendered":"Retinopati"},"content":{"rendered":"<div class=\"wpb-content-wrapper\"><p>[vc_row][vc_column offset=&#8221;vc_hidden-sm vc_hidden-xs&#8221; mobile_bg_img_hidden=&#8221;no&#8221; tablet_bg_img_hidden=&#8221;no&#8221; woodmart_parallax=&#8221;0&#8243; woodmart_sticky_column=&#8221;false&#8221; parallax_scroll=&#8221;no&#8221; mobile_reset_margin=&#8221;no&#8221; tablet_reset_margin=&#8221;no&#8221;][vc_raw_html]JTVCcmFua19tYXRoX2JyZWFkY3J1bWIlNUQ=[\/vc_raw_html][\/vc_column][\/vc_row][vc_section full_width=&#8221;stretch_row&#8221; css=&#8221;.vc_custom_1591869405821{padding-top: 0px !important;}&#8221; mobile_bg_img_hidden=&#8221;no&#8221; tablet_bg_img_hidden=&#8221;no&#8221; woodmart_parallax=&#8221;0&#8243; woodmart_gradient_switch=&#8221;no&#8221; woodmart_disable_overflow=&#8221;0&#8243;][vc_row full_width=&#8221;stretch_row&#8221; content_placement=&#8221;middle&#8221; woodmart_bg_position=&#8221;right-bottom&#8221; mobile_bg_img_hidden=&#8221;yes&#8221; tablet_bg_img_hidden=&#8221;no&#8221; woodmart_parallax=&#8221;0&#8243; woodmart_gradient_switch=&#8221;no&#8221; row_reverse_mobile=&#8221;0&#8243; row_reverse_tablet=&#8221;0&#8243; woodmart_disable_overflow=&#8221;0&#8243; css=&#8221;.vc_custom_1598522853511{margin-top: 4vh !important;margin-bottom: 6vh !important;background-position: 0 0 !important;background-repeat: no-repeat !important;}&#8221;][vc_column css=&#8221;.vc_custom_1586509770404{margin-bottom: 4vh !important;padding-top: 0px !important;}&#8221; mobile_bg_img_hidden=&#8221;no&#8221; tablet_bg_img_hidden=&#8221;no&#8221; woodmart_parallax=&#8221;0&#8243; woodmart_sticky_column=&#8221;false&#8221; parallax_scroll=&#8221;no&#8221; mobile_reset_margin=&#8221;no&#8221; tablet_reset_margin=&#8221;no&#8221; offset=&#8221;vc_col-lg-6 vc_col-md-6&#8243;][vc_single_image image=&#8221;8208&#8243; img_size=&#8221;full&#8221; parallax_scroll=&#8221;no&#8221; css=&#8221;.vc_custom_1675854666641{margin-bottom: 0px !important;margin-left: 40px !important;}&#8221; woodmart_inline=&#8221;no&#8221;][\/vc_column][vc_column width=&#8221;5\/6&#8243; woodmart_bg_position=&#8221;right-bottom&#8221; css=&#8221;.vc_custom_1586509718518{margin-top: 0px !important;margin-right: 7% !important;margin-bottom: 4vh !important;margin-left: 7% !important;padding-top: 25px !important;}&#8221; mobile_bg_img_hidden=&#8221;no&#8221; tablet_bg_img_hidden=&#8221;no&#8221; woodmart_parallax=&#8221;0&#8243; woodmart_sticky_column=&#8221;false&#8221; parallax_scroll=&#8221;no&#8221; mobile_reset_margin=&#8221;no&#8221; tablet_reset_margin=&#8221;no&#8221; offset=&#8221;vc_col-lg-offset-0 vc_col-lg-6 vc_col-md-6 vc_col-xs-12&#8243;]\n\t\t<div id=\"wd-63ee0eb79f49f\" class=\"title-wrapper wd-wpb wd-set-mb reset-last-child  wd-rs-63ee0eb79f49f wd-title-color-alt wd-title-style-underlined-2 text-left vc_custom_1676545765639 wd-underline-colored\">\n\t\t\t\t\t\t\t\n\t\t\t\t<div class=\"title-subtitle  subtitle-color-alt font-default subtitle-style-default wd-font-weight- wd-fontsize-m\">Retinopati p\u00e5 Costa del Sol!<\/div>\n\t\t\t\n\t\t\t<div class=\"liner-continer\">\n\t\t\t\t<h1 class=\"woodmart-title-container title  wd-font-weight-600 wd-fontsize-xxxl\" >Retinopati<\/h1>\n\t\t\t\t\t\t\t<\/div>\n\t\t\t\n\t\t\t\n\t\t\t\n\t\t<\/div>\n\t\t\n\t\t\t\t\t<div id=\"wd-63ee0ef701cc5\" class=\"wd-text-block-wrapper wd-wpb wd-rs-63ee0ef701cc5 color-scheme- text-left wd-width-enabled vc_custom_1676545790856\" style=\"--wd-max-width: 90%;\">\n\t\t\t\t<div class=\"woodmart-title-container woodmart-text-block reset-last-child font-text wd-font-weight-400 \">\n\t\t\t\t\tDiabetes kan orsaka f\u00f6r\u00e4ndringar av n\u00e4thinnan, det vill s\u00e4ga diabetes retinopati, som kan f\u00f6rs\u00e4mra synsk\u00e4rpan betydligt. Regelbunden uppf\u00f6ljning av \u00f6gonbottnarna ing\u00e5r i behandlingen av alla diabetespatienter. Hos oss p\u00e5 Sol Eyes f\u00e5r du fotografering av \u00f6gonbottnarna och ett specialistutl\u00e5tande n\u00e4r du s\u00e5 \u00f6nskar. Retinopati som behandlas i tid har en god prognos och vi har den laserutrustning som l\u00e4mpar sig f\u00f6r behandling av retinopati.\t\t\t\t<\/div>\n\n\t\t\t\t\t\t\t<\/div>\n\t\t<div id=\"wd-63ee0f03cf15c\" class=\" wd-rs-63ee0f03cf15c   wd-rs-63ee0f03cf15c wd-button-wrapper text-center inline-element\"><a href=\"#cita-previa\" title=\"\" class=\"btn btn-color-primary btn-style-default btn-shape-rectangle btn-size-default wd-open-popup \">TIDSBEST\u00c4LLNING ONLINE<\/a><\/div><div id=\"cita-previa\" class=\"mfp-hide wd-popup wd-popup-element wd-scroll-content\" style=\"--wd-popup-width:800px;\">[vc_raw_html]JTVCaHRtbF9ibG9jayUyMGlkJTNEJTIyNzE4OCUyMiU1RA==[\/vc_raw_html]<\/div>[\/vc_column][\/vc_row][\/vc_section][vc_section full_width=&#8221;stretch_row&#8221; woodmart_gradient_switch=&#8221;yes&#8221; woodmart_color_gradient=&#8221;rgb(14, 145, 227)-0\/rgb(138, 218, 255)-100\/|linear-gradient(top , rgb(14, 145, 227) , rgb(138, 218, 255) 100%)|linear|top&#8221; css=&#8221;.vc_custom_1610086297007{margin-bottom: 0px !important;border-bottom-width: 8vh !important;padding-top: 0px !important;background-color: #ffffff !important;}&#8221; mobile_bg_img_hidden=&#8221;no&#8221; tablet_bg_img_hidden=&#8221;no&#8221; woodmart_parallax=&#8221;0&#8243; woodmart_disable_overflow=&#8221;0&#8243;][vc_row full_width=&#8221;stretch_row&#8221; content_placement=&#8221;middle&#8221; css=&#8221;.vc_custom_1672167079076{padding-top: 8vh !important;padding-bottom: 4vh !important;background-color: #0d91e2 !important;}&#8221; mobile_bg_img_hidden=&#8221;no&#8221; tablet_bg_img_hidden=&#8221;no&#8221; woodmart_parallax=&#8221;0&#8243; woodmart_gradient_switch=&#8221;no&#8221; row_reverse_mobile=&#8221;0&#8243; row_reverse_tablet=&#8221;0&#8243; woodmart_disable_overflow=&#8221;0&#8243; woodmart_css_id=&#8221;63ab3e8b1bb89&#8243; responsive_spacing=&#8221;eyJwYXJhbV90eXBlIjoid29vZG1hcnRfcmVzcG9uc2l2ZV9zcGFjaW5nIiwic2VsZWN0b3JfaWQiOiI2M2FiM2U4YjFiYjg5Iiwic2hvcnRjb2RlIjoidmNfcm93IiwiZGF0YSI6eyJ0YWJsZXQiOnt9LCJtb2JpbGUiOnt9fX0=&#8221; woodmart_box_shadow=&#8221;no&#8221; wd_z_index=&#8221;no&#8221;][vc_column css_animation=&#8221;wd-slide-from-bottom&#8221; woodmart_color_scheme=&#8221;light&#8221; css=&#8221;.vc_custom_1609170236964{margin-bottom: 4vh !important;padding-right: 10% !important;padding-left: 10% !important;}&#8221; offset=&#8221;vc_col-xs-12&#8243; woodmart_parallax=&#8221;0&#8243; parallax_scroll=&#8221;no&#8221; woodmart_sticky_column=&#8221;false&#8221; mobile_bg_img_hidden=&#8221;no&#8221; tablet_bg_img_hidden=&#8221;no&#8221; mobile_reset_margin=&#8221;no&#8221; tablet_reset_margin=&#8221;no&#8221;]\n\t\t<div id=\"wd-63ee0f952d793\" class=\"title-wrapper wd-wpb wd-set-mb reset-last-child  wd-rs-63ee0f952d793 wd-title-color-default wd-title-style-default text-left uppercase vc_custom_1676545948542 wd-underline-colored\">\n\t\t\t\n\t\t\t<div class=\"liner-continer\">\n\t\t\t\t<h4 class=\"woodmart-title-container title  wd-font-weight-500 wd-fontsize-l\" >Symtom, Riskfaktorer och Behandling<\/h4>\n\t\t\t\t\t\t\t<\/div>\n\t\t\t\n\t\t\t\n\t\t\t\n\t\t<\/div>\n\t\t\n\t\t[vc_row_inner][vc_column_inner width=&#8221;1\/3&#8243;]\t\t\t<div class=\"info-box-wrapper\">\n\t\t\t\t<div id=\"wd-63ee0fce358ef\" class=\" wd-rs-63ee0fce358ef wd-info-box wd-wpb text-left box-icon-align-left box-style- color-scheme-light wd-bg-none wd-items-top \">\n\t\t\t\t\t\t\t\t\t\t\t<div class=\"box-icon-wrapper  box-with-text text-size-default box-icon-simple\">\n\t\t\t\t\t\t\t<div class=\"info-box-icon\">\n\n\t\t\t\t\t\t\t\t\t\t\t\t\t\t\t1.\t\t\t\t\t\t\t\n\t\t\t\t\t\t\t<\/div>\n\t\t\t\t\t\t<\/div>\n\t\t\t\t\t\t\t\t\t\t<div class=\"info-box-content\">\n\t\t\t\t\t\t<h4 class=\"info-box-title title box-title-style-default wd-fontsize-m\">Symtom,<\/h4>\t\t\t\t\t\t<div class=\"info-box-inner reset-last-child\"><p>Till en b\u00f6rjan \u00e4r retinopati symptomfri, men n\u00e4r sjukdomen framskrider kan symptomen best\u00e5 av f\u00f6rs\u00e4mrad synsk\u00e4rpa, akut synf\u00f6rlust till f\u00f6ljd av l\u00e4ckage fr\u00e5n glaskroppen, ett splittrat synf\u00e4lt eller skuggor som r\u00f6r sig. En tidig diagnos \u00e4r viktig.<\/p>\n<\/div>\n\n\t\t\t\t\t\t\t\t\t\t\t<\/div>\n\n\t\t\t\t\t\n\t\t\t\t\t<style><\/style>\t\t\t\t<\/div>\n\t\t\t<\/div>\n\t\t[\/vc_column_inner][vc_column_inner width=&#8221;1\/3&#8243;]\t\t\t<div class=\"info-box-wrapper\">\n\t\t\t\t<div id=\"wd-63ee0fd6d17c2\" class=\" wd-rs-63ee0fd6d17c2 wd-info-box wd-wpb text-left box-icon-align-left box-style- color-scheme-light wd-bg-none wd-items-top \">\n\t\t\t\t\t\t\t\t\t\t\t<div class=\"box-icon-wrapper  box-with-text text-size-default box-icon-simple\">\n\t\t\t\t\t\t\t<div class=\"info-box-icon\">\n\n\t\t\t\t\t\t\t\t\t\t\t\t\t\t\t2.\t\t\t\t\t\t\t\n\t\t\t\t\t\t\t<\/div>\n\t\t\t\t\t\t<\/div>\n\t\t\t\t\t\t\t\t\t\t<div class=\"info-box-content\">\n\t\t\t\t\t\t<h4 class=\"info-box-title title box-title-style-default wd-fontsize-m\">Riskfaktorer<\/h4>\t\t\t\t\t\t<div class=\"info-box-inner reset-last-child\"><p>Vid diabetes av typ 1 \u00e4r f\u00f6r\u00e4ndringarna mycket vanliga, vid typ 2 \u00e4r riskerna mindre men n\u00e4r de uppkommer orsakar de en svullnad i den mittersta delen av \u00f6gonbottnen, vilket leder till en kraftigt nedsatt syn. Hur l\u00e4nge man har haft diabetes och en d\u00e5lig blodsockerbalans p\u00e5verkar risken.<\/p>\n<\/div>\n\n\t\t\t\t\t\t\t\t\t\t\t<\/div>\n\n\t\t\t\t\t\n\t\t\t\t\t<style><\/style>\t\t\t\t<\/div>\n\t\t\t<\/div>\n\t\t[\/vc_column_inner][vc_column_inner width=&#8221;1\/3&#8243;]\t\t\t<div class=\"info-box-wrapper\">\n\t\t\t\t<div id=\"wd-63ee0fe63e3cc\" class=\" wd-rs-63ee0fe63e3cc wd-info-box wd-wpb text-left box-icon-align-left box-style- color-scheme-light wd-bg-none wd-items-top \">\n\t\t\t\t\t\t\t\t\t\t\t<div class=\"box-icon-wrapper  box-with-text text-size-default box-icon-simple\">\n\t\t\t\t\t\t\t<div class=\"info-box-icon\">\n\n\t\t\t\t\t\t\t\t\t\t\t\t\t\t\t3.\t\t\t\t\t\t\t\n\t\t\t\t\t\t\t<\/div>\n\t\t\t\t\t\t<\/div>\n\t\t\t\t\t\t\t\t\t\t<div class=\"info-box-content\">\n\t\t\t\t\t\t<h4 class=\"info-box-title title box-title-style-default wd-fontsize-m\">Behandling<\/h4>\t\t\t\t\t\t<div class=\"info-box-inner reset-last-child\"><p>Vid diabetes b\u00f6r man f\u00e4sta uppm\u00e4rksamhet vid blodsockerbalansen, liksom \u00e4ven vid behandling av hj\u00e4rt- och k\u00e4rlsjukdomar. F\u00f6r\u00e4ndringar av \u00f6gonbottnen behandlas med laser, de allra sv\u00e5raste fallen med glaskropps- och n\u00e4thinnekirurgi.<\/p>\n<\/div>\n\n\t\t\t\t\t\t\t\t\t\t\t<\/div>\n\n\t\t\t\t\t\n\t\t\t\t\t<style><\/style>\t\t\t\t<\/div>\n\t\t\t<\/div>\n\t\t[\/vc_column_inner][\/vc_row_inner][\/vc_column][\/vc_row][\/vc_section][vc_row full_width=&#8221;stretch_row&#8221; equal_height=&#8221;yes&#8221; css_animation=&#8221;none&#8221; css=&#8221;.vc_custom_1610086369721{margin-right: -40px !important;margin-bottom: 8vh !important;margin-left: -40px !important;padding-top: 8vh !important;background-color: #ffffff !important;}&#8221; mobile_bg_img_hidden=&#8221;no&#8221; tablet_bg_img_hidden=&#8221;no&#8221; woodmart_parallax=&#8221;0&#8243; woodmart_gradient_switch=&#8221;no&#8221; row_reverse_mobile=&#8221;0&#8243; row_reverse_tablet=&#8221;0&#8243; woodmart_disable_overflow=&#8221;0&#8243;][vc_column offset=&#8221;vc_col-lg-6 vc_col-md-6&#8243; css=&#8221;.vc_custom_1496932335926{border-right-width: 1px !important;padding-top: 20px !important;padding-right: 40px !important;padding-bottom: 10px !important;padding-left: 40px !important;border-right-color: rgba(129,129,129,0.2) !important;border-right-style: solid !important;}&#8221;]\n\t\t<div id=\"wd-63ee0ffebc789\" class=\"title-wrapper wd-wpb wd-set-mb reset-last-child  wd-rs-63ee0ffebc789 wd-title-color-alt wd-title-style-default text-left vc_custom_1676546050372 wd-width-enabled wd-underline-bordered\" style=\"--wd-max-width: 80%;\">\n\t\t\t\n\t\t\t<div class=\"liner-continer\">\n\t\t\t\t<h4 class=\"woodmart-title-container title  wd-font-weight-500 wd-fontsize-l\" >Best\u00e4ll tid<\/h4>\n\t\t\t\t\t\t\t<\/div>\n\t\t\t\n\t\t\t\n\t\t\t\n\t\t<\/div>\n\t\t\n\t\t\t\t\t<div id=\"wd-63ee100d0920d\" class=\"wd-text-block-wrapper wd-wpb wd-rs-63ee100d0920d color-scheme- text-left wd-width-enabled vc_custom_1676546069193\" style=\"--wd-max-width: 90%;\">\n\t\t\t\t<div class=\"woodmart-title-container woodmart-text-block reset-last-child font-text wd-font-weight-400 \">\n\t\t\t\t\tOm du har diabetes och misst\u00e4nker retinopati eller om du \u00f6nskar en grundlig \u00f6gonunders\u00f6kning f\u00f6r att utesluta detta kan du best\u00e4lla tid hos <strong>Sol Eyes-kliniken.<\/strong>\t\t\t\t<\/div>\n\n\t\t\t\t\t\t\t<\/div>\n\t\t[vc_separator css=&#8221;.vc_custom_1484254145420{margin-bottom: 30px !important;}&#8221;][\/vc_column][vc_column offset=&#8221;vc_col-lg-6 vc_col-md-6&#8243; css=&#8221;.vc_custom_1496932331302{padding-top: 20px !important;padding-right: 40px !important;padding-bottom: 10px !important;padding-left: 40px !important;}&#8221;]\n\t\t<div id=\"wd-63ee102a0c425\" class=\"title-wrapper wd-wpb wd-set-mb reset-last-child  wd-rs-63ee102a0c425 wd-title-color-default wd-title-style-bordered text-left vc_custom_1676546095514 wd-underline-colored\">\n\t\t\t\n\t\t\t<div class=\"liner-continer\">\n\t\t\t\t<h4 class=\"woodmart-title-container title  wd-font-weight- wd-fontsize-l\" >Kontakta oss idag f\u00f6r att boka tid<\/h4>\n\t\t\t\t\t\t\t<\/div>\n\t\t\t\n\t\t\t\n\t\t\t\n\t\t<\/div>\n\t\t\n\t\t\n<div class=\"wpcf7 no-js\" id=\"wpcf7-f8272-o1\" lang=\"sv-SE\" dir=\"ltr\" data-wpcf7-id=\"8272\">\n<div class=\"screen-reader-response\"><p role=\"status\" aria-live=\"polite\" aria-atomic=\"true\"><\/p> <ul><\/ul><\/div>\n<form action=\"\/sv\/wp-json\/wp\/v2\/pages\/8375#wpcf7-f8272-o1\" method=\"post\" class=\"wpcf7-form init\" aria-label=\"Kontaktformul\u00e4r\" novalidate=\"novalidate\" data-status=\"init\">\n<fieldset class=\"hidden-fields-container\"><input type=\"hidden\" name=\"_wpcf7\" value=\"8272\" \/><input type=\"hidden\" name=\"_wpcf7_version\" value=\"6.1.5\" \/><input type=\"hidden\" name=\"_wpcf7_locale\" value=\"sv_SE\" \/><input type=\"hidden\" name=\"_wpcf7_unit_tag\" value=\"wpcf7-f8272-o1\" \/><input type=\"hidden\" name=\"_wpcf7_container_post\" value=\"0\" \/><input type=\"hidden\" name=\"_wpcf7_posted_data_hash\" value=\"\" \/>\n<\/fieldset>\n<p><input name=\"5a046ffa-b19\" type=\"text\" value=\"97c4a672-1c8b-46ca-9884-a5d438089211\" style=\"display:none\"  \/><input name=\"96842071-1c24-4939-af6d-72add085ec4a\" type=\"text\" value=\"\" style=\"display:none\"  \/>\n<\/p>\n<p>Namn (n\u00f6dv\u00e4ndig)\n<\/p>\n<p><span class=\"wpcf7-form-control-wrap\" data-name=\"nombre\"><input size=\"40\" maxlength=\"400\" class=\"wpcf7-form-control wpcf7-text wpcf7-validates-as-required\" aria-required=\"true\" aria-invalid=\"false\" value=\"\" type=\"text\" name=\"nombre\" \/><\/span>\n<\/p>\n<p>Email (n\u00f6dv\u00e4ndig)\n<\/p>\n<p><span class=\"wpcf7-form-control-wrap\" data-name=\"email\"><input size=\"40\" maxlength=\"400\" class=\"wpcf7-form-control wpcf7-email wpcf7-validates-as-required wpcf7-text wpcf7-validates-as-email\" aria-required=\"true\" aria-invalid=\"false\" value=\"\" type=\"email\" name=\"email\" \/><\/span>\n<\/p>\n<p>Telefon (n\u00f6dv\u00e4ndig)\n<\/p>\n<p><span class=\"wpcf7-form-control-wrap\" data-name=\"tel-11\"><input size=\"40\" maxlength=\"400\" class=\"wpcf7-form-control wpcf7-tel wpcf7-validates-as-required wpcf7-text wpcf7-validates-as-tel\" aria-required=\"true\" aria-invalid=\"false\" value=\"\" type=\"tel\" name=\"tel-11\" \/><\/span>\n<\/p>\n<p><input class=\"wpcf7-form-control wpcf7-submit has-spinner btn btn-color-primary btn-shape-rectangle\" type=\"submit\" value=\"Tidsbest\u00e4llning online\" \/>\n<\/p>\n<h5 class=\"color-primary uppercase\">Telefon: +34 952 47 00 73 | Whatsapp: +34 691 934 660\n<\/h5><div class=\"wpcf7-response-output\" aria-hidden=\"true\"><\/div>\n<\/form>\n<\/div>\n[\/vc_column][\/vc_row][vc_row full_width=&#8221;stretch_row&#8221; content_placement=&#8221;middle&#8221; disable_element=&#8221;yes&#8221; css=&#8221;.vc_custom_1671308458992{padding-bottom: 2vh !important;background-color: #f9f9f9 !important;}&#8221; mobile_bg_img_hidden=&#8221;no&#8221; tablet_bg_img_hidden=&#8221;no&#8221; woodmart_parallax=&#8221;0&#8243; woodmart_gradient_switch=&#8221;no&#8221; row_reverse_mobile=&#8221;0&#8243; row_reverse_tablet=&#8221;0&#8243; woodmart_disable_overflow=&#8221;0&#8243; woodmart_css_id=&#8221;639e249656ced&#8221; responsive_spacing=&#8221;eyJwYXJhbV90eXBlIjoid29vZG1hcnRfcmVzcG9uc2l2ZV9zcGFjaW5nIiwic2VsZWN0b3JfaWQiOiI2MzllMjQ5NjU2Y2VkIiwic2hvcnRjb2RlIjoidmNfcm93IiwiZGF0YSI6eyJ0YWJsZXQiOnt9LCJtb2JpbGUiOnt9fX0=&#8221; woodmart_box_shadow=&#8221;no&#8221; wd_z_index=&#8221;no&#8221;][vc_column css_animation=&#8221;wd-slide-from-bottom&#8221; css=&#8221;.vc_custom_1528449872275{padding-top: 0px !important;}&#8221;]\t\t\t<div id=\"wd-5ee35e8c63c51\" class=\"wd-text-block-wrapper wd-wpb wd-rs-5ee35e8c63c51 color-scheme-custom text-center vc_custom_1591959195706 hidden-md hidden-sm hidden-xs\">\n\t\t\t\t<div class=\"woodmart-title-container woodmart-text-block reset-last-child font-primary wd-font-weight-700 \">\n\t\t\t\t\tFAQ\t\t\t\t<\/div>\n\n\t\t\t\t\t\t\t<\/div>\n\t\t\t\t\t<div id=\"wd-5ff71e3d9db22\" class=\"wd-text-block-wrapper wd-wpb wd-rs-5ff71e3d9db22 color-scheme-dark text-center vc_custom_1610030664203\">\n\t\t\t\t<div class=\"woodmart-title-container woodmart-text-block reset-last-child font-primary wd-font-weight-500 \">\n\t\t\t\t\tLa Respuesta a todas tus dudas de<br \/>\nBlanqueamiento Dental\t\t\t\t<\/div>\n\n\t\t\t\t\t\t\t<\/div>\n\t\t[vc_tta_accordion style=&#8221;modern&#8221; shape=&#8221;round&#8221; color=&#8221;white&#8221; c_icon=&#8221;chevron&#8221; c_position=&#8221;right&#8221; active_section=&#8221;1&#8243; collapsible_all=&#8221;true&#8221;][vc_tta_section title=&#8221;\u00bfCu\u00e1l es el mejor tratamiento para el blanqueamiento dental?&#8221; tab_id=&#8221;1484652030151-41d816a1-ec06b85a-61f9&#8243;][vc_column_text text_larger=&#8221;no&#8221;]Lorem Ipsum is simply dummy text of the printing and typesetting industry. Lorem Ipsum has been the industry\u2019s standard dummy text ever since the 1500s, when an unknown printer took a galley of type and scrambled it to make a type specimen book. It has survived not only five centuries, but also the leap into electronic typesetting, remaining essentially unchanged. It was popularised in the 1960s with the release of Letraset sheets containing Lorem Ipsum passages, and more recently with desktop publishing software like Aldus PageMaker including versions of Lorem Ipsum.[\/vc_column_text][\/vc_tta_section][vc_tta_section title=&#8221;\u00bfCu\u00e1nto cuesta el blanqueamiento de los dientes?&#8221; tab_id=&#8221;1484652030190-407b08ef-5de7b85a-61f9&#8243;][vc_column_text text_larger=&#8221;no&#8221;]Lorem Ipsum is simply dummy text of the printing and typesetting industry. Lorem Ipsum has been the industry\u2019s standard dummy text ever since the 1500s, when an unknown printer took a galley of type and scrambled it to make a type specimen book. It has survived not only five centuries, but also the leap into electronic typesetting, remaining essentially unchanged. It was popularised in the 1960s with the release of Letraset sheets containing Lorem Ipsum passages, and more recently with desktop publishing software like Aldus PageMaker including versions of Lorem Ipsum.[\/vc_column_text][\/vc_tta_section][vc_tta_section title=&#8221;\u00bfQu\u00e9 pasa si te pones bicarbonato en los dientes?&#8221; tab_id=&#8221;1484652030219-c6960c7e-ee62b85a-61f9&#8243;][vc_column_text text_larger=&#8221;no&#8221;]Lorem Ipsum is simply dummy text of the printing and typesetting industry. Lorem Ipsum has been the industry\u2019s standard dummy text ever since the 1500s, when an unknown printer took a galley of type and scrambled it to make a type specimen book. It has survived not only five centuries, but also the leap into electronic typesetting, remaining essentially unchanged. It was popularised in the 1960s with the release of Letraset sheets containing Lorem Ipsum passages, and more recently with desktop publishing software like Aldus PageMaker including versions of Lorem Ipsum.[\/vc_column_text][\/vc_tta_section][\/vc_tta_accordion][\/vc_column][\/vc_row][vc_row equal_height=&#8221;yes&#8221; css_animation=&#8221;fadeIn&#8221; disable_element=&#8221;yes&#8221; css=&#8221;.vc_custom_1616595531714{margin-right: -50px !important;margin-bottom: 8vh !important;margin-left: -50px !important;}&#8221; mobile_bg_img_hidden=&#8221;no&#8221; tablet_bg_img_hidden=&#8221;no&#8221; woodmart_parallax=&#8221;0&#8243; woodmart_gradient_switch=&#8221;no&#8221; row_reverse_mobile=&#8221;0&#8243; row_reverse_tablet=&#8221;0&#8243; woodmart_disable_overflow=&#8221;0&#8243;][vc_column css=&#8221;.vc_custom_1591960207722{margin-bottom: 20px !important;padding-top: 15px !important;padding-right: 50px !important;padding-left: 50px !important;}&#8221; offset=&#8221;vc_col-lg-12 vc_col-md-12&#8243; mobile_bg_img_hidden=&#8221;no&#8221; tablet_bg_img_hidden=&#8221;no&#8221; woodmart_parallax=&#8221;0&#8243; woodmart_sticky_column=&#8221;false&#8221; parallax_scroll=&#8221;no&#8221; mobile_reset_margin=&#8221;no&#8221; tablet_reset_margin=&#8221;no&#8221;][\/vc_column][\/vc_row]<\/p>\n<\/div>","protected":false},"excerpt":{"rendered":"<p>[vc_row][vc_column offset=&#8221;vc_hidden-sm vc_hidden-xs&#8221; mobile_bg_img_hidden=&#8221;no&#8221; tablet_bg_img_hidden=&#8221;no&#8221; woodmart_parallax=&#8221;0&#8243; woodmart_sticky_column=&#8221;false&#8221; parallax_scroll=&#8221;no&#8221; mobile_reset_margin=&#8221;no&#8221; tablet_reset_margin=&#8221;no&#8221;][vc_raw_html]JTVCcmFua19tYXRoX2JyZWFkY3J1bWIlNUQ=[\/vc_raw_html][\/vc_column][\/vc_row][vc_section full_width=&#8221;stretch_row&#8221; css=&#8221;.vc_custom_1591869405821{padding-top: 0px !important;}&#8221; mobile_bg_img_hidden=&#8221;no&#8221; tablet_bg_img_hidden=&#8221;no&#8221; woodmart_parallax=&#8221;0&#8243; woodmart_gradient_switch=&#8221;no&#8221; woodmart_disable_overflow=&#8221;0&#8243;][vc_row full_width=&#8221;stretch_row&#8221;<\/p>\n","protected":false},"author":1,"featured_media":0,"parent":8562,"menu_order":0,"comment_status":"closed","ping_status":"closed","template":"","meta":{"_joinchat":[],"footnotes":""},"class_list":["post-8375","page","type-page","status-publish","hentry"],"_links":{"self":[{"href":"https:\/\/soleyes.es\/sv\/wp-json\/wp\/v2\/pages\/8375","targetHints":{"allow":["GET"]}}],"collection":[{"href":"https:\/\/soleyes.es\/sv\/wp-json\/wp\/v2\/pages"}],"about":[{"href":"https:\/\/soleyes.es\/sv\/wp-json\/wp\/v2\/types\/page"}],"author":[{"embeddable":true,"href":"https:\/\/soleyes.es\/sv\/wp-json\/wp\/v2\/users\/1"}],"replies":[{"embeddable":true,"href":"https:\/\/soleyes.es\/sv\/wp-json\/wp\/v2\/comments?post=8375"}],"version-history":[{"count":6,"href":"https:\/\/soleyes.es\/sv\/wp-json\/wp\/v2\/pages\/8375\/revisions"}],"predecessor-version":[{"id":8381,"href":"https:\/\/soleyes.es\/sv\/wp-json\/wp\/v2\/pages\/8375\/revisions\/8381"}],"up":[{"embeddable":true,"href":"https:\/\/soleyes.es\/sv\/wp-json\/wp\/v2\/pages\/8562"}],"wp:attachment":[{"href":"https:\/\/soleyes.es\/sv\/wp-json\/wp\/v2\/media?parent=8375"}],"curies":[{"name":"wp","href":"https:\/\/api.w.org\/{rel}","templated":true}]}}