{"id":8286,"date":"2022-12-17T19:17:59","date_gmt":"2022-12-17T19:17:59","guid":{"rendered":"https:\/\/soleyes.eu\/?page_id=8286"},"modified":"2023-02-15T08:11:00","modified_gmt":"2023-02-15T08:11:00","slug":"grastarrsoperation","status":"publish","type":"page","link":"https:\/\/soleyes.es\/sv\/ogonoperationer\/grastarrsoperation\/","title":{"rendered":"Gr\u00e5starrsoperation"},"content":{"rendered":"<div class=\"wpb-content-wrapper\"><p>[vc_row][vc_column offset=&#8221;vc_hidden-sm vc_hidden-xs&#8221; mobile_bg_img_hidden=&#8221;no&#8221; tablet_bg_img_hidden=&#8221;no&#8221; woodmart_parallax=&#8221;0&#8243; woodmart_sticky_column=&#8221;false&#8221; parallax_scroll=&#8221;no&#8221; mobile_reset_margin=&#8221;no&#8221; tablet_reset_margin=&#8221;no&#8221;][vc_raw_html]JTVCcmFua19tYXRoX2JyZWFkY3J1bWIlNUQ=[\/vc_raw_html][\/vc_column][\/vc_row][vc_section full_width=&#8221;stretch_row&#8221; css=&#8221;.vc_custom_1591869405821{padding-top: 0px !important;}&#8221; mobile_bg_img_hidden=&#8221;no&#8221; tablet_bg_img_hidden=&#8221;no&#8221; woodmart_parallax=&#8221;0&#8243; woodmart_gradient_switch=&#8221;no&#8221; woodmart_disable_overflow=&#8221;0&#8243;][vc_row full_width=&#8221;stretch_row&#8221; content_placement=&#8221;middle&#8221; woodmart_bg_position=&#8221;right-bottom&#8221; mobile_bg_img_hidden=&#8221;yes&#8221; tablet_bg_img_hidden=&#8221;no&#8221; woodmart_parallax=&#8221;0&#8243; woodmart_gradient_switch=&#8221;no&#8221; row_reverse_mobile=&#8221;0&#8243; row_reverse_tablet=&#8221;0&#8243; woodmart_disable_overflow=&#8221;0&#8243; css=&#8221;.vc_custom_1598522853511{margin-top: 4vh !important;margin-bottom: 6vh !important;background-position: 0 0 !important;background-repeat: no-repeat !important;}&#8221;][vc_column css=&#8221;.vc_custom_1586509770404{margin-bottom: 4vh !important;padding-top: 0px !important;}&#8221; mobile_bg_img_hidden=&#8221;no&#8221; tablet_bg_img_hidden=&#8221;no&#8221; woodmart_parallax=&#8221;0&#8243; woodmart_sticky_column=&#8221;false&#8221; parallax_scroll=&#8221;no&#8221; mobile_reset_margin=&#8221;no&#8221; tablet_reset_margin=&#8221;no&#8221; offset=&#8221;vc_col-lg-6 vc_col-md-6&#8243;][vc_single_image image=&#8221;8277&#8243; img_size=&#8221;full&#8221; parallax_scroll=&#8221;no&#8221; css=&#8221;.vc_custom_1676447677599{margin-bottom: 0px !important;margin-left: 40px !important;}&#8221; woodmart_inline=&#8221;no&#8221;][\/vc_column][vc_column width=&#8221;5\/6&#8243; woodmart_bg_position=&#8221;right-bottom&#8221; css=&#8221;.vc_custom_1586509718518{margin-top: 0px !important;margin-right: 7% !important;margin-bottom: 4vh !important;margin-left: 7% !important;padding-top: 25px !important;}&#8221; mobile_bg_img_hidden=&#8221;no&#8221; tablet_bg_img_hidden=&#8221;no&#8221; woodmart_parallax=&#8221;0&#8243; woodmart_sticky_column=&#8221;false&#8221; parallax_scroll=&#8221;no&#8221; mobile_reset_margin=&#8221;no&#8221; tablet_reset_margin=&#8221;no&#8221; offset=&#8221;vc_col-lg-offset-0 vc_col-lg-6 vc_col-md-6 vc_col-xs-12&#8243;]\n\t\t<div id=\"wd-63ec926cc5bd4\" class=\"title-wrapper wd-wpb wd-set-mb reset-last-child  wd-rs-63ec926cc5bd4 wd-title-color-alt wd-title-style-underlined-2 text-left vc_custom_1676448410821 wd-width-enabled wd-underline-colored\" style=\"--wd-max-width: 80%;\">\n\t\t\t\t\t\t\t\n\t\t\t\t<div class=\"title-subtitle  subtitle-color-alt font-default subtitle-style-default wd-font-weight- wd-fontsize-m\">Gr\u00e5starrsoperation p\u00e5 Costa del Sol!<\/div>\n\t\t\t\n\t\t\t<div class=\"liner-continer\">\n\t\t\t\t<h1 class=\"woodmart-title-container title  wd-font-weight-600 wd-fontsize-xxxl\" >Gr\u00e5starrsoperation<\/h1>\n\t\t\t\t\t\t\t<\/div>\n\t\t\t\n\t\t\t\n\t\t\t\n\t\t<\/div>\n\t\t\n\t\t\t\t\t<div id=\"wd-63ec92a9e9a21\" class=\"wd-text-block-wrapper wd-wpb wd-rs-63ec92a9e9a21 color-scheme- text-left wd-width-enabled vc_custom_1676448430052\" style=\"--wd-max-width: 90%;\">\n\t\t\t\t<div class=\"woodmart-title-container woodmart-text-block reset-last-child font-text wd-font-weight-400 \">\n\t\t\t\t\tP\u00e5 Sol Eyes-kliniken tar vi hand om alla kirurgiska behandlingar, fr\u00e5n laseroperation f\u00f6r att korrigera brytningsfel till operationer av \u00e5lderssynthet. V\u00e5ra \u00f6gonl\u00e4kare har en gedigen erfarenhet fr\u00e5n tiotusentals operationer och v\u00e5r utrustning uppfyller dagens krav, vare sig det \u00e4r fr\u00e5gan om operation av brytningsfel eller starroperation. I samband med f\u00f6runders\u00f6kningen v\u00e4ljer vi den metod som passar dig b\u00e4st. Hos oss f\u00e5r du god service och behandling av specialister.<\/p>\n<p>Vi arbetar f\u00f6r dina \u00f6gons och din syns b\u00e4sta!\t\t\t\t<\/div>\n\n\t\t\t\t\t\t\t<\/div>\n\t\t<div id=\"wd-63ec92b9d50a8\" class=\" wd-rs-63ec92b9d50a8  wd-button-wrapper text-left\"><a href=\"https:\/\/soleyes.es\/sv\/tidsbestallning-online\/\" title=\"Tidsbest\u00e4llning online\" class=\"btn btn-color-primary btn-style-default btn-shape-rectangle btn-size-default\">Tidsbest\u00e4llning online<\/a><\/div>[\/vc_column][\/vc_row][vc_row full_width=&#8221;stretch_row&#8221; content_placement=&#8221;middle&#8221; woodmart_bg_position=&#8221;right-bottom&#8221; mobile_bg_img_hidden=&#8221;yes&#8221; tablet_bg_img_hidden=&#8221;no&#8221; woodmart_parallax=&#8221;0&#8243; woodmart_gradient_switch=&#8221;no&#8221; row_reverse_mobile=&#8221;0&#8243; row_reverse_tablet=&#8221;0&#8243; woodmart_disable_overflow=&#8221;0&#8243; css=&#8221;.vc_custom_1598522853511{margin-top: 4vh !important;margin-bottom: 6vh !important;background-position: 0 0 !important;background-repeat: no-repeat !important;}&#8221;][vc_column width=&#8221;5\/6&#8243; woodmart_bg_position=&#8221;right-bottom&#8221; css=&#8221;.vc_custom_1586509718518{margin-top: 0px !important;margin-right: 7% !important;margin-bottom: 4vh !important;margin-left: 7% !important;padding-top: 25px !important;}&#8221; mobile_bg_img_hidden=&#8221;no&#8221; tablet_bg_img_hidden=&#8221;no&#8221; woodmart_parallax=&#8221;0&#8243; woodmart_sticky_column=&#8221;false&#8221; parallax_scroll=&#8221;no&#8221; mobile_reset_margin=&#8221;no&#8221; tablet_reset_margin=&#8221;no&#8221; offset=&#8221;vc_col-lg-offset-0 vc_col-lg-6 vc_col-md-6 vc_col-xs-12&#8243;]\n\t\t<div id=\"wd-63ec92d93a9e2\" class=\"title-wrapper wd-wpb wd-set-mb reset-last-child  wd-rs-63ec92d93a9e2 wd-title-color-alt wd-title-style-default text-left vc_custom_1676448477409 wd-width-enabled wd-underline-bordered\" style=\"--wd-max-width: 80%;\">\n\t\t\t\n\t\t\t<div class=\"liner-continer\">\n\t\t\t\t<h4 class=\"woodmart-title-container title  wd-font-weight-500 wd-fontsize-l\" >Symptom<\/h4>\n\t\t\t\t\t\t\t<\/div>\n\t\t\t\n\t\t\t\n\t\t\t\n\t\t<\/div>\n\t\t\n\t\t\t\t\t<div id=\"wd-63ec92e58af3c\" class=\"wd-text-block-wrapper wd-wpb wd-rs-63ec92e58af3c color-scheme- text-left wd-width-enabled vc_custom_1676448487118\" style=\"--wd-max-width: 90%;\">\n\t\t\t\t<div class=\"woodmart-title-container woodmart-text-block reset-last-child font-text wd-font-weight-400 \">\n\t\t\t\t\tVid gr\u00e5 starr grumlas linsen s\u00e5 sm\u00e5ningom, symptomen \u00e4r f\u00f6rs\u00e4mrad synsk\u00e4rpa, st\u00f6rre ljusbehov, problem till exempel med att l\u00e4sa, se p\u00e5 l\u00e5ngt h\u00e5ll, g\u00f6ra saker i m\u00f6rker, k\u00f6ra bil, se i m\u00f6rker \u2013 allts\u00e5 i n\u00e4stan alla livssituationer. M\u00e5nga v\u00e4njer sig vid den l\u00e5ngsamt framskridande sjukdomen s\u00e5 att de f\u00f6rst efter operationen inser hur dimmigt livet har varit under m\u00e5nga \u00e5r.\t\t\t\t<\/div>\n\n\t\t\t\t\t\t\t<\/div>\n\t\t[\/vc_column][vc_column css=&#8221;.vc_custom_1586509770404{margin-bottom: 4vh !important;padding-top: 0px !important;}&#8221; mobile_bg_img_hidden=&#8221;no&#8221; tablet_bg_img_hidden=&#8221;no&#8221; woodmart_parallax=&#8221;0&#8243; woodmart_sticky_column=&#8221;false&#8221; parallax_scroll=&#8221;no&#8221; mobile_reset_margin=&#8221;no&#8221; tablet_reset_margin=&#8221;no&#8221; offset=&#8221;vc_col-lg-6 vc_col-md-6&#8243;][vc_single_image image=&#8221;8091&#8243; img_size=&#8221;full&#8221; parallax_scroll=&#8221;no&#8221; css=&#8221;.vc_custom_1674558501195{margin-bottom: 0px !important;margin-left: 40px !important;}&#8221; woodmart_inline=&#8221;no&#8221;][\/vc_column][\/vc_row][\/vc_section][vc_section full_width=&#8221;stretch_row&#8221; woodmart_gradient_switch=&#8221;yes&#8221; woodmart_color_gradient=&#8221;rgb(14, 145, 227)-0\/rgb(138, 218, 255)-100\/|linear-gradient(top , rgb(14, 145, 227) , rgb(138, 218, 255) 100%)|linear|top&#8221; css=&#8221;.vc_custom_1672165479534{margin-bottom: 0px !important;border-bottom-width: 8vh !important;padding-top: 0px !important;}&#8221; mobile_bg_img_hidden=&#8221;no&#8221; tablet_bg_img_hidden=&#8221;no&#8221; woodmart_parallax=&#8221;0&#8243; woodmart_disable_overflow=&#8221;0&#8243; woodmart_css_id=&#8221;63ab3858346e6&#8243; responsive_spacing=&#8221;eyJwYXJhbV90eXBlIjoid29vZG1hcnRfcmVzcG9uc2l2ZV9zcGFjaW5nIiwic2VsZWN0b3JfaWQiOiI2M2FiMzg1ODM0NmU2Iiwic2hvcnRjb2RlIjoidmNfc2VjdGlvbiIsImRhdGEiOnsidGFibGV0Ijp7fSwibW9iaWxlIjp7fX19&#8243; woodmart_box_shadow=&#8221;no&#8221; wd_z_index=&#8221;no&#8221;][vc_row full_width=&#8221;stretch_row&#8221; content_placement=&#8221;middle&#8221; css=&#8221;.vc_custom_1672165459521{padding-top: 8vh !important;padding-bottom: 4vh !important;background-color: #0d91e2 !important;}&#8221; mobile_bg_img_hidden=&#8221;no&#8221; tablet_bg_img_hidden=&#8221;no&#8221; woodmart_parallax=&#8221;0&#8243; woodmart_gradient_switch=&#8221;no&#8221; row_reverse_mobile=&#8221;0&#8243; row_reverse_tablet=&#8221;0&#8243; woodmart_disable_overflow=&#8221;0&#8243; woodmart_css_id=&#8221;63ab38433b1bf&#8221; responsive_spacing=&#8221;eyJwYXJhbV90eXBlIjoid29vZG1hcnRfcmVzcG9uc2l2ZV9zcGFjaW5nIiwic2VsZWN0b3JfaWQiOiI2M2FiMzg0MzNiMWJmIiwic2hvcnRjb2RlIjoidmNfcm93IiwiZGF0YSI6eyJ0YWJsZXQiOnt9LCJtb2JpbGUiOnt9fX0=&#8221; woodmart_box_shadow=&#8221;no&#8221; wd_z_index=&#8221;no&#8221;][vc_column css_animation=&#8221;wd-slide-from-bottom&#8221; woodmart_color_scheme=&#8221;light&#8221; css=&#8221;.vc_custom_1609170236964{margin-bottom: 4vh !important;padding-right: 10% !important;padding-left: 10% !important;}&#8221; offset=&#8221;vc_col-xs-12&#8243; woodmart_parallax=&#8221;0&#8243; parallax_scroll=&#8221;no&#8221; woodmart_sticky_column=&#8221;false&#8221; mobile_bg_img_hidden=&#8221;no&#8221; tablet_bg_img_hidden=&#8221;no&#8221; mobile_reset_margin=&#8221;no&#8221; tablet_reset_margin=&#8221;no&#8221;]\n\t\t<div id=\"wd-63ec92f0c4cfc\" class=\"title-wrapper wd-wpb wd-set-mb reset-last-child  wd-rs-63ec92f0c4cfc wd-title-color-default wd-title-style-default text-left uppercase vc_custom_1676448504890 wd-underline-colored\">\n\t\t\t\n\t\t\t<div class=\"liner-continer\">\n\t\t\t\t<h4 class=\"woodmart-title-container title  wd-font-weight-500 wd-fontsize-l\" >Behandlingsf\u00f6rlopp<\/h4>\n\t\t\t\t\t\t\t<\/div>\n\t\t\t\n\t\t\t\n\t\t\t\n\t\t<\/div>\n\t\t\n\t\t[vc_row_inner][vc_column_inner width=&#8221;1\/3&#8243;]\t\t\t<div class=\"info-box-wrapper\">\n\t\t\t\t<div id=\"wd-63ec930194e84\" class=\" wd-rs-63ec930194e84 wd-info-box wd-wpb text-left box-icon-align-left box-style- color-scheme-light wd-bg-none wd-items-top \">\n\t\t\t\t\t\t\t\t\t\t\t<div class=\"box-icon-wrapper  box-with-text text-size-default box-icon-simple\">\n\t\t\t\t\t\t\t<div class=\"info-box-icon\">\n\n\t\t\t\t\t\t\t\t\t\t\t\t\t\t\t1.\t\t\t\t\t\t\t\n\t\t\t\t\t\t\t<\/div>\n\t\t\t\t\t\t<\/div>\n\t\t\t\t\t\t\t\t\t\t<div class=\"info-box-content\">\n\t\t\t\t\t\t<h4 class=\"info-box-title title box-title-style-default wd-fontsize-m\">F\u00f6runders\u00f6kning<\/h4>\t\t\t\t\t\t<div class=\"info-box-inner reset-last-child\"><p>En gr\u00e5starrdiagnos g\u00f6rs p\u00e5 \u00f6gonl\u00e4karens eller optikerns mottagning p\u00e5 \u00f6gonkliniken. Vid unders\u00f6kningen m\u00e4ts synsk\u00e4rpan och man unders\u00f6ker \u00f6gonens uppbyggnad, kammarvinklarna, \u00f6gontrycket, linsens uppbyggnad, synnervens och \u00f6gonbottnens skick. Vid unders\u00f6kningen anv\u00e4nds olika apparater som OCT (optisk koherenstomografi), fundus-, dvs. \u00f6gonbottenskamera, eventuellt perimeter, dvs. synf\u00e4ltsapparater, topografi, dvs. hornhinnetopografi. F\u00f6r den lins som v\u00e4ljs f\u00f6r operationen finns separat apparatur.<br \/>\nI samband med bes\u00f6ket hos \u00f6gonl\u00e4karen v\u00e4ljs b\u00e4sta m\u00f6jliga linsalternativ varvid h\u00e4nsyn tas \u00e4ven till eventuell astigmatism i \u00f6gat. Med r\u00e4tt linsval slipper man glas\u00f6gon f\u00f6r l\u00e5ng- eller n\u00e4rsynthet och med en progressiv lins i \u00f6gat slipper man helt glas\u00f6gon. D\u00e5 talar man om linsoperation, det vill s\u00e4ga operation av \u00e5lderssynthet<\/p>\n<p>One purpose of the appointment is to select the best possible lens, taking into consideration any possible astigmatism of the eye. With the correct choice of the lens you will no longer need glasses for shortsightedness or reading, and if an intraocular multifocal lens is used you will no longer need glasses at all. In this case, the surgery is called presbyopia correction surgery.<\/p>\n<\/div>\n\n\t\t\t\t\t\t\t\t\t\t\t<\/div>\n\n\t\t\t\t\t\n\t\t\t\t\t<style><\/style>\t\t\t\t<\/div>\n\t\t\t<\/div>\n\t\t[\/vc_column_inner][vc_column_inner width=&#8221;1\/3&#8243;]\t\t\t<div class=\"info-box-wrapper\">\n\t\t\t\t<div id=\"wd-63ec931645d25\" class=\" wd-rs-63ec931645d25 wd-info-box wd-wpb text-left box-icon-align-left box-style- color-scheme-light wd-bg-none wd-items-top \">\n\t\t\t\t\t\t\t\t\t\t\t<div class=\"box-icon-wrapper  box-with-text text-size-default box-icon-simple\">\n\t\t\t\t\t\t\t<div class=\"info-box-icon\">\n\n\t\t\t\t\t\t\t\t\t\t\t\t\t\t\t2.\t\t\t\t\t\t\t\n\t\t\t\t\t\t\t<\/div>\n\t\t\t\t\t\t<\/div>\n\t\t\t\t\t\t\t\t\t\t<div class=\"info-box-content\">\n\t\t\t\t\t\t<h4 class=\"info-box-title title box-title-style-default wd-fontsize-m\">Operationen<\/h4>\t\t\t\t\t\t<div class=\"info-box-inner reset-last-child\"><p>Efter l\u00e4karbes\u00f6ket bokar man tid f\u00f6r operation. F\u00f6re operationen f\u00e5r du \u00f6gondroppar som utvidgar pupillerna, och antibiotikadroppar. Kom till kliniken cirka en halvtimme f\u00f6re operationen som i allm\u00e4nhet tar cirka 5-15 minuter. Efter ingreppet f\u00e5r du efterv\u00e5rdsanvisningar och kan \u00e5ka hem.<\/p>\n<\/div>\n\n\t\t\t\t\t\t\t\t\t\t\t<\/div>\n\n\t\t\t\t\t\n\t\t\t\t\t<style><\/style>\t\t\t\t<\/div>\n\t\t\t<\/div>\n\t\t[\/vc_column_inner][vc_column_inner width=&#8221;1\/3&#8243;]\t\t\t<div class=\"info-box-wrapper\">\n\t\t\t\t<div id=\"wd-63ec932b74c73\" class=\" wd-rs-63ec932b74c73 wd-info-box wd-wpb text-left box-icon-align-left box-style- color-scheme-light wd-bg-none wd-items-top \">\n\t\t\t\t\t\t\t\t\t\t\t<div class=\"box-icon-wrapper  box-with-text text-size-default box-icon-simple\">\n\t\t\t\t\t\t\t<div class=\"info-box-icon\">\n\n\t\t\t\t\t\t\t\t\t\t\t\t\t\t\t3.\t\t\t\t\t\t\t\n\t\t\t\t\t\t\t<\/div>\n\t\t\t\t\t\t<\/div>\n\t\t\t\t\t\t\t\t\t\t<div class=\"info-box-content\">\n\t\t\t\t\t\t<h4 class=\"info-box-title title box-title-style-default wd-fontsize-m\">Kontrollbes\u00f6k<\/h4>\t\t\t\t\t\t<div class=\"info-box-inner reset-last-child\"><p>F\u00f6rsta revisionen \u00e4r inst\u00e4lld f\u00f6r f\u00f6ljande dag efter operationen, och n\u00e4sta vanligtvis en m\u00e5nad efter.<\/p>\n<p>Under kontrollbes\u00f6ket s\u00e4kerst\u00e4lls att \u00f6gat har \u00e5terh\u00e4mtat sig efter operationen och att \u00f6gontrycket och \u00f6gonbottnen \u00e4r normala, och patienten f\u00e5r med sig det glas\u00f6gonrecept han eller hon beh\u00f6ver.<\/p>\n<\/div>\n\n\t\t\t\t\t\t\t\t\t\t\t<\/div>\n\n\t\t\t\t\t\n\t\t\t\t\t<style><\/style>\t\t\t\t<\/div>\n\t\t\t<\/div>\n\t\t[\/vc_column_inner][\/vc_row_inner][\/vc_column][\/vc_row][\/vc_section][vc_row full_width=&#8221;stretch_row&#8221; equal_height=&#8221;yes&#8221; css_animation=&#8221;none&#8221; css=&#8221;.vc_custom_1610086369721{margin-right: -40px !important;margin-bottom: 8vh !important;margin-left: -40px !important;padding-top: 8vh !important;background-color: #ffffff !important;}&#8221; mobile_bg_img_hidden=&#8221;no&#8221; tablet_bg_img_hidden=&#8221;no&#8221; woodmart_parallax=&#8221;0&#8243; woodmart_gradient_switch=&#8221;no&#8221; row_reverse_mobile=&#8221;0&#8243; row_reverse_tablet=&#8221;0&#8243; woodmart_disable_overflow=&#8221;0&#8243;][vc_column offset=&#8221;vc_col-lg-6 vc_col-md-6&#8243; css=&#8221;.vc_custom_1496932335926{border-right-width: 1px !important;padding-top: 20px !important;padding-right: 40px !important;padding-bottom: 10px !important;padding-left: 40px !important;border-right-color: rgba(129,129,129,0.2) !important;border-right-style: solid !important;}&#8221;]\n\t\t<div id=\"wd-63ec9340ed054\" class=\"title-wrapper wd-wpb wd-set-mb reset-last-child  wd-rs-63ec9340ed054 wd-title-color-alt wd-title-style-default text-left vc_custom_1676448577877 wd-width-enabled wd-underline-bordered\" style=\"--wd-max-width: 80%;\">\n\t\t\t\n\t\t\t<div class=\"liner-continer\">\n\t\t\t\t<h4 class=\"woodmart-title-container title  wd-font-weight-500 wd-fontsize-l\" >Resultat<\/h4>\n\t\t\t\t\t\t\t<\/div>\n\t\t\t\n\t\t\t\n\t\t\t\n\t\t<\/div>\n\t\t\n\t\t\t\t\t<div id=\"wd-63ec934a1912a\" class=\"wd-text-block-wrapper wd-wpb wd-rs-63ec934a1912a color-scheme- text-left wd-width-enabled vc_custom_1676448588395\" style=\"--wd-max-width: 90%;\">\n\t\t\t\t<div class=\"woodmart-title-container woodmart-text-block reset-last-child font-text wd-font-weight-400 \">\n\t\t\t\t\tEfter en starroperation f\u00f6rb\u00e4ttras synsk\u00e4rpan, f\u00e4rgerna blir klarare, behovet av glas\u00f6gon minskar eller kan i vissa fall till och med f\u00f6rsvinna. Det blir enklare att r\u00f6ra sig n\u00e4r man ser b\u00e4ttre och m\u00e5nga ber\u00e4ttar att de till och med k\u00e4nner sig piggare d\u00e5 synen blivit klarare efter en starroperation. Resultatet av en starroperation \u00e4r best\u00e5ende, operationen beh\u00f6ver inte g\u00f6ras p\u00e5 nytt och linserna beh\u00f6ver inte bytas ut.\t\t\t\t<\/div>\n\n\t\t\t\t\t\t\t<\/div>\n\t\t[vc_separator css=&#8221;.vc_custom_1484254145420{margin-bottom: 30px !important;}&#8221;][\/vc_column][vc_column offset=&#8221;vc_col-lg-6 vc_col-md-6&#8243; css=&#8221;.vc_custom_1496932331302{padding-top: 20px !important;padding-right: 40px !important;padding-bottom: 10px !important;padding-left: 40px !important;}&#8221;]\n\t\t<div id=\"wd-63ec9354f4208\" class=\"title-wrapper wd-wpb wd-set-mb reset-last-child  wd-rs-63ec9354f4208 wd-title-color-default wd-title-style-bordered text-left vc_custom_1676448599577 wd-underline-colored\">\n\t\t\t\n\t\t\t<div class=\"liner-continer\">\n\t\t\t\t<h4 class=\"woodmart-title-container title  wd-font-weight- wd-fontsize-l\" >Kontakta oss idag f\u00f6r att boka tid<\/h4>\n\t\t\t\t\t\t\t<\/div>\n\t\t\t\n\t\t\t\n\t\t\t\n\t\t<\/div>\n\t\t\n\t\t\n<div class=\"wpcf7 no-js\" id=\"wpcf7-f8272-o1\" lang=\"sv-SE\" dir=\"ltr\" data-wpcf7-id=\"8272\">\n<div class=\"screen-reader-response\"><p role=\"status\" aria-live=\"polite\" aria-atomic=\"true\"><\/p> <ul><\/ul><\/div>\n<form action=\"\/sv\/wp-json\/wp\/v2\/pages\/8286#wpcf7-f8272-o1\" method=\"post\" class=\"wpcf7-form init\" aria-label=\"Kontaktformul\u00e4r\" novalidate=\"novalidate\" data-status=\"init\">\n<fieldset class=\"hidden-fields-container\"><input type=\"hidden\" name=\"_wpcf7\" value=\"8272\" \/><input type=\"hidden\" name=\"_wpcf7_version\" value=\"6.1.5\" \/><input type=\"hidden\" name=\"_wpcf7_locale\" value=\"sv_SE\" \/><input type=\"hidden\" name=\"_wpcf7_unit_tag\" value=\"wpcf7-f8272-o1\" \/><input type=\"hidden\" name=\"_wpcf7_container_post\" value=\"0\" \/><input type=\"hidden\" name=\"_wpcf7_posted_data_hash\" value=\"\" \/>\n<\/fieldset>\n<p><input name=\"6dde373c-634\" type=\"text\" value=\"49a29f01-cef0-4665-ac73-a9a1d4007ef0\" style=\"display:none\"  \/><input name=\"ab550a0a-73f2-44f7-a77e-ff9dbdcfb37b\" type=\"text\" value=\"\" style=\"display:none\"  \/>\n<\/p>\n<p>Namn (n\u00f6dv\u00e4ndig)\n<\/p>\n<p><span class=\"wpcf7-form-control-wrap\" data-name=\"nombre\"><input size=\"40\" maxlength=\"400\" class=\"wpcf7-form-control wpcf7-text wpcf7-validates-as-required\" aria-required=\"true\" aria-invalid=\"false\" value=\"\" type=\"text\" name=\"nombre\" \/><\/span>\n<\/p>\n<p>Email (n\u00f6dv\u00e4ndig)\n<\/p>\n<p><span class=\"wpcf7-form-control-wrap\" data-name=\"email\"><input size=\"40\" maxlength=\"400\" class=\"wpcf7-form-control wpcf7-email wpcf7-validates-as-required wpcf7-text wpcf7-validates-as-email\" aria-required=\"true\" aria-invalid=\"false\" value=\"\" type=\"email\" name=\"email\" \/><\/span>\n<\/p>\n<p>Telefon (n\u00f6dv\u00e4ndig)\n<\/p>\n<p><span class=\"wpcf7-form-control-wrap\" data-name=\"tel-11\"><input size=\"40\" maxlength=\"400\" class=\"wpcf7-form-control wpcf7-tel wpcf7-validates-as-required wpcf7-text wpcf7-validates-as-tel\" aria-required=\"true\" aria-invalid=\"false\" value=\"\" type=\"tel\" name=\"tel-11\" \/><\/span>\n<\/p>\n<p><input class=\"wpcf7-form-control wpcf7-submit has-spinner btn btn-color-primary btn-shape-rectangle\" type=\"submit\" value=\"Tidsbest\u00e4llning online\" \/>\n<\/p>\n<h5 class=\"color-primary uppercase\">Telefon: +34 952 47 00 73 | Whatsapp: +34 691 934 660\n<\/h5><div class=\"wpcf7-response-output\" aria-hidden=\"true\"><\/div>\n<\/form>\n<\/div>\n[\/vc_column][\/vc_row]<\/p>\n<\/div>","protected":false},"excerpt":{"rendered":"<p>[vc_row][vc_column offset=&#8221;vc_hidden-sm vc_hidden-xs&#8221; mobile_bg_img_hidden=&#8221;no&#8221; tablet_bg_img_hidden=&#8221;no&#8221; woodmart_parallax=&#8221;0&#8243; woodmart_sticky_column=&#8221;false&#8221; parallax_scroll=&#8221;no&#8221; mobile_reset_margin=&#8221;no&#8221; tablet_reset_margin=&#8221;no&#8221;][vc_raw_html]JTVCcmFua19tYXRoX2JyZWFkY3J1bWIlNUQ=[\/vc_raw_html][\/vc_column][\/vc_row][vc_section full_width=&#8221;stretch_row&#8221; css=&#8221;.vc_custom_1591869405821{padding-top: 0px !important;}&#8221; mobile_bg_img_hidden=&#8221;no&#8221; tablet_bg_img_hidden=&#8221;no&#8221; woodmart_parallax=&#8221;0&#8243; woodmart_gradient_switch=&#8221;no&#8221; woodmart_disable_overflow=&#8221;0&#8243;][vc_row full_width=&#8221;stretch_row&#8221;<\/p>\n","protected":false},"author":1,"featured_media":0,"parent":8485,"menu_order":0,"comment_status":"closed","ping_status":"closed","template":"","meta":{"_joinchat":[],"footnotes":""},"class_list":["post-8286","page","type-page","status-publish","hentry"],"_links":{"self":[{"href":"https:\/\/soleyes.es\/sv\/wp-json\/wp\/v2\/pages\/8286","targetHints":{"allow":["GET"]}}],"collection":[{"href":"https:\/\/soleyes.es\/sv\/wp-json\/wp\/v2\/pages"}],"about":[{"href":"https:\/\/soleyes.es\/sv\/wp-json\/wp\/v2\/types\/page"}],"author":[{"embeddable":true,"href":"https:\/\/soleyes.es\/sv\/wp-json\/wp\/v2\/users\/1"}],"replies":[{"embeddable":true,"href":"https:\/\/soleyes.es\/sv\/wp-json\/wp\/v2\/comments?post=8286"}],"version-history":[{"count":4,"href":"https:\/\/soleyes.es\/sv\/wp-json\/wp\/v2\/pages\/8286\/revisions"}],"predecessor-version":[{"id":8290,"href":"https:\/\/soleyes.es\/sv\/wp-json\/wp\/v2\/pages\/8286\/revisions\/8290"}],"up":[{"embeddable":true,"href":"https:\/\/soleyes.es\/sv\/wp-json\/wp\/v2\/pages\/8485"}],"wp:attachment":[{"href":"https:\/\/soleyes.es\/sv\/wp-json\/wp\/v2\/media?parent=8286"}],"curies":[{"name":"wp","href":"https:\/\/api.w.org\/{rel}","templated":true}]}}