{"id":9595,"date":"2025-12-15T15:50:07","date_gmt":"2025-12-15T15:50:07","guid":{"rendered":"https:\/\/soleyes.es\/?page_id=9595"},"modified":"2025-12-15T18:28:15","modified_gmt":"2025-12-15T18:28:15","slug":"hinnasto","status":"publish","type":"page","link":"https:\/\/soleyes.es\/fi\/hinnasto\/","title":{"rendered":"Hinnasto"},"content":{"rendered":"<div class=\"wpb-content-wrapper\"><p>[vc_row content_placement=&#8221;top&#8221; css=&#8221;.vc_custom_1765814465631{margin-bottom: 40px !important;}&#8221; woodmart_css_id=&#8221;694030b843f3f&#8221; responsive_spacing=&#8221;eyJwYXJhbV90eXBlIjoid29vZG1hcnRfcmVzcG9uc2l2ZV9zcGFjaW5nIiwic2VsZWN0b3JfaWQiOiI2OTQwMzBiODQzZjNmIiwic2hvcnRjb2RlIjoidmNfcm93IiwiZGF0YSI6eyJ0YWJsZXQiOnt9LCJtb2JpbGUiOnsibWFyZ2luLWJvdHRvbSI6IjMwcHgifX19&#8243; mobile_bg_img_hidden=&#8221;no&#8221; tablet_bg_img_hidden=&#8221;no&#8221; woodmart_parallax=&#8221;0&#8243; woodmart_gradient_switch=&#8221;no&#8221; row_reverse_mobile=&#8221;0&#8243; row_reverse_tablet=&#8221;0&#8243; woodmart_disable_overflow=&#8221;0&#8243; woodmart_box_shadow=&#8221;no&#8221; wd_z_index=&#8221;no&#8221;][vc_column css=&#8221;.vc_custom_1765814250814{margin-bottom: 40px !important;}&#8221; offset=&#8221;vc_col-lg-7 vc_col-md-7&#8243; woodmart_css_id=&#8221;69402fd67f13c&#8221; responsive_spacing=&#8221;eyJwYXJhbV90eXBlIjoid29vZG1hcnRfcmVzcG9uc2l2ZV9zcGFjaW5nIiwic2VsZWN0b3JfaWQiOiI2OTQwMmZkNjdmMTNjIiwic2hvcnRjb2RlIjoidmNfY29sdW1uIiwiZGF0YSI6eyJ0YWJsZXQiOnt9LCJtb2JpbGUiOnt9fX0=&#8221; parallax_scroll=&#8221;no&#8221; mobile_bg_img_hidden=&#8221;no&#8221; tablet_bg_img_hidden=&#8221;no&#8221; woodmart_parallax=&#8221;0&#8243; woodmart_sticky_column=&#8221;false&#8221; mobile_reset_margin=&#8221;no&#8221; tablet_reset_margin=&#8221;no&#8221; wd_collapsible_content_switcher=&#8221;no&#8221; wd_column_role_offcanvas_desktop=&#8221;no&#8221; wd_column_role_offcanvas_tablet=&#8221;no&#8221; wd_column_role_offcanvas_mobile=&#8221;no&#8221; wd_column_role_content_desktop=&#8221;no&#8221; wd_column_role_content_tablet=&#8221;no&#8221; wd_column_role_content_mobile=&#8221;no&#8221; woodmart_box_shadow=&#8221;no&#8221; wd_z_index=&#8221;no&#8221;]\n\t\t<div id=\"wd-69402f979c9bd\" class=\"title-wrapper wd-wpb wd-set-mb reset-last-child  wd-rs-69402f979c9bd wd-title-color-default wd-title-style-underlined-2 text-left vc_custom_1765814220963 wd-underline-colored\">\n\t\t\t\n\t\t\t<div class=\"liner-continer\">\n\t\t\t\t<h1 class=\"woodmart-title-container title  wd-font-weight-600 wd-fontsize-xxl\" >Hinnasto \u2013 Silm\u00e4l\u00e4\u00e4k\u00e4ri ja silm\u00e4kirurgia<\/h1>\n\t\t\t\t\t\t\t<\/div>\n\t\t\t\n\t\t\t\n\t\t\t\n\t\t<\/div>\n\t\t\n\t\t[vc_column_text css=&#8221;&#8221; woodmart_inline=&#8221;no&#8221; text_larger=&#8221;no&#8221;]<\/p>\n<h2 id=\"silmalaakari\">Silm\u00e4l\u00e4\u00e4k\u00e4ri<\/h2>\n<h3>Silm\u00e4l\u00e4\u00e4k\u00e4rin tutkimus 90\u2013130\u20ac<\/h3>\n<h3>Leikkauksen esitutkimus 130\u20ac<\/h3>\n<p>* Leikkauksien hinnat sis\u00e4lt\u00e4v\u00e4t v\u00e4hint\u00e4\u00e4n kaksi j\u00e4lkitarkastusta.<\/p>\n<h2 id=\"jalkikaihi\">J\u00e4lkikaihin poisto<\/h2>\n<h3>J\u00e4lkikaihin poisto + konsultaatio 440\u20ac<\/h3>\n<h2 id=\"linssileikkaus\">Linssileikkaus (kaihi- ja ik\u00e4n\u00e4k\u00f6leikkaukset)<\/h2>\n<h3>1-teho\/silm\u00e4 alk. 1650\u20ac<\/h3>\n<h3>2-teho (Edof)\/silm\u00e4 alk. 2050\u20ac<\/h3>\n<h3>3-teho (moniteho)\/silm\u00e4 alk. 2450\u20ac<\/h3>\n<p>* leikkauksessa vaadittava anestesial\u00e4\u00e4k\u00e4ri 125\u20ac\/silm\u00e4<\/p>\n<h2 id=\"laserleikkaus\">Laserleikkaus<\/h2>\n<h3>PRK\/Lasik 990\u20ac\/silm\u00e4<\/h3>\n<h2 id=\"silmaluomi\">Silm\u00e4luomileikkaus<\/h2>\n<h3>Yl\u00e4luomileikkaus alk. 2100\u20ac<\/h3>\n<p>Teemme monenlaisia silm\u00e4luomioperaatioita, voit kysy\u00e4 meilt\u00e4 tarkempia tietoja<\/p>\n<h2>KELA-korvaukset ulkomailla<\/h2>\n<p>Voit hakeutua sairaanhoitoon toiseen EU- tai Eta-maahan, Sveitsiin tai Isoon-Britanniaan ja saada Kelasta korvausta hoitosi kustannuksista. Asiakkaamme ovat saaneet korvausta esimerkiksi silm\u00e4l\u00e4\u00e4k\u00e4rin vastaanottokuluista sek\u00e4 kaihi- ja verkkokalvoleikkauksista. Korvaussummat voivat vaihdella hyvinvointialueittain. Suosittelemme asiakkaan selvitt\u00e4m\u00e4\u00e4n itse mahdollisen korvaussumman. Sol Eyes klinikalla ei ole suoraveloitusta Kelan kanssa, emmek\u00e4 voi taata korvaussummia.<\/p>\n<p>Lis\u00e4\u00e4 tietoa klikkaamalla: <a href=\"https:\/\/www.kela.fi\/hoitoon-hakeutuminen-ulkomaille-tai-suomeen#hoitoon-hakeutuminen-ulkomaille1\" target=\"_blank\" rel=\"noopener\">https:\/\/www.kela.fi\/hoitoon-hakeutuminen-ulkomaille-tai-suomeen#hoitoon-hakeutuminen-ulkomaille1\u00a0<\/a><!-- (Opcional, sin cambiar texto) Secci\u00f3n final de contacto\/CTA si ya la tienes en tu plantilla -->[\/vc_column_text][\/vc_column][vc_column vertical_alignment=&#8221;eyJkZXZpY2VzIjp7ImRlc2t0b3AiOnsidmFsdWUiOiJmbGV4LXN0YXJ0In0sInRhYmxldCI6eyJ2YWx1ZSI6IiJ9LCJtb2JpbGUiOnsidmFsdWUiOiIifX19&#8243; woodmart_bg_position=&#8221;right-center&#8221; css=&#8221;.vc_custom_1765814440956{margin-bottom: 30px !important;padding-top: 0px !important;padding-right: 8% !important;padding-left: 8% !important;background-image: url(https:\/\/soleyes.es\/wp-content\/uploads\/2025\/12\/books-quotes.svg?id=) !important;background-position: 0 0 !important;background-repeat: no-repeat !important;}&#8221; offset=&#8221;vc_col-lg-5 vc_col-md-5&#8243; woodmart_css_id=&#8221;6940308fd2308&#8243; responsive_spacing=&#8221;eyJwYXJhbV90eXBlIjoid29vZG1hcnRfcmVzcG9uc2l2ZV9zcGFjaW5nIiwic2VsZWN0b3JfaWQiOiI2OTQwMzA4ZmQyMzA4Iiwic2hvcnRjb2RlIjoidmNfY29sdW1uIiwiZGF0YSI6eyJ0YWJsZXQiOnt9LCJtb2JpbGUiOnt9fX0=&#8221; parallax_scroll=&#8221;no&#8221; mobile_bg_img_hidden=&#8221;no&#8221; tablet_bg_img_hidden=&#8221;no&#8221; woodmart_parallax=&#8221;0&#8243; woodmart_sticky_column=&#8221;false&#8221; mobile_reset_margin=&#8221;no&#8221; tablet_reset_margin=&#8221;no&#8221; wd_collapsible_content_switcher=&#8221;no&#8221; wd_column_role_offcanvas_desktop=&#8221;no&#8221; wd_column_role_offcanvas_tablet=&#8221;no&#8221; wd_column_role_offcanvas_mobile=&#8221;no&#8221; wd_column_role_content_desktop=&#8221;no&#8221; wd_column_role_content_tablet=&#8221;no&#8221; wd_column_role_content_mobile=&#8221;no&#8221; woodmart_box_shadow=&#8221;no&#8221; wd_z_index=&#8221;no&#8221;]\t\t<div id=\"wd-6940318ea7f80\" class=\"wd-image wd-wpb wd-rs-6940318ea7f80 text-center vc_custom_1765814673794\">\n\t\t\t\n\t\t\t<img loading=\"lazy\" decoding=\"async\" width=\"1024\" height=\"576\" src=\"https:\/\/soleyes.es\/wp-content\/uploads\/2025\/12\/PetriOksman.jpeg\" class=\"attachment-full size-full\" alt=\"Soleyes t\u00e4ht\u00e4\u00e4 korkeaan laatuun\" srcset=\"https:\/\/soleyes.es\/wp-content\/uploads\/2025\/12\/PetriOksman.jpeg 1024w, https:\/\/soleyes.es\/wp-content\/uploads\/2025\/12\/PetriOksman-400x225.jpeg 400w, https:\/\/soleyes.es\/wp-content\/uploads\/2025\/12\/PetriOksman-768x432.jpeg 768w\" sizes=\"auto, (max-width: 1024px) 100vw, 1024px\" title=\"\">\n\t\t\t\t\t<\/div>\n\t\t[vc_empty_space woodmart_hide_large=&#8221;0&#8243; woodmart_hide_medium=&#8221;0&#8243; woodmart_hide_small=&#8221;0&#8243;]\t\t<div id=\"wd-6940317f771d9\" class=\"wd-image wd-wpb wd-rs-6940317f771d9 text-center vc_custom_1765814668000\">\n\t\t\t\n\t\t\t<img loading=\"lazy\" decoding=\"async\" width=\"600\" height=\"600\" src=\"https:\/\/soleyes.es\/wp-content\/uploads\/2023\/02\/1.jpg\" class=\"attachment-full size-full\" alt=\"Dr. Antonio Soler revisando patolog\u00edas oculares\" srcset=\"https:\/\/soleyes.es\/wp-content\/uploads\/2023\/02\/1.jpg 600w, https:\/\/soleyes.es\/wp-content\/uploads\/2023\/02\/1-300x300.jpg 300w, https:\/\/soleyes.es\/wp-content\/uploads\/2023\/02\/1-150x150.jpg 150w, https:\/\/soleyes.es\/wp-content\/uploads\/2023\/02\/1-430x430.jpg 430w\" sizes=\"auto, (max-width: 600px) 100vw, 600px\" title=\"\">\n\t\t\t\t\t<\/div>\n\t\t[vc_empty_space woodmart_hide_large=&#8221;0&#8243; woodmart_hide_medium=&#8221;0&#8243; woodmart_hide_small=&#8221;0&#8243;][vc_empty_space woodmart_hide_large=&#8221;0&#8243; woodmart_hide_medium=&#8221;0&#8243; woodmart_hide_small=&#8221;0&#8243;]\t\t<div id=\"wd-69403199af67a\" class=\"wd-image wd-wpb wd-rs-69403199af67a text-center vc_custom_1765814688507\">\n\t\t\t\n\t\t\t<img loading=\"lazy\" decoding=\"async\" width=\"2560\" height=\"1517\" src=\"https:\/\/soleyes.es\/wp-content\/uploads\/2021\/08\/nuestra-clinica-scaled.jpg\" class=\"attachment-full size-full\" alt=\"\" srcset=\"https:\/\/soleyes.es\/wp-content\/uploads\/2021\/08\/nuestra-clinica-scaled.jpg 2560w, https:\/\/soleyes.es\/wp-content\/uploads\/2021\/08\/nuestra-clinica-400x237.jpg 400w, https:\/\/soleyes.es\/wp-content\/uploads\/2021\/08\/nuestra-clinica-1300x770.jpg 1300w, https:\/\/soleyes.es\/wp-content\/uploads\/2021\/08\/nuestra-clinica-768x455.jpg 768w, https:\/\/soleyes.es\/wp-content\/uploads\/2021\/08\/nuestra-clinica-1536x910.jpg 1536w, https:\/\/soleyes.es\/wp-content\/uploads\/2021\/08\/nuestra-clinica-2048x1214.jpg 2048w, https:\/\/soleyes.es\/wp-content\/uploads\/2021\/08\/nuestra-clinica-860x510.jpg 860w, https:\/\/soleyes.es\/wp-content\/uploads\/2021\/08\/nuestra-clinica-430x255.jpg 430w, https:\/\/soleyes.es\/wp-content\/uploads\/2021\/08\/nuestra-clinica-700x415.jpg 700w, https:\/\/soleyes.es\/wp-content\/uploads\/2021\/08\/nuestra-clinica-150x89.jpg 150w\" sizes=\"auto, (max-width: 2560px) 100vw, 2560px\" title=\"\">\n\t\t\t\t\t<\/div>\n\t\t[\/vc_column][\/vc_row]<\/p>\n<\/div>","protected":false},"excerpt":{"rendered":"<p>[vc_row content_placement=&#8221;top&#8221; css=&#8221;.vc_custom_1765814465631{margin-bottom: 40px !important;}&#8221; woodmart_css_id=&#8221;694030b843f3f&#8221; responsive_spacing=&#8221;eyJwYXJhbV90eXBlIjoid29vZG1hcnRfcmVzcG9uc2l2ZV9zcGFjaW5nIiwic2VsZWN0b3JfaWQiOiI2OTQwMzBiODQzZjNmIiwic2hvcnRjb2RlIjoidmNfcm93IiwiZGF0YSI6eyJ0YWJsZXQiOnt9LCJtb2JpbGUiOnsibWFyZ2luLWJvdHRvbSI6IjMwcHgifX19&#8243; mobile_bg_img_hidden=&#8221;no&#8221; tablet_bg_img_hidden=&#8221;no&#8221; woodmart_parallax=&#8221;0&#8243; woodmart_gradient_switch=&#8221;no&#8221; row_reverse_mobile=&#8221;0&#8243; row_reverse_tablet=&#8221;0&#8243; woodmart_disable_overflow=&#8221;0&#8243; woodmart_box_shadow=&#8221;no&#8221; wd_z_index=&#8221;no&#8221;][vc_column css=&#8221;.vc_custom_1765814250814{margin-bottom: 40px !important;}&#8221; offset=&#8221;vc_col-lg-7<\/p>\n","protected":false},"author":1,"featured_media":0,"parent":0,"menu_order":0,"comment_status":"closed","ping_status":"closed","template":"","meta":{"_joinchat":[],"footnotes":""},"class_list":["post-9595","page","type-page","status-publish","hentry"],"_links":{"self":[{"href":"https:\/\/soleyes.es\/fi\/wp-json\/wp\/v2\/pages\/9595","targetHints":{"allow":["GET"]}}],"collection":[{"href":"https:\/\/soleyes.es\/fi\/wp-json\/wp\/v2\/pages"}],"about":[{"href":"https:\/\/soleyes.es\/fi\/wp-json\/wp\/v2\/types\/page"}],"author":[{"embeddable":true,"href":"https:\/\/soleyes.es\/fi\/wp-json\/wp\/v2\/users\/1"}],"replies":[{"embeddable":true,"href":"https:\/\/soleyes.es\/fi\/wp-json\/wp\/v2\/comments?post=9595"}],"version-history":[{"count":10,"href":"https:\/\/soleyes.es\/fi\/wp-json\/wp\/v2\/pages\/9595\/revisions"}],"predecessor-version":[{"id":9609,"href":"https:\/\/soleyes.es\/fi\/wp-json\/wp\/v2\/pages\/9595\/revisions\/9609"}],"wp:attachment":[{"href":"https:\/\/soleyes.es\/fi\/wp-json\/wp\/v2\/media?parent=9595"}],"curies":[{"name":"wp","href":"https:\/\/api.w.org\/{rel}","templated":true}]}}