{"id":8780,"date":"2023-02-21T18:43:05","date_gmt":"2023-02-21T18:43:05","guid":{"rendered":"https:\/\/soleyes.eu\/?page_id=8780"},"modified":"2023-02-21T18:44:29","modified_gmt":"2023-02-21T18:44:29","slug":"evasteet","status":"publish","type":"page","link":"https:\/\/soleyes.es\/fi\/evasteet\/","title":{"rendered":"Ev\u00e4steet"},"content":{"rendered":"<p>K\u00e4yt\u00e4mme ev\u00e4steit\u00e4 varmistaaksemme, ett\u00e4 annamme sinulle parhaan mahdollisen kokemuksen verkkosivustollamme. Jos jatkat t\u00e4m\u00e4n sivuston k\u00e4ytt\u00f6\u00e4, oletetaan, ett\u00e4 olet tyytyv\u00e4inen siihen.<\/p>\n","protected":false},"excerpt":{"rendered":"<p>K\u00e4yt\u00e4mme ev\u00e4steit\u00e4 varmistaaksemme, ett\u00e4 annamme sinulle parhaan mahdollisen kokemuksen verkkosivustollamme. Jos jatkat t\u00e4m\u00e4n sivuston k\u00e4ytt\u00f6\u00e4, oletetaan, ett\u00e4 olet tyytyv\u00e4inen siihen.<\/p>\n","protected":false},"author":1,"featured_media":0,"parent":0,"menu_order":0,"comment_status":"closed","ping_status":"closed","template":"","meta":{"_joinchat":[],"footnotes":""},"class_list":["post-8780","page","type-page","status-publish","hentry"],"_links":{"self":[{"href":"https:\/\/soleyes.es\/fi\/wp-json\/wp\/v2\/pages\/8780","targetHints":{"allow":["GET"]}}],"collection":[{"href":"https:\/\/soleyes.es\/fi\/wp-json\/wp\/v2\/pages"}],"about":[{"href":"https:\/\/soleyes.es\/fi\/wp-json\/wp\/v2\/types\/page"}],"author":[{"embeddable":true,"href":"https:\/\/soleyes.es\/fi\/wp-json\/wp\/v2\/users\/1"}],"replies":[{"embeddable":true,"href":"https:\/\/soleyes.es\/fi\/wp-json\/wp\/v2\/comments?post=8780"}],"version-history":[{"count":1,"href":"https:\/\/soleyes.es\/fi\/wp-json\/wp\/v2\/pages\/8780\/revisions"}],"predecessor-version":[{"id":8781,"href":"https:\/\/soleyes.es\/fi\/wp-json\/wp\/v2\/pages\/8780\/revisions\/8781"}],"wp:attachment":[{"href":"https:\/\/soleyes.es\/fi\/wp-json\/wp\/v2\/media?parent=8780"}],"curies":[{"name":"wp","href":"https:\/\/api.w.org\/{rel}","templated":true}]}}