{"id":8537,"date":"2022-12-24T10:26:49","date_gmt":"2022-12-24T10:26:49","guid":{"rendered":"https:\/\/soleyes.eu\/?page_id=8537"},"modified":"2025-01-12T17:18:09","modified_gmt":"2025-01-12T17:18:09","slug":"silman-sairauksia","status":"publish","type":"page","link":"https:\/\/soleyes.es\/fi\/silman-sairauksia\/","title":{"rendered":"Silm\u00e4n sairauksia"},"content":{"rendered":"<div class=\"wpb-content-wrapper\"><p>[vc_row mobile_bg_img_hidden=&#8221;no&#8221; tablet_bg_img_hidden=&#8221;no&#8221; woodmart_parallax=&#8221;0&#8243; woodmart_gradient_switch=&#8221;no&#8221; row_reverse_mobile=&#8221;0&#8243; row_reverse_tablet=&#8221;0&#8243; woodmart_disable_overflow=&#8221;0&#8243;][vc_column offset=&#8221;vc_hidden-sm vc_hidden-xs&#8221; mobile_bg_img_hidden=&#8221;no&#8221; tablet_bg_img_hidden=&#8221;no&#8221; woodmart_parallax=&#8221;0&#8243; woodmart_sticky_column=&#8221;false&#8221; parallax_scroll=&#8221;no&#8221; mobile_reset_margin=&#8221;no&#8221; tablet_reset_margin=&#8221;no&#8221;][vc_raw_html]JTVCcmFua19tYXRoX2JyZWFkY3J1bWIlNUQ=[\/vc_raw_html][\/vc_column][\/vc_row][vc_section full_width=&#8221;stretch_row&#8221; css=&#8221;.vc_custom_1671261486831{padding-top: 0px !important;}&#8221; mobile_bg_img_hidden=&#8221;no&#8221; tablet_bg_img_hidden=&#8221;no&#8221; woodmart_parallax=&#8221;0&#8243; woodmart_gradient_switch=&#8221;no&#8221; woodmart_disable_overflow=&#8221;0&#8243; woodmart_css_id=&#8221;639d6d2228b87&#8243; responsive_spacing=&#8221;eyJwYXJhbV90eXBlIjoid29vZG1hcnRfcmVzcG9uc2l2ZV9zcGFjaW5nIiwic2VsZWN0b3JfaWQiOiI2MzlkNmQyMjI4Yjg3Iiwic2hvcnRjb2RlIjoidmNfc2VjdGlvbiIsImRhdGEiOnsidGFibGV0Ijp7fSwibW9iaWxlIjp7fX19&#8243; woodmart_box_shadow=&#8221;no&#8221; wd_z_index=&#8221;no&#8221;][vc_row full_width=&#8221;stretch_row&#8221; content_placement=&#8221;middle&#8221; woodmart_bg_position=&#8221;right-bottom&#8221; mobile_bg_img_hidden=&#8221;yes&#8221; tablet_bg_img_hidden=&#8221;no&#8221; woodmart_parallax=&#8221;0&#8243; woodmart_gradient_switch=&#8221;no&#8221; row_reverse_mobile=&#8221;1&#8243; row_reverse_tablet=&#8221;0&#8243; woodmart_disable_overflow=&#8221;0&#8243; css=&#8221;.vc_custom_1671274993021{margin-top: 0px !important;margin-bottom: 6vh !important;background-position: 0 0 !important;background-repeat: no-repeat !important;}&#8221; woodmart_css_id=&#8221;639da1e75ecc2&#8243; responsive_spacing=&#8221;eyJwYXJhbV90eXBlIjoid29vZG1hcnRfcmVzcG9uc2l2ZV9zcGFjaW5nIiwic2VsZWN0b3JfaWQiOiI2MzlkYTFlNzVlY2MyIiwic2hvcnRjb2RlIjoidmNfcm93IiwiZGF0YSI6eyJ0YWJsZXQiOnt9LCJtb2JpbGUiOnt9fX0=&#8221; woodmart_box_shadow=&#8221;no&#8221; wd_z_index=&#8221;no&#8221;][vc_column css=&#8221;.vc_custom_1586509770404{margin-bottom: 4vh !important;padding-top: 0px !important;}&#8221; mobile_bg_img_hidden=&#8221;no&#8221; tablet_bg_img_hidden=&#8221;no&#8221; woodmart_parallax=&#8221;0&#8243; woodmart_sticky_column=&#8221;false&#8221; parallax_scroll=&#8221;no&#8221; mobile_reset_margin=&#8221;no&#8221; tablet_reset_margin=&#8221;no&#8221; offset=&#8221;vc_col-lg-6 vc_col-md-6&#8243;][vc_single_image image=&#8221;8544&#8243; img_size=&#8221;full&#8221; css=&#8221;.vc_custom_1676912645564{margin-bottom: 0px !important;margin-left: 40px !important;}&#8221; parallax_scroll=&#8221;no&#8221; woodmart_inline=&#8221;no&#8221;][\/vc_column][vc_column width=&#8221;5\/6&#8243; woodmart_bg_position=&#8221;right-bottom&#8221; css=&#8221;.vc_custom_1607067448502{margin-top: 0px !important;margin-bottom: 4vh !important;margin-left: 7% !important;padding-top: 25px !important;}&#8221; mobile_bg_img_hidden=&#8221;no&#8221; tablet_bg_img_hidden=&#8221;no&#8221; woodmart_parallax=&#8221;0&#8243; woodmart_sticky_column=&#8221;false&#8221; parallax_scroll=&#8221;no&#8221; mobile_reset_margin=&#8221;no&#8221; tablet_reset_margin=&#8221;no&#8221; offset=&#8221;vc_col-lg-offset-0 vc_col-lg-6 vc_col-md-6 vc_col-xs-12&#8243;]\n\t\t<div id=\"wd-6783f94320d9b\" class=\"title-wrapper wd-wpb wd-set-mb reset-last-child  wd-rs-6783f94320d9b wd-title-color-alt wd-title-style-underlined-2 text-left vc_custom_1736702282490 wd-width-enabled wd-underline-colored\" style=\"--wd-max-width: 80%;\">\n\t\t\t\t\t\t\t\n\t\t\t\t<div class=\"title-subtitle  subtitle-color-alt font-default subtitle-style-default wd-font-weight- wd-fontsize-xs\">Silm\u00e4n sairauksia Fuengirolassa, Malagassa<\/div>\n\t\t\t\n\t\t\t<div class=\"liner-continer\">\n\t\t\t\t<h1 class=\"woodmart-title-container title  wd-font-weight- wd-fontsize-xxl\" >Silm\u00e4n sairauksia<\/h1>\n\t\t\t\t\t\t\t<\/div>\n\t\t\t\n\t\t\t\n\t\t\t\n\t\t<\/div>\n\t\t\n\t\t\t\t\t<div id=\"wd-63f3a4d086eac\" class=\"wd-text-block-wrapper wd-wpb wd-rs-63f3a4d086eac color-scheme- text-left wd-width-enabled vc_custom_1676911835715\" style=\"--wd-max-width: 90%;\">\n\t\t\t\t<div class=\"woodmart-title-container woodmart-text-block reset-last-child font-text wd-font-weight-400 \">\n\t\t\t\t\tJo varhaisessa i\u00e4ss\u00e4 voi tietyt tekij\u00e4t aiheuttaa sairauksia silmiin. N\u00e4it\u00e4 ovat mm vammat, perim\u00e4, l\u00e4\u00e4kitys, ik\u00e4\u00e4ntyminen, altistuminen s\u00e4teilylle. On eritt\u00e4in t\u00e4rke\u00e4\u00e4 l\u00f6yt\u00e4\u00e4 n\u00e4m\u00e4 piilev\u00e4t sairaudet varhaisessa vaiheessa. N\u00e4iden tutkimiseen k\u00e4ytet\u00e4\u00e4n n\u00e4k\u00f6kentt\u00e4tutkimusta ja tietokonekuvauksia. Pelkk\u00e4 silm\u00e4npaineen mittaaminen ei riit\u00e4, usein glaukoomapotilailla paine on normaalin rajoissa. Yleens\u00e4 glaukooman ennuste on hyv\u00e4 jos se on l\u00f6ydetty ja hoidettu varhaisessa vaiheessa. Suosittelemme s\u00e4\u00e4nn\u00f6llisi\u00e4 tutkimuksia silm\u00e4l\u00e4\u00e4k\u00e4rin vastaanotolla silla oireet n\u00e4k\u00f6\u00e4 heikent\u00e4viin sairauksiin voivat vaihdella suuresti.<br \/>\nLis\u00e4ksi jotkut n\u00e4k\u00f6oireet voivat olla vaarallisia ja johtaa pahimmillaan sokeuteen ja vahingoittaa silm\u00e4\u00e4 pysyv\u00e4sti. N\u00e4iss\u00e4 tapauksissa on hoitoon hakeuduttava v\u00e4litt\u00f6m\u00e4sti. Perusteellisella silmien tutkimuksella voi olla suuri vaikutus n\u00e4k\u00f6\u00f6si ja my\u00f6s terveyteesi.<br \/>\nT\u00e4lle sivulle olemme koonneet yleisimpi\u00e4 silm\u00e4oireita. Mutta jos tunnet kipua silm\u00e4ss\u00e4, n\u00e4et v\u00e4l\u00e4hdyksi\u00e4 tai mustia pisteit\u00e4 n\u00e4k\u00f6kent\u00e4ss\u00e4, on sinun k\u00e4\u00e4nnytt\u00e4v\u00e4 asiantuntijan puoleen.\t\t\t\t<\/div>\n\n\t\t\t\t\t\t\t<\/div>\n\t\t<div id=\"wd-63f3adf436cb9\" class=\" wd-rs-63f3adf436cb9  wd-button-wrapper text-left\"><a href=\"https:\/\/soleyes.es\/fi\/online-ajanvaraus\/\" title=\"Online ajanvaraus\" class=\"btn btn-color-primary btn-style-default btn-shape-rectangle btn-size-default\">ONLINE AJANVARAUS<\/a><\/div>[\/vc_column][\/vc_row][\/vc_section][vc_section full_width=&#8221;stretch_row&#8221; woodmart_gradient_switch=&#8221;no&#8221; css=&#8221;.vc_custom_1671714690641{margin-bottom: 8vh !important;background-color: #0d91e2 !important;}&#8221; mobile_bg_img_hidden=&#8221;no&#8221; tablet_bg_img_hidden=&#8221;no&#8221; woodmart_parallax=&#8221;0&#8243; woodmart_disable_overflow=&#8221;0&#8243; woodmart_css_id=&#8221;63a4575a5e55a&#8221; responsive_spacing=&#8221;eyJwYXJhbV90eXBlIjoid29vZG1hcnRfcmVzcG9uc2l2ZV9zcGFjaW5nIiwic2VsZWN0b3JfaWQiOiI2M2E0NTc1YTVlNTVhIiwic2hvcnRjb2RlIjoidmNfc2VjdGlvbiIsImRhdGEiOnsidGFibGV0Ijp7fSwibW9iaWxlIjp7fX19&#8243; woodmart_box_shadow=&#8221;no&#8221; wd_z_index=&#8221;no&#8221;][vc_row full_width=&#8221;stretch_row&#8221; equal_height=&#8221;yes&#8221; content_placement=&#8221;top&#8221; css=&#8221;.vc_custom_1672164764689{padding-top: 8vh !important;padding-bottom: 4vh !important;}&#8221; mobile_bg_img_hidden=&#8221;no&#8221; tablet_bg_img_hidden=&#8221;no&#8221; woodmart_parallax=&#8221;0&#8243; woodmart_gradient_switch=&#8221;no&#8221; row_reverse_mobile=&#8221;0&#8243; row_reverse_tablet=&#8221;0&#8243; woodmart_disable_overflow=&#8221;0&#8243; woodmart_css_id=&#8221;63ab35966e68a&#8221; responsive_spacing=&#8221;eyJwYXJhbV90eXBlIjoid29vZG1hcnRfcmVzcG9uc2l2ZV9zcGFjaW5nIiwic2VsZWN0b3JfaWQiOiI2M2FiMzU5NjZlNjhhIiwic2hvcnRjb2RlIjoidmNfcm93IiwiZGF0YSI6eyJ0YWJsZXQiOnt9LCJtb2JpbGUiOnt9fX0=&#8221; woodmart_box_shadow=&#8221;no&#8221; wd_z_index=&#8221;no&#8221;][vc_column css_animation=&#8221;wd-slide-from-bottom&#8221; woodmart_color_scheme=&#8221;light&#8221; css=&#8221;.vc_custom_1607068638011{margin-bottom: 4vh !important;padding-right: 10% !important;padding-left: 10% !important;}&#8221; offset=&#8221;vc_col-lg-6 vc_col-md-12&#8243; woodmart_parallax=&#8221;0&#8243; parallax_scroll=&#8221;no&#8221; woodmart_sticky_column=&#8221;false&#8221; mobile_bg_img_hidden=&#8221;no&#8221; tablet_bg_img_hidden=&#8221;no&#8221; el_class=&#8221;h4-br-no-movil&#8221; mobile_reset_margin=&#8221;no&#8221; tablet_reset_margin=&#8221;no&#8221;]\n\t\t<div id=\"wd-63f3a6281a122\" class=\"title-wrapper wd-wpb wd-set-mb reset-last-child  wd-rs-63f3a6281a122 wd-title-color-default wd-title-style-default text-left vc_custom_1676912173296 wd-underline-colored\">\n\t\t\t\t\t\t\t\n\t\t\t\t<div class=\"title-subtitle  subtitle-color-default font-default subtitle-style-default wd-font-weight-600 wd-fontsize-xs\">RATKAISU JOKAISEEN TARPEESEEN<\/div>\n\t\t\t\n\t\t\t<div class=\"liner-continer\">\n\t\t\t\t<h4 class=\"woodmart-title-container title  wd-font-weight-500 wd-fontsize-l\" >Silm\u00e4sairauksia<\/h4>\n\t\t\t\t\t\t\t<\/div>\n\t\t\t\n\t\t\t\n\t\t\t\n\t\t<\/div>\n\t\t\n\t\t[vc_row_inner][vc_column_inner width=&#8221;1\/2&#8243;]\t\t\t<div class=\"info-box-wrapper\">\n\t\t\t\t<div id=\"wd-63f51c7f4bccd\" class=\" wd-rs-63f51c7f4bccd wd-info-box wd-wpb text-left box-icon-align-left box-style- color-scheme-light wd-bg-none wd-items-top with-btn box-btn-static \">\n\t\t\t\t\t\t\t\t\t\t\t<div class=\"box-icon-wrapper  box-with-text text-size-default box-icon-simple\">\n\t\t\t\t\t\t\t<div class=\"info-box-icon\">\n\n\t\t\t\t\t\t\t\t\t\t\t\t\t\t\t1.\t\t\t\t\t\t\t\n\t\t\t\t\t\t\t<\/div>\n\t\t\t\t\t\t<\/div>\n\t\t\t\t\t\t\t\t\t\t<div class=\"info-box-content\">\n\t\t\t\t\t\t<h4 class=\"info-box-title title box-title-style-default wd-fontsize-m\">Glaukooma eli silm\u00e4npainetauti.<\/h4>\t\t\t\t\t\t<div class=\"info-box-inner reset-last-child\"><p>Sairaus on oireeton, t\u00e4ss\u00e4 n\u00e4k\u00f6hermon vaurio saa aikaan n\u00e4k\u00f6kentt\u00e4puutosta. Hoitamattomana se voi johtaa n\u00e4\u00f6n menetykseen<\/p>\n<\/div>\n\n\t\t\t\t\t\t<div class=\"info-btn-wrapper\"><div id=\"wd-69f295b4b02a6\" class=\"  wd-button-wrapper text-left\"><a href=\"https:\/\/soleyes.es\/fi\/silman-sairauksia\/glaukooma\/\" title=\"Glaukooma\" class=\"btn btn-color-white btn-style-link btn-shape-rectangle btn-size-default\">Lue lis\u00e4\u00e4<\/a><\/div><\/div>\t\t\t\t\t<\/div>\n\n\t\t\t\t\t\n\t\t\t\t\t<style><\/style>\t\t\t\t<\/div>\n\t\t\t<\/div>\n\t\t[\/vc_column_inner][vc_column_inner width=&#8221;1\/2&#8243;]\t\t\t<div class=\"info-box-wrapper\">\n\t\t\t\t<div id=\"wd-63f51cbfded37\" class=\" wd-rs-63f51cbfded37 wd-info-box wd-wpb text-left box-icon-align-left box-style- color-scheme-light wd-bg-none wd-items-top \">\n\t\t\t\t\t\t\t\t\t\t\t<div class=\"box-icon-wrapper  box-with-text text-size-default box-icon-simple\">\n\t\t\t\t\t\t\t<div class=\"info-box-icon\">\n\n\t\t\t\t\t\t\t\t\t\t\t\t\t\t\t2.\t\t\t\t\t\t\t\n\t\t\t\t\t\t\t<\/div>\n\t\t\t\t\t\t<\/div>\n\t\t\t\t\t\t\t\t\t\t<div class=\"info-box-content\">\n\t\t\t\t\t\t<h4 class=\"info-box-title title box-title-style-default wd-fontsize-m\">Keratoconus eli sarveiskalvon kartiopullistuma<\/h4>\t\t\t\t\t\t<div class=\"info-box-inner reset-last-child\"><p>Keratokonus on sarveiskalvoa rappeuttava sairaus. Sairaus aiheuttaa sarveiskalvon ohentumista ja muodonmuutosta. Kudos menett\u00e4\u00e4 rakenteellista lujuutta ja muuttaa optista n\u00e4kemist\u00e4 ja silm\u00e4n taittovoimaa.<\/p>\n<\/div>\n\n\t\t\t\t\t\t\t\t\t\t\t<\/div>\n\n\t\t\t\t\t\n\t\t\t\t\t<style><\/style>\t\t\t\t<\/div>\n\t\t\t<\/div>\n\t\t[\/vc_column_inner][\/vc_row_inner][vc_row_inner][vc_column_inner width=&#8221;1\/2&#8243;]\t\t\t<div class=\"info-box-wrapper\">\n\t\t\t\t<div id=\"wd-63f3aa6656f51\" class=\" wd-rs-63f3aa6656f51 wd-info-box wd-wpb text-left box-icon-align-left box-style- color-scheme-light wd-bg-none wd-items-top \">\n\t\t\t\t\t\t\t\t\t\t\t<div class=\"box-icon-wrapper  box-with-text text-size-default box-icon-simple\">\n\t\t\t\t\t\t\t<div class=\"info-box-icon\">\n\n\t\t\t\t\t\t\t\t\t\t\t\t\t\t\t3.\t\t\t\t\t\t\t\n\t\t\t\t\t\t\t<\/div>\n\t\t\t\t\t\t<\/div>\n\t\t\t\t\t\t\t\t\t\t<div class=\"info-box-content\">\n\t\t\t\t\t\t<h4 class=\"info-box-title title box-title-style-default wd-fontsize-m\">Silm\u00e4npohjan rappeuma<\/h4>\t\t\t\t\t\t<div class=\"info-box-inner reset-last-child\"><p>Silm\u00e4npohjan rappeumassa sairaus vaikuttaa silm\u00e4n takaosaan, silm\u00e4npohjaan. Verkkokalvon rakenne vaurioituu. Varhainen oireiden ilmaantuessa diagnostiikka ja hoidot ovat hyvin t\u00e4rkeit\u00e4.<\/p>\n<\/div>\n\n\t\t\t\t\t\t\t\t\t\t\t<\/div>\n\n\t\t\t\t\t\n\t\t\t\t\t<style><\/style>\t\t\t\t<\/div>\n\t\t\t<\/div>\n\t\t[\/vc_column_inner][vc_column_inner width=&#8221;1\/2&#8243;]\t\t\t<div class=\"info-box-wrapper\">\n\t\t\t\t<div id=\"wd-63f51cd98116a\" class=\" wd-rs-63f51cd98116a wd-info-box wd-wpb text-left box-icon-align-left box-style- color-scheme-light wd-bg-none wd-items-top with-btn box-btn-static \">\n\t\t\t\t\t\t\t\t\t\t\t<div class=\"box-icon-wrapper  box-with-text text-size-default box-icon-simple\">\n\t\t\t\t\t\t\t<div class=\"info-box-icon\">\n\n\t\t\t\t\t\t\t\t\t\t\t\t\t\t\t4.\t\t\t\t\t\t\t\n\t\t\t\t\t\t\t<\/div>\n\t\t\t\t\t\t<\/div>\n\t\t\t\t\t\t\t\t\t\t<div class=\"info-box-content\">\n\t\t\t\t\t\t<h4 class=\"info-box-title title box-title-style-default wd-fontsize-m\">Diabeettinen retinopat\u00eda eli silm\u00e4npohjan muutokset johtuen sokeritaudista<\/h4>\t\t\t\t\t\t<div class=\"info-box-inner reset-last-child\"><p>Diabetes voi aiheuttaa muutoksia silm\u00e4npohjiin, diabeettista retinopatiaa. T\u00e4m\u00e4 on vaikuttaa n\u00e4k\u00f6kykyyn. Diabetest\u00e4 sairastavan henkil\u00f6n tulisi k\u00e4yd\u00e4 s\u00e4\u00e4nn\u00f6llisesti tutkituttamassa silm\u00e4npohjat.<\/p>\n<\/div>\n\n\t\t\t\t\t\t<div class=\"info-btn-wrapper\"><div id=\"wd-69f295b4b0458\" class=\"  wd-button-wrapper text-left\"><a href=\"https:\/\/soleyes.es\/fi\/silman-sairauksia\/retinopatia\/\" title=\"Retinopatia\" class=\"btn btn-color-white btn-style-link btn-shape-rectangle btn-size-default\">Lue lis\u00e4\u00e4<\/a><\/div><\/div>\t\t\t\t\t<\/div>\n\n\t\t\t\t\t\n\t\t\t\t\t<style><\/style>\t\t\t\t<\/div>\n\t\t\t<\/div>\n\t\t[\/vc_column_inner][\/vc_row_inner][vc_row_inner][vc_column_inner]\t\t\t<div class=\"info-box-wrapper\">\n\t\t\t\t<div id=\"wd-63f3aad85901c\" class=\" wd-rs-63f3aad85901c wd-info-box wd-wpb text-left box-icon-align-left box-style- color-scheme-light wd-bg-none wd-items-top \">\n\t\t\t\t\t\t\t\t\t\t\t<div class=\"box-icon-wrapper  box-with-text text-size-default box-icon-simple\">\n\t\t\t\t\t\t\t<div class=\"info-box-icon\">\n\n\t\t\t\t\t\t\t\t\t\t\t\t\t\t\t5.\t\t\t\t\t\t\t\n\t\t\t\t\t\t\t<\/div>\n\t\t\t\t\t\t<\/div>\n\t\t\t\t\t\t\t\t\t\t<div class=\"info-box-content\">\n\t\t\t\t\t\t<h4 class=\"info-box-title title box-title-style-default wd-fontsize-m\">Verkkokalvon verisuonitukokset<\/h4>\t\t\t\t\t\t<div class=\"info-box-inner reset-last-child\"><p>Verkkokalvon verisuonitukos voi olla laskimo- tai valtimosuonissa. T\u00e4ll\u00f6in verisuonen virtaus on heikentynyt tai loppunut kokonaan.<\/p>\n<\/div>\n\n\t\t\t\t\t\t\t\t\t\t\t<\/div>\n\n\t\t\t\t\t\n\t\t\t\t\t<style><\/style>\t\t\t\t<\/div>\n\t\t\t<\/div>\n\t\t[\/vc_column_inner][vc_column_inner width=&#8221;1\/2&#8243;][\/vc_column_inner][\/vc_row_inner][\/vc_column][vc_column woodmart_sticky_column_offset=&#8221;150&#8243; css=&#8221;.vc_custom_1672164584550{margin-bottom: 4vh !important;}&#8221; offset=&#8221;vc_col-lg-6 vc_col-md-12&#8243; woodmart_css_id=&#8221;63ab34deeda71&#8243; parallax_scroll=&#8221;no&#8221; woodmart_sticky_column=&#8221;true&#8221; wd_collapsible_content_switcher=&#8221;no&#8221; wd_column_role_offcanvas_desktop=&#8221;no&#8221; wd_column_role_offcanvas_tablet=&#8221;no&#8221; wd_column_role_offcanvas_mobile=&#8221;no&#8221; wd_column_role_content_desktop=&#8221;no&#8221; wd_column_role_content_tablet=&#8221;no&#8221; wd_column_role_content_mobile=&#8221;no&#8221; mobile_bg_img_hidden=&#8221;no&#8221; tablet_bg_img_hidden=&#8221;no&#8221; woodmart_parallax=&#8221;0&#8243; woodmart_box_shadow=&#8221;no&#8221; responsive_spacing=&#8221;eyJwYXJhbV90eXBlIjoid29vZG1hcnRfcmVzcG9uc2l2ZV9zcGFjaW5nIiwic2VsZWN0b3JfaWQiOiI2M2FiMzRkZWVkYTcxIiwic2hvcnRjb2RlIjoidmNfY29sdW1uIiwiZGF0YSI6eyJ0YWJsZXQiOnt9LCJtb2JpbGUiOnt9fX0=&#8221; mobile_reset_margin=&#8221;no&#8221; tablet_reset_margin=&#8221;no&#8221; wd_z_index=&#8221;no&#8221;][vc_single_image image=&#8221;8204&#8243; img_size=&#8221;600&#215;600&#8243; alignment=&#8221;center&#8221; css_animation=&#8221;none&#8221; css=&#8221;.vc_custom_1675857183561{margin-bottom: 0px !important;}&#8221; parallax_scroll=&#8221;no&#8221; woodmart_inline=&#8221;no&#8221;][\/vc_column][\/vc_row][\/vc_section][vc_section full_width=&#8221;stretch_row&#8221; css=&#8221;.vc_custom_1608272843278{background-color: #ffffff !important;}&#8221; mobile_bg_img_hidden=&#8221;no&#8221; tablet_bg_img_hidden=&#8221;no&#8221; woodmart_parallax=&#8221;0&#8243; woodmart_gradient_switch=&#8221;no&#8221; woodmart_disable_overflow=&#8221;0&#8243; el_id=&#8221;allinfour&#8221;][\/vc_section]<\/p>\n<\/div>","protected":false},"excerpt":{"rendered":"<p>[vc_row mobile_bg_img_hidden=&#8221;no&#8221; tablet_bg_img_hidden=&#8221;no&#8221; woodmart_parallax=&#8221;0&#8243; woodmart_gradient_switch=&#8221;no&#8221; row_reverse_mobile=&#8221;0&#8243; row_reverse_tablet=&#8221;0&#8243; woodmart_disable_overflow=&#8221;0&#8243;][vc_column offset=&#8221;vc_hidden-sm vc_hidden-xs&#8221; mobile_bg_img_hidden=&#8221;no&#8221; tablet_bg_img_hidden=&#8221;no&#8221; woodmart_parallax=&#8221;0&#8243; woodmart_sticky_column=&#8221;false&#8221; parallax_scroll=&#8221;no&#8221; mobile_reset_margin=&#8221;no&#8221; tablet_reset_margin=&#8221;no&#8221;][vc_raw_html]JTVCcmFua19tYXRoX2JyZWFkY3J1bWIlNUQ=[\/vc_raw_html][\/vc_column][\/vc_row][vc_section full_width=&#8221;stretch_row&#8221; css=&#8221;.vc_custom_1671261486831{padding-top: 0px<\/p>\n","protected":false},"author":1,"featured_media":0,"parent":0,"menu_order":0,"comment_status":"closed","ping_status":"closed","template":"","meta":{"_joinchat":[],"footnotes":""},"class_list":["post-8537","page","type-page","status-publish","hentry"],"_links":{"self":[{"href":"https:\/\/soleyes.es\/fi\/wp-json\/wp\/v2\/pages\/8537","targetHints":{"allow":["GET"]}}],"collection":[{"href":"https:\/\/soleyes.es\/fi\/wp-json\/wp\/v2\/pages"}],"about":[{"href":"https:\/\/soleyes.es\/fi\/wp-json\/wp\/v2\/types\/page"}],"author":[{"embeddable":true,"href":"https:\/\/soleyes.es\/fi\/wp-json\/wp\/v2\/users\/1"}],"replies":[{"embeddable":true,"href":"https:\/\/soleyes.es\/fi\/wp-json\/wp\/v2\/comments?post=8537"}],"version-history":[{"count":13,"href":"https:\/\/soleyes.es\/fi\/wp-json\/wp\/v2\/pages\/8537\/revisions"}],"predecessor-version":[{"id":9377,"href":"https:\/\/soleyes.es\/fi\/wp-json\/wp\/v2\/pages\/8537\/revisions\/9377"}],"wp:attachment":[{"href":"https:\/\/soleyes.es\/fi\/wp-json\/wp\/v2\/media?parent=8537"}],"curies":[{"name":"wp","href":"https:\/\/api.w.org\/{rel}","templated":true}]}}