{"id":8493,"date":"2023-02-17T10:46:37","date_gmt":"2023-02-17T10:46:37","guid":{"rendered":"https:\/\/soleyes.eu\/?page_id=8493"},"modified":"2024-07-29T14:47:16","modified_gmt":"2024-07-29T14:47:16","slug":"gynekologia","status":"publish","type":"page","link":"https:\/\/soleyes.es\/fi\/gynekologia\/","title":{"rendered":"Gynekologia"},"content":{"rendered":"<div class=\"wpb-content-wrapper\"><p>[vc_row][vc_column offset=&#8221;vc_hidden-sm vc_hidden-xs&#8221; mobile_bg_img_hidden=&#8221;no&#8221; tablet_bg_img_hidden=&#8221;no&#8221; woodmart_parallax=&#8221;0&#8243; woodmart_sticky_column=&#8221;false&#8221; parallax_scroll=&#8221;no&#8221; mobile_reset_margin=&#8221;no&#8221; tablet_reset_margin=&#8221;no&#8221;][vc_raw_html]JTVCcmFua19tYXRoX2JyZWFkY3J1bWIlNUQ=[\/vc_raw_html][\/vc_column][\/vc_row][vc_section full_width=&#8221;stretch_row&#8221; css=&#8221;.vc_custom_1591869405821{padding-top: 0px !important;}&#8221; mobile_bg_img_hidden=&#8221;no&#8221; tablet_bg_img_hidden=&#8221;no&#8221; woodmart_parallax=&#8221;0&#8243; woodmart_gradient_switch=&#8221;no&#8221; woodmart_disable_overflow=&#8221;0&#8243;][vc_row full_width=&#8221;stretch_row&#8221; content_placement=&#8221;middle&#8221; woodmart_bg_position=&#8221;right-bottom&#8221; mobile_bg_img_hidden=&#8221;yes&#8221; tablet_bg_img_hidden=&#8221;no&#8221; woodmart_parallax=&#8221;0&#8243; woodmart_gradient_switch=&#8221;no&#8221; row_reverse_mobile=&#8221;0&#8243; row_reverse_tablet=&#8221;0&#8243; woodmart_disable_overflow=&#8221;0&#8243; css=&#8221;.vc_custom_1598522853511{margin-top: 4vh !important;margin-bottom: 6vh !important;background-position: 0 0 !important;background-repeat: no-repeat !important;}&#8221;][vc_column css=&#8221;.vc_custom_1586509770404{margin-bottom: 4vh !important;padding-top: 0px !important;}&#8221; mobile_bg_img_hidden=&#8221;no&#8221; tablet_bg_img_hidden=&#8221;no&#8221; woodmart_parallax=&#8221;0&#8243; woodmart_sticky_column=&#8221;false&#8221; parallax_scroll=&#8221;no&#8221; mobile_reset_margin=&#8221;no&#8221; tablet_reset_margin=&#8221;no&#8221; offset=&#8221;vc_col-lg-6 vc_col-md-6&#8243;][vc_single_image image=&#8221;8496&#8243; img_size=&#8221;full&#8221; css=&#8221;.vc_custom_1676630828860{margin-bottom: 0px !important;margin-left: 40px !important;}&#8221; parallax_scroll=&#8221;no&#8221; woodmart_inline=&#8221;no&#8221;][\/vc_column][vc_column width=&#8221;5\/6&#8243; woodmart_bg_position=&#8221;right-bottom&#8221; css=&#8221;.vc_custom_1586509718518{margin-top: 0px !important;margin-right: 7% !important;margin-bottom: 4vh !important;margin-left: 7% !important;padding-top: 25px !important;}&#8221; mobile_bg_img_hidden=&#8221;no&#8221; tablet_bg_img_hidden=&#8221;no&#8221; woodmart_parallax=&#8221;0&#8243; woodmart_sticky_column=&#8221;false&#8221; parallax_scroll=&#8221;no&#8221; mobile_reset_margin=&#8221;no&#8221; tablet_reset_margin=&#8221;no&#8221; offset=&#8221;vc_col-lg-offset-0 vc_col-lg-6 vc_col-md-6 vc_col-xs-12&#8243;]\n\t\t<div id=\"wd-63ef5b50317e9\" class=\"title-wrapper wd-wpb wd-set-mb reset-last-child  wd-rs-63ef5b50317e9 wd-title-color-alt wd-title-style-underlined-2 text-left vc_custom_1676630879201 wd-width-enabled wd-underline-colored\" style=\"--wd-max-width: 80%;\">\n\t\t\t\t\t\t\t\n\t\t\t\t<div class=\"title-subtitle  subtitle-color-alt font-default subtitle-style-default wd-font-weight- wd-fontsize-xs\">Gynekologia Aurinkorannikko, Fuengirola<\/div>\n\t\t\t\n\t\t\t<div class=\"liner-continer\">\n\t\t\t\t<h1 class=\"woodmart-title-container title  wd-font-weight- wd-fontsize-xxl\" >Gynekologia<\/h1>\n\t\t\t\t\t\t\t<\/div>\n\t\t\t\n\t\t\t\n\t\t\t\n\t\t<\/div>\n\t\t\n\t\t\t\t\t<div id=\"wd-66a7ab6740772\" class=\"wd-text-block-wrapper wd-wpb wd-rs-66a7ab6740772 color-scheme- text-left wd-width-enabled vc_custom_1722264429051\" style=\"--wd-max-width: 90%;\">\n\t\t\t\t<div class=\"woodmart-title-container woodmart-text-block reset-last-child font-text wd-font-weight-400 \">\n\t\t\t\t\tGynekologi erikoistuu potilaan kokonaisvaltaiseen hoitoon johon kuuluvat niin ennaltaehk\u00e4isev\u00e4 l\u00e4\u00e4ketiede, diagnosointi ja hoito, tai jo olemassa olevat naisten ongelmat ja \u2013 sairaudet, kuten gynekologiset h\u00e4iri\u00f6it tai hormonaaliset ongelmat sek\u00e4 k\u00e4sittelee muut yleiset terveysriskit.<\/p>\n<p>Kuten mik\u00e4 tahansa l\u00e4\u00e4k\u00e4ri voi gynekologikin erikoistua ty\u00f6ss\u00e4\u00e4n. Esimerkiksi Synnytysl\u00e4\u00e4k\u00e4ri on sertifioitu erikoisl\u00e4\u00e4k\u00e4ri joka valvoo \u00e4idin ja siki\u00f6n terveytt\u00e4 raskauden aikana.\t\t\t\t<\/div>\n\n\t\t\t\t\t\t\t<\/div>\n\t\t<div id=\"wd-63ef5cfaa1aa6\" class=\" wd-rs-63ef5cfaa1aa6  wd-button-wrapper text-center inline-element\"><a href=\"https:\/\/soleyes.es\/en\/book-online\/\" title=\"Book Online\" class=\"btn btn-color-primary btn-style-default btn-shape-rectangle btn-size-default\">ONLINE AJANVARAUS<\/a><\/div>[\/vc_column][\/vc_row][\/vc_section][vc_section full_width=&#8221;stretch_row&#8221; woodmart_gradient_switch=&#8221;no&#8221; css=&#8221;.vc_custom_1676140083902{margin-bottom: 0px !important;border-bottom-width: 8vh !important;padding-top: 0px !important;background-color: #ffffff !important;}&#8221; mobile_bg_img_hidden=&#8221;no&#8221; tablet_bg_img_hidden=&#8221;no&#8221; woodmart_parallax=&#8221;0&#8243; woodmart_disable_overflow=&#8221;0&#8243; woodmart_css_id=&#8221;63e7de299d410&#8243; responsive_spacing=&#8221;eyJwYXJhbV90eXBlIjoid29vZG1hcnRfcmVzcG9uc2l2ZV9zcGFjaW5nIiwic2VsZWN0b3JfaWQiOiI2M2U3ZGUyOTlkNDEwIiwic2hvcnRjb2RlIjoidmNfc2VjdGlvbiIsImRhdGEiOnsidGFibGV0Ijp7fSwibW9iaWxlIjp7fX19&#8243; woodmart_box_shadow=&#8221;no&#8221; wd_z_index=&#8221;no&#8221;][vc_row full_width=&#8221;stretch_row&#8221; equal_height=&#8221;yes&#8221; css_animation=&#8221;none&#8221; css=&#8221;.vc_custom_1610086369721{margin-right: -40px !important;margin-bottom: 8vh !important;margin-left: -40px !important;padding-top: 8vh !important;background-color: #ffffff !important;}&#8221; mobile_bg_img_hidden=&#8221;no&#8221; tablet_bg_img_hidden=&#8221;no&#8221; woodmart_parallax=&#8221;0&#8243; woodmart_gradient_switch=&#8221;no&#8221; row_reverse_mobile=&#8221;0&#8243; row_reverse_tablet=&#8221;0&#8243; woodmart_disable_overflow=&#8221;0&#8243;][vc_column offset=&#8221;vc_col-lg-6 vc_col-md-6&#8243; css=&#8221;.vc_custom_1496932335926{border-right-width: 1px !important;padding-top: 20px !important;padding-right: 40px !important;padding-bottom: 10px !important;padding-left: 40px !important;border-right-color: rgba(129,129,129,0.2) !important;border-right-style: solid !important;}&#8221;]\n\t\t<div id=\"wd-63ef5c6599b67\" class=\"title-wrapper wd-wpb wd-set-mb reset-last-child  wd-rs-63ef5c6599b67 wd-title-color-alt wd-title-style-default text-left vc_custom_1676631146193 wd-width-enabled wd-underline-bordered\" style=\"--wd-max-width: 80%;\">\n\t\t\t\n\t\t\t<div class=\"liner-continer\">\n\t\t\t\t<h4 class=\"woodmart-title-container title  wd-font-weight-500 wd-fontsize-l\" >Molemminpuolinen luottamus on rakennettava<\/h4>\n\t\t\t\t\t\t\t<\/div>\n\t\t\t\n\t\t\t\n\t\t\t\n\t\t<\/div>\n\t\t\n\t\t[\/vc_column][vc_column offset=&#8221;vc_col-lg-6 vc_col-md-6&#8243; css=&#8221;.vc_custom_1496932331302{padding-top: 20px !important;padding-right: 40px !important;padding-bottom: 10px !important;padding-left: 40px !important;}&#8221;]\t\t\t<div id=\"wd-63ef5c7f5cc56\" class=\"wd-text-block-wrapper wd-wpb wd-rs-63ef5c7f5cc56 color-scheme- text-left wd-width-enabled vc_custom_1676631174094\" style=\"--wd-max-width: 90%;\">\n\t\t\t\t<div class=\"woodmart-title-container woodmart-text-block reset-last-child font-text wd-font-weight-400 \">\n\t\t\t\t\tOttaen huomioon ammatin intiimin luonteen, on naistenl\u00e4\u00e4k\u00e4rill\u00e4 oltava sinnikkyytt\u00e4 kommunikoidessaan potilaidensa kanssa. T\u00e4rke\u00e4t kysymykset esitet\u00e4\u00e4n kunnioittavasti ja my\u00f6t\u00e4tuntoisesti molemminpuolisen luottamuksen saavuttamiseksi, jotta potilaan olisi helppo keskustella aiheesta.<\/p>\n<p>Jos potilas esimerkiksi k\u00e4rsii jostakin sairaudesta, esimerkiksi diabeteksest\u00e4,on se t\u00e4rke\u00e4 yksityiskohta l\u00e4\u00e4k\u00e4rille, koska joillakin sairauksilla voi olla vaikutuksia potilaan sukuelimiin tai hormonitoimintaan<\/p>\n<p>Useimmat gynekologit suorittavat my\u00f6s leikkauksia, kuten keisarileikkauksia, sy\u00f6p\u00e4leikkauksia, putkien sitomista ja niin edelleen. Gynekologit ty\u00f6skentelev\u00e4t joko l\u00e4\u00e4ketieteen- ja\/tai koulutusalalla, joskus molemmilla.<\/p>\n<p>Gynekologisen tutkimuksen aikana l\u00e4\u00e4k\u00e4ri tutkii rinnat, em\u00e4ttimen, kohdunkaulan, munanjohtimet, vulvan, munasarjat ja kohdun. Melko usein otetaan my\u00f6s ultra\u00e4\u00e4nitutkimus kokeen t\u00e4ydent\u00e4miseksi. Suositus on ett\u00e4 v\u00e4hint\u00e4\u00e4n 21-vuotiaasta alkaen tulisi k\u00e4yd\u00e4 otattamassa PAPA-koe. L\u00e4\u00e4k\u00e4ri voi my\u00f6s suorittaa sukupuolitautitestej\u00e4, suorittaa rintakokeen ja ohjata oikeaan ehk\u00e4isymenetelm\u00e4n k\u00e4ytt\u00f6\u00f6n.\t\t\t\t<\/div>\n\n\t\t\t\t\t\t\t<\/div>\n\t\t[\/vc_column][\/vc_row][vc_row full_width=&#8221;stretch_row&#8221; equal_height=&#8221;yes&#8221; css_animation=&#8221;none&#8221; css=&#8221;.vc_custom_1610086369721{margin-right: -40px !important;margin-bottom: 8vh !important;margin-left: -40px !important;padding-top: 8vh !important;background-color: #ffffff !important;}&#8221; mobile_bg_img_hidden=&#8221;no&#8221; tablet_bg_img_hidden=&#8221;no&#8221; woodmart_parallax=&#8221;0&#8243; woodmart_gradient_switch=&#8221;no&#8221; row_reverse_mobile=&#8221;0&#8243; row_reverse_tablet=&#8221;0&#8243; woodmart_disable_overflow=&#8221;0&#8243;][vc_column offset=&#8221;vc_col-lg-6 vc_col-md-6&#8243; css=&#8221;.vc_custom_1496932335926{border-right-width: 1px !important;padding-top: 20px !important;padding-right: 40px !important;padding-bottom: 10px !important;padding-left: 40px !important;border-right-color: rgba(129,129,129,0.2) !important;border-right-style: solid !important;}&#8221;]\n\t\t<div id=\"wd-63ef5bfa0409b\" class=\"title-wrapper wd-wpb wd-set-mb reset-last-child  wd-rs-63ef5bfa0409b wd-title-color-alt wd-title-style-default text-left vc_custom_1676631040344 wd-width-enabled wd-underline-bordered\" style=\"--wd-max-width: 80%;\">\n\t\t\t\n\t\t\t<div class=\"liner-continer\">\n\t\t\t\t<h4 class=\"woodmart-title-container title  wd-font-weight-500 wd-fontsize-l\" >Miksi s\u00e4\u00e4nn\u00f6llisi\u00e4 tutkimuksia tarvitaan?<\/h4>\n\t\t\t\t\t\t\t<\/div>\n\t\t\t\n\t\t\t\n\t\t\t\n\t\t<\/div>\n\t\t\n\t\t[\/vc_column][vc_column offset=&#8221;vc_col-lg-6 vc_col-md-6&#8243; css=&#8221;.vc_custom_1496932331302{padding-top: 20px !important;padding-right: 40px !important;padding-bottom: 10px !important;padding-left: 40px !important;}&#8221;]\t\t\t<div id=\"wd-63ef5c133ca04\" class=\"wd-text-block-wrapper wd-wpb wd-rs-63ef5c133ca04 color-scheme- text-left wd-width-enabled vc_custom_1676631067639\" style=\"--wd-max-width: 90%;\">\n\t\t\t\t<div class=\"woodmart-title-container woodmart-text-block reset-last-child font-text wd-font-weight-400 \">\n\t\t\t\t\tGynekologisia tutkimuksia tehd\u00e4\u00e4n jotta ongelmat ja sairaudet joista potilas voi k\u00e4rsi\u00e4 tai joita t\u00e4ll\u00e4 on riski saada voidaan diagnosoida. Asiat kuten raskauden mahdollisuus, raskauden riskit, monisyklinen munasarjasyndrooma, kohdunkaula- tai rintasy\u00f6v\u00e4n riski tai yleisempi\u00e4 sairauksia kuten em\u00e4tin tulehduksia tai virtsateiden infektioita, voidaan seurata. N\u00e4ihin lukeutuvat my\u00f6 vaihdevuodet ja niiden tuomat ongelmat ja riskit.<\/p>\n<p>Useimmat gynekologit suorittavat my\u00f6s leikkauksia, kuten keisarileikkauksia, sy\u00f6p\u00e4leikkauksia, putkien sitomista ja niin edelleen. Gynekologit ty\u00f6skentelev\u00e4t joko l\u00e4\u00e4ketieteen- ja\/tai koulutusalalla, joskus molemmilla.<\/p>\n<p>Gynekologisen tutkimuksen aikana l\u00e4\u00e4k\u00e4ri tutkii rinnat, em\u00e4ttimen, kohdunkaulan, munanjohtimet, vulvan, munasarjat ja kohdun. Melko usein otetaan my\u00f6s ultra\u00e4\u00e4nitutkimus kokeen t\u00e4ydent\u00e4miseksi. Suositus on ett\u00e4 v\u00e4hint\u00e4\u00e4n 21-vuotiaasta alkaen tulisi k\u00e4yd\u00e4 otattamassa PAPA-koe. L\u00e4\u00e4k\u00e4ri voi my\u00f6s suorittaa sukupuolitautitestej\u00e4, suorittaa rintakokeen ja ohjata oikeaan ehk\u00e4isymenetelm\u00e4n k\u00e4ytt\u00f6\u00f6n.\t\t\t\t<\/div>\n\n\t\t\t\t\t\t\t<\/div>\n\t\t[\/vc_column][\/vc_row][\/vc_section]<\/p>\n<\/div>","protected":false},"excerpt":{"rendered":"<p>[vc_row][vc_column offset=&#8221;vc_hidden-sm vc_hidden-xs&#8221; mobile_bg_img_hidden=&#8221;no&#8221; tablet_bg_img_hidden=&#8221;no&#8221; woodmart_parallax=&#8221;0&#8243; woodmart_sticky_column=&#8221;false&#8221; parallax_scroll=&#8221;no&#8221; mobile_reset_margin=&#8221;no&#8221; tablet_reset_margin=&#8221;no&#8221;][vc_raw_html]JTVCcmFua19tYXRoX2JyZWFkY3J1bWIlNUQ=[\/vc_raw_html][\/vc_column][\/vc_row][vc_section full_width=&#8221;stretch_row&#8221; css=&#8221;.vc_custom_1591869405821{padding-top: 0px !important;}&#8221; mobile_bg_img_hidden=&#8221;no&#8221; tablet_bg_img_hidden=&#8221;no&#8221; woodmart_parallax=&#8221;0&#8243; woodmart_gradient_switch=&#8221;no&#8221; woodmart_disable_overflow=&#8221;0&#8243;][vc_row full_width=&#8221;stretch_row&#8221;<\/p>\n","protected":false},"author":1,"featured_media":0,"parent":0,"menu_order":0,"comment_status":"closed","ping_status":"closed","template":"","meta":{"_joinchat":[],"footnotes":""},"class_list":["post-8493","page","type-page","status-publish","hentry"],"_links":{"self":[{"href":"https:\/\/soleyes.es\/fi\/wp-json\/wp\/v2\/pages\/8493","targetHints":{"allow":["GET"]}}],"collection":[{"href":"https:\/\/soleyes.es\/fi\/wp-json\/wp\/v2\/pages"}],"about":[{"href":"https:\/\/soleyes.es\/fi\/wp-json\/wp\/v2\/types\/page"}],"author":[{"embeddable":true,"href":"https:\/\/soleyes.es\/fi\/wp-json\/wp\/v2\/users\/1"}],"replies":[{"embeddable":true,"href":"https:\/\/soleyes.es\/fi\/wp-json\/wp\/v2\/comments?post=8493"}],"version-history":[{"count":10,"href":"https:\/\/soleyes.es\/fi\/wp-json\/wp\/v2\/pages\/8493\/revisions"}],"predecessor-version":[{"id":9298,"href":"https:\/\/soleyes.es\/fi\/wp-json\/wp\/v2\/pages\/8493\/revisions\/9298"}],"wp:attachment":[{"href":"https:\/\/soleyes.es\/fi\/wp-json\/wp\/v2\/media?parent=8493"}],"curies":[{"name":"wp","href":"https:\/\/api.w.org\/{rel}","templated":true}]}}