{"id":8476,"date":"2022-12-17T10:45:00","date_gmt":"2022-12-17T10:45:00","guid":{"rendered":"https:\/\/soleyes.eu\/?page_id=8476"},"modified":"2025-01-12T17:16:32","modified_gmt":"2025-01-12T17:16:32","slug":"silmaleikkaukset","status":"publish","type":"page","link":"https:\/\/soleyes.es\/fi\/silmaleikkaukset\/","title":{"rendered":"Silm\u00e4leikkaukset"},"content":{"rendered":"<div class=\"wpb-content-wrapper\"><p>[vc_row mobile_bg_img_hidden=&#8221;no&#8221; tablet_bg_img_hidden=&#8221;no&#8221; woodmart_parallax=&#8221;0&#8243; woodmart_gradient_switch=&#8221;no&#8221; row_reverse_mobile=&#8221;0&#8243; row_reverse_tablet=&#8221;0&#8243; woodmart_disable_overflow=&#8221;0&#8243;][vc_column offset=&#8221;vc_hidden-sm vc_hidden-xs&#8221; mobile_bg_img_hidden=&#8221;no&#8221; tablet_bg_img_hidden=&#8221;no&#8221; woodmart_parallax=&#8221;0&#8243; woodmart_sticky_column=&#8221;false&#8221; parallax_scroll=&#8221;no&#8221; mobile_reset_margin=&#8221;no&#8221; tablet_reset_margin=&#8221;no&#8221;][vc_raw_html]JTVCcmFua19tYXRoX2JyZWFkY3J1bWIlNUQ=[\/vc_raw_html][\/vc_column][\/vc_row][vc_section full_width=&#8221;stretch_row&#8221; css=&#8221;.vc_custom_1671261486831{padding-top: 0px !important;}&#8221; mobile_bg_img_hidden=&#8221;no&#8221; tablet_bg_img_hidden=&#8221;no&#8221; woodmart_parallax=&#8221;0&#8243; woodmart_gradient_switch=&#8221;no&#8221; woodmart_disable_overflow=&#8221;0&#8243; woodmart_css_id=&#8221;639d6d2228b87&#8243; responsive_spacing=&#8221;eyJwYXJhbV90eXBlIjoid29vZG1hcnRfcmVzcG9uc2l2ZV9zcGFjaW5nIiwic2VsZWN0b3JfaWQiOiI2MzlkNmQyMjI4Yjg3Iiwic2hvcnRjb2RlIjoidmNfc2VjdGlvbiIsImRhdGEiOnsidGFibGV0Ijp7fSwibW9iaWxlIjp7fX19&#8243; woodmart_box_shadow=&#8221;no&#8221; wd_z_index=&#8221;no&#8221;][vc_row full_width=&#8221;stretch_row&#8221; content_placement=&#8221;middle&#8221; woodmart_bg_position=&#8221;right-bottom&#8221; mobile_bg_img_hidden=&#8221;yes&#8221; tablet_bg_img_hidden=&#8221;no&#8221; woodmart_parallax=&#8221;0&#8243; woodmart_gradient_switch=&#8221;no&#8221; row_reverse_mobile=&#8221;1&#8243; row_reverse_tablet=&#8221;0&#8243; woodmart_disable_overflow=&#8221;0&#8243; css=&#8221;.vc_custom_1671274993021{margin-top: 0px !important;margin-bottom: 6vh !important;background-position: 0 0 !important;background-repeat: no-repeat !important;}&#8221; woodmart_css_id=&#8221;639da1e75ecc2&#8243; responsive_spacing=&#8221;eyJwYXJhbV90eXBlIjoid29vZG1hcnRfcmVzcG9uc2l2ZV9zcGFjaW5nIiwic2VsZWN0b3JfaWQiOiI2MzlkYTFlNzVlY2MyIiwic2hvcnRjb2RlIjoidmNfcm93IiwiZGF0YSI6eyJ0YWJsZXQiOnt9LCJtb2JpbGUiOnt9fX0=&#8221; woodmart_box_shadow=&#8221;no&#8221; wd_z_index=&#8221;no&#8221;][vc_column css=&#8221;.vc_custom_1586509770404{margin-bottom: 4vh !important;padding-top: 0px !important;}&#8221; mobile_bg_img_hidden=&#8221;no&#8221; tablet_bg_img_hidden=&#8221;no&#8221; woodmart_parallax=&#8221;0&#8243; woodmart_sticky_column=&#8221;false&#8221; parallax_scroll=&#8221;no&#8221; mobile_reset_margin=&#8221;no&#8221; tablet_reset_margin=&#8221;no&#8221; offset=&#8221;vc_col-lg-6 vc_col-md-6&#8243;][vc_single_image image=&#8221;8464&#8243; img_size=&#8221;full&#8221; css=&#8221;.vc_custom_1676627487944{margin-bottom: 0px !important;margin-left: 40px !important;}&#8221; parallax_scroll=&#8221;no&#8221; woodmart_inline=&#8221;no&#8221;][\/vc_column][vc_column width=&#8221;5\/6&#8243; woodmart_bg_position=&#8221;right-bottom&#8221; css=&#8221;.vc_custom_1607067448502{margin-top: 0px !important;margin-bottom: 4vh !important;margin-left: 7% !important;padding-top: 25px !important;}&#8221; mobile_bg_img_hidden=&#8221;no&#8221; tablet_bg_img_hidden=&#8221;no&#8221; woodmart_parallax=&#8221;0&#8243; woodmart_sticky_column=&#8221;false&#8221; parallax_scroll=&#8221;no&#8221; mobile_reset_margin=&#8221;no&#8221; tablet_reset_margin=&#8221;no&#8221; offset=&#8221;vc_col-lg-offset-0 vc_col-lg-6 vc_col-md-6 vc_col-xs-12&#8243;]\n\t\t<div id=\"wd-6783f8da4a2b2\" class=\"title-wrapper wd-wpb wd-set-mb reset-last-child  wd-rs-6783f8da4a2b2 wd-title-color-alt wd-title-style-underlined-2 text-left vc_custom_1736702177506 wd-width-enabled wd-underline-colored\" style=\"--wd-max-width: 80%;\">\n\t\t\t\t\t\t\t\n\t\t\t\t<div class=\"title-subtitle  subtitle-color-alt font-default subtitle-style-default wd-font-weight- wd-fontsize-xs\">Silm\u00e4leikkaukset Aurinkorannikko, Fuengirola<\/div>\n\t\t\t\n\t\t\t<div class=\"liner-continer\">\n\t\t\t\t<h1 class=\"woodmart-title-container title  wd-font-weight- wd-fontsize-xxl\" >Silm\u00e4leikkaukset<\/h1>\n\t\t\t\t\t\t\t<\/div>\n\t\t\t\n\t\t\t\n\t\t\t\n\t\t<\/div>\n\t\t\n\t\t\t\t\t<div id=\"wd-66a7a631ddceb\" class=\"wd-text-block-wrapper wd-wpb wd-rs-66a7a631ddceb color-scheme- text-left wd-width-enabled vc_custom_1722263112376\" style=\"--wd-max-width: 90%;\">\n\t\t\t\t<div class=\"woodmart-title-container woodmart-text-block reset-last-child font-text wd-font-weight-400 \">\n\t\t\t\t\t<strong>Sol Eyes-klinikalla<\/strong> hoidamme kymmenien tuhansien leikkausten kokemuksella silm\u00e4si kuntoon luotettavalla LASIK- tai PRK leikkauksella.<\/p>\n<p>Taittovirheist\u00e4 erityisesti likin\u00e4k\u00f6 eli miinusn\u00e4k\u00f6, pieni plusvirhe eli kaukon\u00e4k\u00f6 soveltuvat laserhoitoon. Hoidettavat arvot m\u00e4\u00e4ritet\u00e4\u00e4n l\u00e4\u00e4k\u00e4rin vastaanotolla, samalla k\u00e4ynnill\u00e4 tehd\u00e4\u00e4n tarvittavat sarveiskalvokarttamittaukset.<\/p>\n<p>Hoidettavaksi soveltuu miinusn\u00e4\u00f6ss\u00e4 eli likin\u00e4\u00f6ss\u00e4 -0.50- -12.0, hajataitossa 0.5D- 5.0D sek\u00e4 plusvirheess\u00e4 eli kaukotaitteisuudessa 0- +3.0D. T\u00e4t\u00e4 suuremmat arvot hoidetaan yleens\u00e4 linssikirurgian avulla, asia selvi\u00e4\u00e4 tutkimusk\u00e4ynnin yhteydess\u00e4.\t\t\t\t<\/div>\n\n\t\t\t\t\t\t\t<\/div>\n\t\t<div id=\"wd-6510578d0b782\" class=\" wd-rs-6510578d0b782  wd-button-wrapper text-left\"><a href=\"https:\/\/soleyes.es\/fi\/online-ajanvaraus\/\" title=\"Book Online\" class=\"btn btn-color-primary btn-style-default btn-shape-rectangle btn-size-default\">ONLINE AJANVARAUS<\/a><\/div>[\/vc_column][\/vc_row][\/vc_section][vc_section full_width=&#8221;stretch_row&#8221; woodmart_gradient_switch=&#8221;no&#8221; css=&#8221;.vc_custom_1671714690641{margin-bottom: 8vh !important;background-color: #0d91e2 !important;}&#8221; mobile_bg_img_hidden=&#8221;no&#8221; tablet_bg_img_hidden=&#8221;no&#8221; woodmart_parallax=&#8221;0&#8243; woodmart_disable_overflow=&#8221;0&#8243; woodmart_css_id=&#8221;63a4575a5e55a&#8221; responsive_spacing=&#8221;eyJwYXJhbV90eXBlIjoid29vZG1hcnRfcmVzcG9uc2l2ZV9zcGFjaW5nIiwic2VsZWN0b3JfaWQiOiI2M2E0NTc1YTVlNTVhIiwic2hvcnRjb2RlIjoidmNfc2VjdGlvbiIsImRhdGEiOnsidGFibGV0Ijp7fSwibW9iaWxlIjp7fX19&#8243; woodmart_box_shadow=&#8221;no&#8221; wd_z_index=&#8221;no&#8221;][vc_row full_width=&#8221;stretch_row&#8221; content_placement=&#8221;middle&#8221; css=&#8221;.vc_custom_1591873270354{padding-top: 8vh !important;padding-bottom: 4vh !important;}&#8221; mobile_bg_img_hidden=&#8221;no&#8221; tablet_bg_img_hidden=&#8221;no&#8221; woodmart_parallax=&#8221;0&#8243; woodmart_gradient_switch=&#8221;no&#8221; row_reverse_mobile=&#8221;0&#8243; row_reverse_tablet=&#8221;0&#8243; woodmart_disable_overflow=&#8221;0&#8243;][vc_column css_animation=&#8221;wd-slide-from-bottom&#8221; woodmart_color_scheme=&#8221;light&#8221; css=&#8221;.vc_custom_1607068638011{margin-bottom: 4vh !important;padding-right: 10% !important;padding-left: 10% !important;}&#8221; offset=&#8221;vc_col-lg-6 vc_col-md-12&#8243; woodmart_parallax=&#8221;0&#8243; parallax_scroll=&#8221;no&#8221; woodmart_sticky_column=&#8221;false&#8221; mobile_bg_img_hidden=&#8221;no&#8221; tablet_bg_img_hidden=&#8221;no&#8221; el_class=&#8221;h4-br-no-movil&#8221; mobile_reset_margin=&#8221;no&#8221; tablet_reset_margin=&#8221;no&#8221;]\n\t\t<div id=\"wd-66a7a9b6cddbc\" class=\"title-wrapper wd-wpb wd-set-mb reset-last-child  wd-rs-66a7a9b6cddbc wd-title-color-default wd-title-style-default text-left vc_custom_1722264007338 wd-underline-colored\">\n\t\t\t\t\t\t\t\n\t\t\t\t<div class=\"title-subtitle  subtitle-color-default font-default subtitle-style-default wd-font-weight-600 wd-fontsize-xs\">Yksil\u00f6llinen ratkaisu jokaisen tarpeisiin<\/div>\n\t\t\t\n\t\t\t<div class=\"liner-continer\">\n\t\t\t\t<h4 class=\"woodmart-title-container title  wd-font-weight-500 wd-fontsize-l\" >Silm\u00e4leikkaukset<\/h4>\n\t\t\t\t\t\t\t<\/div>\n\t\t\t\n\t\t\t\n\t\t\t\n\t\t<\/div>\n\t\t\n\t\t[vc_row_inner][vc_column_inner]\t\t\t<div class=\"info-box-wrapper\">\n\t\t\t\t<div id=\"wd-66a7a9db89717\" class=\" wd-rs-66a7a9db89717 wd-info-box wd-wpb text-left box-icon-align-left box-style- color-scheme-light wd-bg-none wd-items-top with-btn box-btn-static \">\n\t\t\t\t\t\t\t\t\t\t\t<div class=\"box-icon-wrapper  box-with-text text-size-default box-icon-simple\">\n\t\t\t\t\t\t\t<div class=\"info-box-icon\">\n\n\t\t\t\t\t\t\t\t\t\t\t\t\t\t\t1.\t\t\t\t\t\t\t\n\t\t\t\t\t\t\t<\/div>\n\t\t\t\t\t\t<\/div>\n\t\t\t\t\t\t\t\t\t\t<div class=\"info-box-content\">\n\t\t\t\t\t\t<h4 class=\"info-box-title title box-title-style-default wd-fontsize-m\">Kaihileikkaus<\/h4>\t\t\t\t\t\t<div class=\"info-box-inner reset-last-child\"><p>Harmaakaihileikkaus on maailman yleisin yksitt\u00e4inen toimenpide. Kaihi kehittyy meille jokaiselle, ennemmin tai my\u00f6hemmin, ja l\u00e4hes jokainen k\u00e4y el\u00e4m\u00e4ns\u00e4 aikana harmaakaihileikkauksessa. Harmaakaihileikkauksessa samentunut myki\u00f6 vaihdetaan kirkkaaseen tekomyki\u00f6\u00f6n, jolloin el\u00e4m\u00e4\u00e4 haittaavat oireet poistuvat.<\/p>\n<p>Ik\u00e4\u00e4ntymisen vaikutuksesta meid\u00e4n jokaisen myki\u00f6 samentuu eli meille tulee harmaakaihi. Esiintymisik\u00e4 voi vaihdella paljonkin, yleisemmin kaihi leikataan noin 70-vuotiaana. Harmaakaihen ensioireita ovat silm\u00e4lasien vahvuuden muutos vanhemmalla i\u00e4ll\u00e4, valontarpeen lis\u00e4\u00e4ntyminen, heikentynyt n\u00e4k\u00f6kyky ja h\u00e4ik\u00e4isy auringonvalossa tai ep\u00e4varmuus pime\u00e4ajossa. Tietyt asiat kuten vammat, l\u00e4\u00e4kkeet, s\u00e4teily ja voimakas likin\u00e4k\u00f6 voi aikaistaa kaihen kehittymist\u00e4.<\/p>\n<p>Kaihileikkauksen j\u00e4lkeen n\u00e4\u00f6ntarkkuus paranee, v\u00e4rit kirkastuvat, silm\u00e4lasien tarve v\u00e4henee tai jopa poistuu kokonaan. Liikkuminen helpottuu kun n\u00e4kee paremmin ja monet kertovat mielenkin piristyneen kaihileikkauksen aikaansaaman n\u00e4\u00f6n kirkastumisen takia.<\/p>\n<\/div>\n\n\t\t\t\t\t\t<div class=\"info-btn-wrapper\"><div id=\"wd-69fa0c66d6b84\" class=\"  wd-button-wrapper text-left\"><a href=\"https:\/\/soleyes.es\/fi\/silmaleikkaukset\/kaihileikkaus\/\" title=\"Kaihileikkaus\" class=\"btn btn-color-white btn-style-link btn-shape-rectangle btn-size-default\">Lue lis\u00e4\u00e4<\/a><\/div><\/div>\t\t\t\t\t<\/div>\n\n\t\t\t\t\t\n\t\t\t\t\t<style><\/style>\t\t\t\t<\/div>\n\t\t\t<\/div>\n\t\t[\/vc_column_inner][\/vc_row_inner][vc_row_inner][vc_column_inner]\t\t\t<div class=\"info-box-wrapper\">\n\t\t\t\t<div id=\"wd-63f521916de31\" class=\" wd-rs-63f521916de31 wd-info-box wd-wpb text-left box-icon-align-left box-style- color-scheme-light wd-bg-none wd-items-top with-btn box-btn-static \">\n\t\t\t\t\t\t\t\t\t\t\t<div class=\"box-icon-wrapper  box-with-text text-size-default box-icon-simple\">\n\t\t\t\t\t\t\t<div class=\"info-box-icon\">\n\n\t\t\t\t\t\t\t\t\t\t\t\t\t\t\t2.\t\t\t\t\t\t\t\n\t\t\t\t\t\t\t<\/div>\n\t\t\t\t\t\t<\/div>\n\t\t\t\t\t\t\t\t\t\t<div class=\"info-box-content\">\n\t\t\t\t\t\t<h4 class=\"info-box-title title box-title-style-default wd-fontsize-m\">Ik\u00e4n\u00e4k\u00f6leikkaus<\/h4>\t\t\t\t\t\t<div class=\"info-box-inner reset-last-child\"><p>L\u00e4hin\u00e4\u00f6n menett\u00e4minen voidaan korjata monitehoisilla silm\u00e4nsis\u00e4isill\u00e4 linsseill\u00e4. Leikkaus on eniten yleistyv\u00e4 taittovirheen korjausmuoto. Sol Eyes:n omat silm\u00e4kirurgit ovat tehneet tuhansia ik\u00e4n\u00e4k\u00f6leikkauksia ja ovat itse my\u00f6s olleet potilaana, eli ovat valinneet menetelm\u00e4n omiin silmiins\u00e4. Leikkaustulos on pysyv\u00e4.<\/p>\n<p>Ik\u00e4n\u00e4k\u00f6 johtuu silm\u00e4n oman myki\u00f6n mukautumisen v\u00e4henemisest\u00e4, joka aikaansaa l\u00e4hin\u00e4\u00f6n heikentymisen. Ensimm\u00e4iset oireet eli hidastunut tarkennus, lis\u00e4\u00e4ntynyt valontarve sek\u00e4 tekstin vieminen kauemmaksi alkavat yleens\u00e4 hieman yli 40-vuotiaana, lopulta lukemiseen tarvitaan lukulasit joiden tarve kasvaa tasaisesti noin 65 vuoden ik\u00e4\u00e4n asti.<\/p>\n<p>Leikkauksessa oma j\u00e4ykistynyt myki\u00f6 korvataan kirkkaalla akryylilinssill\u00e4. Linssiss\u00e4 on monitehoinen rakenne, joka mahdollistaa n\u00e4kemisen eri et\u00e4isyyksille, kauas ja l\u00e4helle, ilman silm\u00e4- tai lukulaseja. N\u00e4keminen tapahtuu samalla tavalla katsesuunnasta riippumatta, eli monitehosilm\u00e4laseihin liittyv\u00e4\u00e4 ny\u00f6kyttely\u00e4 tai hakemista ei ole. Ik\u00e4n\u00e4k\u00f6leikkauksessa korjataan taittovirhe, ik\u00e4n\u00e4k\u00f6 ja mahdollinen hajataitto. Leikkaustulos on pysyv\u00e4, eik\u00e4 linssej\u00e4 tarvitse vaihtaa tai lukemia p\u00e4ivitt\u00e4\u00e4. Ik\u00e4n\u00e4k\u00f6leikkaus eli Linssileikkaus on tekniikaltaan samanlainen kuin kaihileikkaus, jossa samentunut myki\u00f6 korvataan kirkkaalla tekomyki\u00f6ll\u00e4. Ik\u00e4n\u00e4k\u00f6leikkaus voidaan tehd\u00e4 terveeseen ik\u00e4n\u00e4k\u00f6iseen silm\u00e4\u00e4n, tai kaihisilm\u00e4\u00e4n. Leikkauksen j\u00e4lkeen vanhuuden kaihileikkaus ei ole en\u00e4\u00e4 tarpeen koska myki\u00f6 on jo poistettu. Leikkaus on tavallaan varhennettu kaihileikkaus, jossa saa aikaisemmin enemm\u00e4n hy\u00f6ty\u00e4 silm\u00e4laseista vapautumisen my\u00f6t\u00e4.<\/p>\n<\/div>\n\n\t\t\t\t\t\t<div class=\"info-btn-wrapper\"><div id=\"wd-69fa0c66d6c86\" class=\"  wd-button-wrapper text-left\"><a href=\"https:\/\/soleyes.es\/fi\/silmaleikkaukset\/ikanakoleikkaus\/\" title=\"Ikanakoleikkaus\/\" class=\"btn btn-color-white btn-style-link btn-shape-rectangle btn-size-default\">Lue lis\u00e4\u00e4<\/a><\/div><\/div>\t\t\t\t\t<\/div>\n\n\t\t\t\t\t\n\t\t\t\t\t<style><\/style>\t\t\t\t<\/div>\n\t\t\t<\/div>\n\t\t[\/vc_column_inner][\/vc_row_inner][\/vc_column][vc_column css=&#8221;.vc_custom_1528457287350{margin-bottom: 4vh !important;}&#8221; offset=&#8221;vc_col-lg-6 vc_col-md-12&#8243;][vc_single_image image=&#8221;8470&#8243; img_size=&#8221;full&#8221; alignment=&#8221;center&#8221; css_animation=&#8221;none&#8221; css=&#8221;.vc_custom_1676628167220{margin-bottom: 0px !important;}&#8221; parallax_scroll=&#8221;no&#8221; woodmart_inline=&#8221;no&#8221;][\/vc_column][\/vc_row][\/vc_section]<\/p>\n<\/div>","protected":false},"excerpt":{"rendered":"<p>[vc_row mobile_bg_img_hidden=&#8221;no&#8221; tablet_bg_img_hidden=&#8221;no&#8221; woodmart_parallax=&#8221;0&#8243; woodmart_gradient_switch=&#8221;no&#8221; row_reverse_mobile=&#8221;0&#8243; row_reverse_tablet=&#8221;0&#8243; woodmart_disable_overflow=&#8221;0&#8243;][vc_column offset=&#8221;vc_hidden-sm vc_hidden-xs&#8221; mobile_bg_img_hidden=&#8221;no&#8221; tablet_bg_img_hidden=&#8221;no&#8221; woodmart_parallax=&#8221;0&#8243; woodmart_sticky_column=&#8221;false&#8221; parallax_scroll=&#8221;no&#8221; mobile_reset_margin=&#8221;no&#8221; tablet_reset_margin=&#8221;no&#8221;][vc_raw_html]JTVCcmFua19tYXRoX2JyZWFkY3J1bWIlNUQ=[\/vc_raw_html][\/vc_column][\/vc_row][vc_section full_width=&#8221;stretch_row&#8221; css=&#8221;.vc_custom_1671261486831{padding-top: 0px<\/p>\n","protected":false},"author":1,"featured_media":0,"parent":0,"menu_order":0,"comment_status":"closed","ping_status":"closed","template":"","meta":{"_joinchat":[],"footnotes":""},"class_list":["post-8476","page","type-page","status-publish","hentry"],"_links":{"self":[{"href":"https:\/\/soleyes.es\/fi\/wp-json\/wp\/v2\/pages\/8476","targetHints":{"allow":["GET"]}}],"collection":[{"href":"https:\/\/soleyes.es\/fi\/wp-json\/wp\/v2\/pages"}],"about":[{"href":"https:\/\/soleyes.es\/fi\/wp-json\/wp\/v2\/types\/page"}],"author":[{"embeddable":true,"href":"https:\/\/soleyes.es\/fi\/wp-json\/wp\/v2\/users\/1"}],"replies":[{"embeddable":true,"href":"https:\/\/soleyes.es\/fi\/wp-json\/wp\/v2\/comments?post=8476"}],"version-history":[{"count":15,"href":"https:\/\/soleyes.es\/fi\/wp-json\/wp\/v2\/pages\/8476\/revisions"}],"predecessor-version":[{"id":9375,"href":"https:\/\/soleyes.es\/fi\/wp-json\/wp\/v2\/pages\/8476\/revisions\/9375"}],"wp:attachment":[{"href":"https:\/\/soleyes.es\/fi\/wp-json\/wp\/v2\/media?parent=8476"}],"curies":[{"name":"wp","href":"https:\/\/api.w.org\/{rel}","templated":true}]}}