{"id":8444,"date":"2022-12-21T08:27:33","date_gmt":"2022-12-21T08:27:33","guid":{"rendered":"https:\/\/soleyes.eu\/?page_id=8444"},"modified":"2024-07-29T14:46:26","modified_gmt":"2024-07-29T14:46:26","slug":"ikanakoleikkaus","status":"publish","type":"page","link":"https:\/\/soleyes.es\/fi\/silmaleikkaukset\/ikanakoleikkaus\/","title":{"rendered":"Ik\u00e4n\u00e4k\u00f6"},"content":{"rendered":"<div class=\"wpb-content-wrapper\"><p>[vc_row][vc_column offset=&#8221;vc_hidden-sm vc_hidden-xs&#8221; mobile_bg_img_hidden=&#8221;no&#8221; tablet_bg_img_hidden=&#8221;no&#8221; woodmart_parallax=&#8221;0&#8243; woodmart_sticky_column=&#8221;false&#8221; parallax_scroll=&#8221;no&#8221; mobile_reset_margin=&#8221;no&#8221; tablet_reset_margin=&#8221;no&#8221;][vc_raw_html]JTVCcmFua19tYXRoX2JyZWFkY3J1bWIlNUQ=[\/vc_raw_html][\/vc_column][\/vc_row][vc_section full_width=&#8221;stretch_row&#8221; css=&#8221;.vc_custom_1591869405821{padding-top: 0px !important;}&#8221; mobile_bg_img_hidden=&#8221;no&#8221; tablet_bg_img_hidden=&#8221;no&#8221; woodmart_parallax=&#8221;0&#8243; woodmart_gradient_switch=&#8221;no&#8221; woodmart_disable_overflow=&#8221;0&#8243;][vc_row full_width=&#8221;stretch_row&#8221; content_placement=&#8221;middle&#8221; woodmart_bg_position=&#8221;right-bottom&#8221; mobile_bg_img_hidden=&#8221;yes&#8221; tablet_bg_img_hidden=&#8221;no&#8221; woodmart_parallax=&#8221;0&#8243; woodmart_gradient_switch=&#8221;no&#8221; row_reverse_mobile=&#8221;0&#8243; row_reverse_tablet=&#8221;0&#8243; woodmart_disable_overflow=&#8221;0&#8243; css=&#8221;.vc_custom_1598522853511{margin-top: 4vh !important;margin-bottom: 6vh !important;background-position: 0 0 !important;background-repeat: no-repeat !important;}&#8221;][vc_column css=&#8221;.vc_custom_1586509770404{margin-bottom: 4vh !important;padding-top: 0px !important;}&#8221; mobile_bg_img_hidden=&#8221;no&#8221; tablet_bg_img_hidden=&#8221;no&#8221; woodmart_parallax=&#8221;0&#8243; woodmart_sticky_column=&#8221;false&#8221; parallax_scroll=&#8221;no&#8221; mobile_reset_margin=&#8221;no&#8221; tablet_reset_margin=&#8221;no&#8221; offset=&#8221;vc_col-lg-6 vc_col-md-6&#8243;][vc_single_image image=&#8221;8544&#8243; img_size=&#8221;full&#8221; css=&#8221;.vc_custom_1677010335148{margin-bottom: 0px !important;margin-left: 40px !important;}&#8221; parallax_scroll=&#8221;no&#8221; woodmart_inline=&#8221;no&#8221;][\/vc_column][vc_column width=&#8221;5\/6&#8243; woodmart_bg_position=&#8221;right-bottom&#8221; css=&#8221;.vc_custom_1586509718518{margin-top: 0px !important;margin-right: 7% !important;margin-bottom: 4vh !important;margin-left: 7% !important;padding-top: 25px !important;}&#8221; mobile_bg_img_hidden=&#8221;no&#8221; tablet_bg_img_hidden=&#8221;no&#8221; woodmart_parallax=&#8221;0&#8243; woodmart_sticky_column=&#8221;false&#8221; parallax_scroll=&#8221;no&#8221; mobile_reset_margin=&#8221;no&#8221; tablet_reset_margin=&#8221;no&#8221; offset=&#8221;vc_col-lg-offset-0 vc_col-lg-6 vc_col-md-6 vc_col-xs-12&#8243;]\n\t\t<div id=\"wd-63f364d93a31e\" class=\"title-wrapper wd-wpb wd-set-mb reset-last-child  wd-rs-63f364d93a31e wd-title-color-alt wd-title-style-underlined-2 text-left vc_custom_1676895472254 wd-width-enabled wd-underline-colored\" style=\"--wd-max-width: 80%;\">\n\t\t\t\t\t\t\t\n\t\t\t\t<div class=\"title-subtitle  subtitle-color-alt font-default subtitle-style-default wd-font-weight- wd-fontsize-xs\">Ik\u00e4n\u00e4k\u00f6leikkaus Fuengirolassa, Malagassa<\/div>\n\t\t\t\n\t\t\t<div class=\"liner-continer\">\n\t\t\t\t<h1 class=\"woodmart-title-container title  wd-font-weight- wd-fontsize-xxl\" >Ik\u00e4n\u00e4k\u00f6<\/h1>\n\t\t\t\t\t\t\t<\/div>\n\t\t\t\n\t\t\t\n\t\t\t\n\t\t<\/div>\n\t\t\n\t\t\t\t\t<div id=\"wd-63f36512b9900\" class=\"wd-text-block-wrapper wd-wpb wd-rs-63f36512b9900 color-scheme- text-left wd-width-enabled vc_custom_1676895543957\" style=\"--wd-max-width: 90%;\">\n\t\t\t\t<div class=\"woodmart-title-container woodmart-text-block reset-last-child font-text wd-font-weight-400 \">\n\t\t\t\t\t<strong>Presbyopia eli ik\u00e4n\u00e4k\u00f6<\/strong> on normaali ik\u00e4\u00e4ntymiseen liittyv\u00e4 tapahtuma, se esiintyy kaikilla 40 ik\u00e4vuoden j\u00e4lkeen.<\/p>\n<p>Silm\u00e4n linssin kyky akkomodoida eli katsoa l\u00e4helle heikkenee. Sen huomaa esimerkiksi lukemisessa tai puhelimen k\u00e4yt\u00f6ss\u00e4.<\/p>\n<p><strong>Sol Eyes klinikka<\/strong> on erikoistunut hoitoihin joilla tarve silm\u00e4laseihin poistuu.<\/p>\n<p>Spesialistimme arvioivat jokaisen asiakkaan tarpeet yksil\u00f6llisesti tarjotakseen parhaan ratkaisun ja taatakseen optimaalisen lopputuloksen.\t\t\t\t<\/div>\n\n\t\t\t\t\t\t\t<\/div>\n\t\t<div id=\"wd-63f370bf95795\" class=\" wd-rs-63f370bf95795   wd-rs-63f370bf95795 wd-button-wrapper text-center inline-element\"><a href=\"#cita-previa\" title=\"\" class=\"btn btn-color-primary btn-style-default btn-shape-rectangle btn-size-default wd-open-popup \">ONLINE AJANVARAUS<\/a><\/div><div id=\"cita-previa\" class=\"mfp-hide wd-popup wd-popup-element wd-scroll-content\" style=\"--wd-popup-width:800px;\">[vc_raw_html]JTVCaHRtbF9ibG9jayUyMGlkJTNEJTIyNzE4OCUyMiU1RA==[\/vc_raw_html]<\/div><div id=\"wd-63f3659b741a2\" class=\" wd-rs-63f3659b741a2  wd-button-wrapper text-center inline-element\"><a href=\"#faq\" title=\"\" class=\"btn btn-style-default btn-shape-rectangle btn-size-default\">Kysymyksi\u00e4 ik\u00e4n\u00e4\u00f6st\u00e4?<\/a><\/div>[\/vc_column][\/vc_row][vc_row equal_height=&#8221;yes&#8221; content_placement=&#8221;top&#8221; css=&#8221;.vc_custom_1610029386117{margin-bottom: 4vh !important;}&#8221; mobile_bg_img_hidden=&#8221;no&#8221; tablet_bg_img_hidden=&#8221;no&#8221; woodmart_parallax=&#8221;0&#8243; woodmart_gradient_switch=&#8221;no&#8221; row_reverse_mobile=&#8221;0&#8243; row_reverse_tablet=&#8221;0&#8243; woodmart_disable_overflow=&#8221;0&#8243;][vc_column css=&#8221;.vc_custom_1610029120249{margin-bottom: 0px !important;padding-top: 0px !important;}&#8221; offset=&#8221;vc_col-md-12 vc_col-xs-12&#8243; mobile_bg_img_hidden=&#8221;no&#8221; tablet_bg_img_hidden=&#8221;no&#8221; woodmart_parallax=&#8221;0&#8243; woodmart_sticky_column=&#8221;false&#8221; parallax_scroll=&#8221;no&#8221; mobile_reset_margin=&#8221;no&#8221; tablet_reset_margin=&#8221;no&#8221;]\n\t\t<div id=\"wd-63f365d1cbc43\" class=\"title-wrapper wd-wpb wd-set-mb reset-last-child  wd-rs-63f365d1cbc43 wd-title-color-alt wd-title-style-underlined text-center vc_custom_1676895706878 wd-underline-colored\">\n\t\t\t\n\t\t\t<div class=\"liner-continer\">\n\t\t\t\t<h4 class=\"woodmart-title-container title  wd-font-weight- wd-fontsize-l\" >Kaksi mahdollista hoitokeinoa:<\/h4>\n\t\t\t\t\t\t\t<\/div>\n\t\t\t\n\t\t\t\n\t\t\t\n\t\t<\/div>\n\t\t\n\t\t\t\t<div id=\"wd-66a7ab3145228\" class=\"wd-text-block wd-wpb reset-last-child wd-rs-66a7ab3145228 text-left wd-fontsize-m \">\n\t\t\t<h4 style=\"text-align: center;\"><span style=\"color: #00aeef;\">Edistyksellinen teknologia on parantanut tuloksia huomattavasti. Kaikissa laserlaitteissa ei ole vastaavaa teknologiaa.<\/span><\/h4>\n\t\t<\/div>\n\t\t[\/vc_column][vc_column css=&#8221;.vc_custom_1535092319384{margin-bottom: 4vh !important;padding-top: 0px !important;padding-right: 20px !important;padding-left: 20px !important;}&#8221; offset=&#8221;vc_col-md-6 vc_col-xs-12&#8243;]\t\t\t<div class=\"info-box-wrapper\">\n\t\t\t\t<div id=\"wd-63f3665729084\" class=\" wd-rs-63f3665729084 wd-info-box wd-wpb text-left box-icon-align-left box-style- color-scheme-dark wd-bg-none wd-items-top \">\n\t\t\t\t\t\t\t\t\t\t\t<div class=\"box-icon-wrapper  box-with-text text-size-default box-icon-simple\">\n\t\t\t\t\t\t\t<div class=\"info-box-icon\">\n\n\t\t\t\t\t\t\t\t\t\t\t\t\t\t\t1.\t\t\t\t\t\t\t\n\t\t\t\t\t\t\t<\/div>\n\t\t\t\t\t\t<\/div>\n\t\t\t\t\t\t\t\t\t\t<div class=\"info-box-content\">\n\t\t\t\t\t\t<h4 class=\"info-box-title title box-title-style-default wd-fontsize-m\">Linssileikkaus<\/h4>\t\t\t\t\t\t<div class=\"info-box-inner reset-last-child\"><p><strong>Linssileikkauksessa<\/strong> vaihdetaan oman linssin tilalle moniteholinssi. T\u00e4m\u00e4n linssin avulla on mahdollista n\u00e4hd\u00e4 kaikille et\u00e4isyyksille. Toimenpiteen kesto 15-20 minuuttia. Toimenpide suoritetaan paikallispuudutuksessa ja asiakas p\u00e4\u00e4see nopeasti kotiin lev\u00e4tty\u00e4\u00e4n hetken toimenpiteen j\u00e4lkeen odotushuoneessa.<\/p>\n<\/div>\n\n\t\t\t\t\t\t\t\t\t\t\t<\/div>\n\n\t\t\t\t\t\n\t\t\t\t\t<style><\/style>\t\t\t\t<\/div>\n\t\t\t<\/div>\n\t\t[\/vc_column][vc_column offset=&#8221;vc_col-md-6 vc_col-xs-12&#8243; mobile_bg_img_hidden=&#8221;no&#8221; tablet_bg_img_hidden=&#8221;no&#8221; woodmart_parallax=&#8221;0&#8243; woodmart_sticky_column=&#8221;false&#8221; parallax_scroll=&#8221;no&#8221; mobile_reset_margin=&#8221;no&#8221; tablet_reset_margin=&#8221;no&#8221; css=&#8221;.vc_custom_1610029519243{padding-top: 0px !important;padding-right: 20px !important;padding-bottom: 4vh !important;padding-left: 20px !important;}&#8221;]\t\t\t<div class=\"info-box-wrapper\">\n\t\t\t\t<div id=\"wd-63f36712919e3\" class=\" wd-rs-63f36712919e3 wd-info-box wd-wpb text-left box-icon-align-left box-style- color-scheme-dark wd-bg-none wd-items-top \">\n\t\t\t\t\t\t\t\t\t\t\t<div class=\"box-icon-wrapper  box-with-text text-size-default box-icon-simple\">\n\t\t\t\t\t\t\t<div class=\"info-box-icon\">\n\n\t\t\t\t\t\t\t\t\t\t\t\t\t\t\t2.\t\t\t\t\t\t\t\n\t\t\t\t\t\t\t<\/div>\n\t\t\t\t\t\t<\/div>\n\t\t\t\t\t\t\t\t\t\t<div class=\"info-box-content\">\n\t\t\t\t\t\t<h4 class=\"info-box-title title box-title-style-default wd-fontsize-m\">Eximer laser<\/h4>\t\t\t\t\t\t<div class=\"info-box-inner reset-last-child\"><p><strong>Eximer laser<\/strong> SUPRACOR. Moderni Eximer laser sis\u00e4lt\u00e4\u00e4 ik\u00e4n\u00e4k\u00f6ohjelman. T\u00e4m\u00e4 hoito mahdollistaa my\u00f6s ik\u00e4\u00f6n korjauksen ilman silm\u00e4n sis\u00e4ist\u00e4 leikkausta, linssin vaihtoa. T\u00e4m\u00e4n hoidon nimi on <strong>Supracor.<\/strong><br \/>\nHoito mahdollistaa asiakkaale muutamassa sekunnissa taas n\u00e4hd\u00e4 ilman laseja suurimman osan p\u00e4ivitt\u00e4ist\u00e4 toimintaa.<\/p>\n<\/div>\n\n\t\t\t\t\t\t\t\t\t\t\t<\/div>\n\n\t\t\t\t\t\n\t\t\t\t\t<style><\/style>\t\t\t\t<\/div>\n\t\t\t<\/div>\n\t\t[\/vc_column][\/vc_row][vc_row mobile_bg_img_hidden=&#8221;no&#8221; tablet_bg_img_hidden=&#8221;no&#8221; woodmart_parallax=&#8221;0&#8243; woodmart_gradient_switch=&#8221;no&#8221; row_reverse_mobile=&#8221;0&#8243; row_reverse_tablet=&#8221;0&#8243; woodmart_disable_overflow=&#8221;0&#8243; woodmart_css_id=&#8221;63d24a7a8f12b&#8221; responsive_spacing=&#8221;eyJwYXJhbV90eXBlIjoid29vZG1hcnRfcmVzcG9uc2l2ZV9zcGFjaW5nIiwic2VsZWN0b3JfaWQiOiI2M2QyNGE3YThmMTJiIiwic2hvcnRjb2RlIjoidmNfcm93IiwiZGF0YSI6eyJ0YWJsZXQiOnt9LCJtb2JpbGUiOnt9fX0=&#8221; woodmart_box_shadow=&#8221;no&#8221; wd_z_index=&#8221;no&#8221;][vc_column][vc_video link=&#8221;https:\/\/www.youtube.com\/watch?v=XRK2_5N0uOQ&#8221; align=&#8221;center&#8221; image_poster_switch=&#8221;no&#8221;][\/vc_column][\/vc_row][\/vc_section][vc_section full_width=&#8221;stretch_row&#8221; woodmart_gradient_switch=&#8221;yes&#8221; woodmart_color_gradient=&#8221;rgb(14, 145, 227)-0\/rgb(138, 218, 255)-100\/|linear-gradient(top , rgb(14, 145, 227) , rgb(138, 218, 255) 100%)|linear|top&#8221; css=&#8221;.vc_custom_1610086297007{margin-bottom: 0px !important;border-bottom-width: 8vh !important;padding-top: 0px !important;background-color: #ffffff !important;}&#8221; mobile_bg_img_hidden=&#8221;no&#8221; tablet_bg_img_hidden=&#8221;no&#8221; woodmart_parallax=&#8221;0&#8243; woodmart_disable_overflow=&#8221;0&#8243;][\/vc_section][vc_row full_width=&#8221;stretch_row&#8221; equal_height=&#8221;yes&#8221; css_animation=&#8221;none&#8221; css=&#8221;.vc_custom_1610086369721{margin-right: -40px !important;margin-bottom: 8vh !important;margin-left: -40px !important;padding-top: 8vh !important;background-color: #ffffff !important;}&#8221; mobile_bg_img_hidden=&#8221;no&#8221; tablet_bg_img_hidden=&#8221;no&#8221; woodmart_parallax=&#8221;0&#8243; woodmart_gradient_switch=&#8221;no&#8221; row_reverse_mobile=&#8221;0&#8243; row_reverse_tablet=&#8221;0&#8243; woodmart_disable_overflow=&#8221;0&#8243;][vc_column offset=&#8221;vc_col-lg-6 vc_col-md-6&#8243; css=&#8221;.vc_custom_1496932335926{border-right-width: 1px !important;padding-top: 20px !important;padding-right: 40px !important;padding-bottom: 10px !important;padding-left: 40px !important;border-right-color: rgba(129,129,129,0.2) !important;border-right-style: solid !important;}&#8221;]\n\t\t<div id=\"wd-63f36753ea05d\" class=\"title-wrapper wd-wpb wd-set-mb reset-last-child  wd-rs-63f36753ea05d wd-title-color-default wd-title-style-bordered text-left vc_custom_1676896114330 wd-underline-colored\">\n\t\t\t\n\t\t\t<div class=\"liner-continer\">\n\t\t\t\t<h4 class=\"woodmart-title-container title  wd-font-weight- wd-fontsize-l\" >PARASTA N\u00c4\u00d6LLESI<\/h4>\n\t\t\t\t\t\t\t<\/div>\n\t\t\t\n\t\t\t\n\t\t\t\n\t\t<\/div>\n\t\t\n\t\t[vc_column_text text_larger=&#8221;no&#8221; woodmart_inline=&#8221;no&#8221;]<strong>Sol Eyes klinikka<\/strong> on erikoistunut uusimpiin hoitoihin joilla poistetaan lukulasien tarve ja mahdollisuus n\u00e4hd\u00e4 ilman silm\u00e4laseja.<\/p>\n<p>Spesialistimme arvioivat jokaisen asiakkaan tarpeet yksil\u00f6llisesti tarjotakseen parhaan ratkaisun ja taatakseen optimaalisen lopputuloksen.<\/p>\n<p>On tarpeen tehd\u00e4 perusteelliset tutkimukset. N\u00e4in voidaan valita paras hoitomuoto juuri sinulle.[\/vc_column_text][vc_separator css=&#8221;.vc_custom_1484254145420{margin-bottom: 30px !important;}&#8221;][\/vc_column][vc_column offset=&#8221;vc_col-lg-6 vc_col-md-6&#8243; css=&#8221;.vc_custom_1496932331302{padding-top: 20px !important;padding-right: 40px !important;padding-bottom: 10px !important;padding-left: 40px !important;}&#8221;]\n\t\t<div id=\"wd-63f3d3ae83f7e\" class=\"title-wrapper wd-wpb wd-set-mb reset-last-child  wd-rs-63f3d3ae83f7e wd-title-color-default wd-title-style-bordered text-left vc_custom_1676923827803 wd-underline-colored\">\n\t\t\t\n\t\t\t<div class=\"liner-continer\">\n\t\t\t\t<h4 class=\"woodmart-title-container title  wd-font-weight- wd-fontsize-l\" >Ota yhteytt\u00e4 jo t\u00e4n\u00e4\u00e4n ja varaa vastaanottoaika!<\/h4>\n\t\t\t\t\t\t\t<\/div>\n\t\t\t\n\t\t\t\n\t\t\t\n\t\t<\/div>\n\t\t\n\t\t\n<div class=\"wpcf7 no-js\" id=\"wpcf7-f8273-o1\" lang=\"fi\" dir=\"ltr\" data-wpcf7-id=\"8273\">\n<div class=\"screen-reader-response\"><p role=\"status\" aria-live=\"polite\" aria-atomic=\"true\"><\/p> <ul><\/ul><\/div>\n<form action=\"\/fi\/wp-json\/wp\/v2\/pages\/8444#wpcf7-f8273-o1\" method=\"post\" class=\"wpcf7-form init\" aria-label=\"Yhteydenottolomake\" novalidate=\"novalidate\" data-status=\"init\">\n<fieldset class=\"hidden-fields-container\"><input type=\"hidden\" name=\"_wpcf7\" value=\"8273\" \/><input type=\"hidden\" name=\"_wpcf7_version\" value=\"6.1.5\" \/><input type=\"hidden\" name=\"_wpcf7_locale\" value=\"fi\" \/><input type=\"hidden\" name=\"_wpcf7_unit_tag\" value=\"wpcf7-f8273-o1\" \/><input type=\"hidden\" name=\"_wpcf7_container_post\" value=\"0\" \/><input type=\"hidden\" name=\"_wpcf7_posted_data_hash\" value=\"\" \/>\n<\/fieldset>\n<p><input name=\"40abb915-880\" type=\"text\" value=\"782d80d3-2806-4c74-a337-0a9ccf01923c\" style=\"display:none\"  \/><input name=\"acf11ed5-311b-4173-a9b6-f4f5e62e2cf8\" type=\"text\" value=\"\" style=\"display:none\"  \/>\n<\/p>\n<p>Nimi (pakollinen)\n<\/p>\n<p><span class=\"wpcf7-form-control-wrap\" data-name=\"nombre\"><input size=\"40\" maxlength=\"400\" class=\"wpcf7-form-control wpcf7-text wpcf7-validates-as-required\" aria-required=\"true\" aria-invalid=\"false\" value=\"\" type=\"text\" name=\"nombre\" \/><\/span>\n<\/p>\n<p>Email (pakollinen)\n<\/p>\n<p><span class=\"wpcf7-form-control-wrap\" data-name=\"email\"><input size=\"40\" maxlength=\"400\" class=\"wpcf7-form-control wpcf7-email wpcf7-validates-as-required wpcf7-text wpcf7-validates-as-email\" aria-required=\"true\" aria-invalid=\"false\" value=\"\" type=\"email\" name=\"email\" \/><\/span>\n<\/p>\n<p>Puhelinnumero (pakollinen)\n<\/p>\n<p><span class=\"wpcf7-form-control-wrap\" data-name=\"tel-11\"><input size=\"40\" maxlength=\"400\" class=\"wpcf7-form-control wpcf7-tel wpcf7-validates-as-required wpcf7-text wpcf7-validates-as-tel\" aria-required=\"true\" aria-invalid=\"false\" value=\"\" type=\"tel\" name=\"tel-11\" \/><\/span>\n<\/p>\n<p><input class=\"wpcf7-form-control wpcf7-submit has-spinner btn btn-color-primary btn-shape-rectangle\" type=\"submit\" value=\"Online ajanvaraus\" \/>\n<\/p>\n<h5 class=\"color-primary uppercase\">Puhelin: +34 952 47 00 73 | Whatsapp: + 691 934 660\n<\/h5><div class=\"wpcf7-response-output\" aria-hidden=\"true\"><\/div>\n<\/form>\n<\/div>\n[\/vc_column][\/vc_row][vc_row full_width=&#8221;stretch_row&#8221; content_placement=&#8221;middle&#8221; css=&#8221;.vc_custom_1672165633322{padding-bottom: 2vh !important;background-color: #f9f9f9 !important;}&#8221; mobile_bg_img_hidden=&#8221;no&#8221; tablet_bg_img_hidden=&#8221;no&#8221; woodmart_parallax=&#8221;0&#8243; woodmart_gradient_switch=&#8221;no&#8221; row_reverse_mobile=&#8221;0&#8243; row_reverse_tablet=&#8221;0&#8243; woodmart_disable_overflow=&#8221;0&#8243; woodmart_css_id=&#8221;63ab38f3ec754&#8243; responsive_spacing=&#8221;eyJwYXJhbV90eXBlIjoid29vZG1hcnRfcmVzcG9uc2l2ZV9zcGFjaW5nIiwic2VsZWN0b3JfaWQiOiI2M2FiMzhmM2VjNzU0Iiwic2hvcnRjb2RlIjoidmNfcm93IiwiZGF0YSI6eyJ0YWJsZXQiOnt9LCJtb2JpbGUiOnt9fX0=&#8221; woodmart_box_shadow=&#8221;no&#8221; wd_z_index=&#8221;no&#8221; el_id=&#8221;faq&#8221;][vc_column css_animation=&#8221;wd-slide-from-bottom&#8221; css=&#8221;.vc_custom_1528449872275{padding-top: 0px !important;}&#8221;]\t\t\t<div id=\"wd-5ee35e8c63c51\" class=\"wd-text-block-wrapper wd-wpb wd-rs-5ee35e8c63c51 color-scheme-custom text-center vc_custom_1591959195706 hidden-md hidden-sm hidden-xs\">\n\t\t\t\t<div class=\"woodmart-title-container woodmart-text-block reset-last-child font-primary wd-font-weight-700 \">\n\t\t\t\t\tFAQ\t\t\t\t<\/div>\n\n\t\t\t\t\t\t\t<\/div>\n\t\t\t\t\t<div id=\"wd-63f36e7b5c4e2\" class=\"wd-text-block-wrapper wd-wpb wd-rs-63f36e7b5c4e2 color-scheme-dark text-center vc_custom_1676897921420\">\n\t\t\t\t<div class=\"woodmart-title-container woodmart-text-block reset-last-child font-primary wd-font-weight-500 \">\n\t\t\t\t\tVastaus kaikkiin kysymyksiin ik\u00e4n\u00e4\u00f6st\u00e4\t\t\t\t<\/div>\n\n\t\t\t\t\t\t\t<\/div>\n\t\t[vc_tta_accordion style=&#8221;modern&#8221; shape=&#8221;round&#8221; color=&#8221;white&#8221; c_icon=&#8221;chevron&#8221; c_position=&#8221;right&#8221; active_section=&#8221;1&#8243; collapsible_all=&#8221;true&#8221;][vc_tta_section title=&#8221;Mitk\u00e4 ovat oireet ik\u00e4n\u00e4\u00f6ss\u00e4?&#8221; tab_id=&#8221;1484652030151-41d816a1-ec06b85a-61f9&#8243;][vc_column_text text_larger=&#8221;no&#8221; woodmart_inline=&#8221;no&#8221;]H\u00e4m\u00e4r\u00e4 l\u00e4hin\u00e4k\u00f6 on yleisin oire.<br \/>\nAsiakas voi aluksi huomata, ett\u00e4 l\u00e4hell\u00e4 olevat kohteet t\u00e4risev\u00e4t, h\u00e4m\u00e4r\u00e4ss\u00e4 lukeminen hankaloituu. Oireet pahenevat jos niit\u00e4 ei korjata. T\u00e4m\u00e4 voi aiheuttaa:<\/p>\n<p>P\u00e4\u00e4ns\u00e4rky\u00e4<br \/>\nsilmien punoitusta<br \/>\nHuimausta[\/vc_column_text][\/vc_tta_section][vc_tta_section title=&#8221;Kuinka ik\u00e4n\u00e4k\u00f6\u00e4 korjataan?&#8221; tab_id=&#8221;1484652030190-407b08ef-5de7b85a-61f9&#8243;][vc_column_text text_larger=&#8221;no&#8221; woodmart_inline=&#8221;no&#8221;]Perinteisessti ik\u00e4n\u00e4k\u00f6 korjataan silm\u00e4laseilla. Joko pelk\u00e4ll\u00e4 l\u00e4hilaseilla tai, jos asiakkaalla on aikaisemmin ollut kaukolasit, moniteholaseilla jotka n\u00e4kev\u00e4t kaikille et\u00e4isyyksille.<\/p>\n<p>.[\/vc_column_text][\/vc_tta_section][vc_tta_section title=&#8221;Onko olemassa vaihtoehtoja lukulaseille?&#8221; tab_id=&#8221;1484652030219-c6960c7e-ee62b85a-61f9&#8243;][vc_column_text text_larger=&#8221;no&#8221; woodmart_inline=&#8221;no&#8221;]Kyll\u00e4, silm\u00e4n sis\u00e4isten linssien kehitys on mahdollistanut vaihtoehdon perinteisille l\u00e4hilaseille.<br \/>\nMeill\u00e4 on k\u00e4yt\u00f6ss\u00e4 moniteholinssit jotka korvaavat asiakkaan oman linssin. T\u00e4m\u00e4 mahdollistaa n\u00e4kemisen kaikille et\u00e4isyyksille ilman laseja ja silm\u00e4jaseja tarvitsee vain mahdollisesti jossain poikkeustilanteissa.<\/p>\n<p>On tarpeellista suorittaa perusteellinen tutkimus jossa selitet\u00e4\u00e4n millainen linssi on paras juuri kyseiselle asiakkaalle.<br \/>\nOn toinenkin mahdollisuus hoitoon, eximer laser.<br \/>\nT\u00e4ss\u00e4 toimenpiteess\u00e4 hoidetaan silm\u00e4n pintaa ilman, ett\u00e4 asikkaan omaa linssi\u00e4 silm\u00e4n silt\u00e4 tarvitsee vaihtaa. Esitutkimuksessa l\u00e4\u00e4k\u00e4ri kertoo eri vaihtoehdoista ja niiden mahdollisista rajoituksista.[\/vc_column_text][\/vc_tta_section][vc_tta_section title=&#8221;Onko olemassa parasta hoitomuotoa korjaamaan ik\u00e4n\u00e4k\u00f6\u00e4?&#8221; tab_id=&#8221;1671613598348-62d82892-d622&#8243;][vc_column_text text_larger=&#8221;no&#8221; woodmart_inline=&#8221;no&#8221;]Ei. Mahdollisia hoitomuotoja on useita. Esitutkimus ja siihen liittyv\u00e4t mittaukset kertovat asiantuntijalle mik\u00e4 hoitomuoto on paras juuri kyseoselle asiakkaalle.[\/vc_column_text][\/vc_tta_section][\/vc_tta_accordion][\/vc_column][\/vc_row][vc_row equal_height=&#8221;yes&#8221; css_animation=&#8221;fadeIn&#8221; disable_element=&#8221;yes&#8221; css=&#8221;.vc_custom_1616595531714{margin-right: -50px !important;margin-bottom: 8vh !important;margin-left: -50px !important;}&#8221; mobile_bg_img_hidden=&#8221;no&#8221; tablet_bg_img_hidden=&#8221;no&#8221; woodmart_parallax=&#8221;0&#8243; woodmart_gradient_switch=&#8221;no&#8221; row_reverse_mobile=&#8221;0&#8243; row_reverse_tablet=&#8221;0&#8243; woodmart_disable_overflow=&#8221;0&#8243;][vc_column css=&#8221;.vc_custom_1591960207722{margin-bottom: 20px !important;padding-top: 15px !important;padding-right: 50px !important;padding-left: 50px !important;}&#8221; offset=&#8221;vc_col-lg-12 vc_col-md-12&#8243; mobile_bg_img_hidden=&#8221;no&#8221; tablet_bg_img_hidden=&#8221;no&#8221; woodmart_parallax=&#8221;0&#8243; woodmart_sticky_column=&#8221;false&#8221; parallax_scroll=&#8221;no&#8221; mobile_reset_margin=&#8221;no&#8221; tablet_reset_margin=&#8221;no&#8221;][\/vc_column][\/vc_row]<\/p>\n<\/div>","protected":false},"excerpt":{"rendered":"<p>[vc_row][vc_column offset=&#8221;vc_hidden-sm vc_hidden-xs&#8221; mobile_bg_img_hidden=&#8221;no&#8221; tablet_bg_img_hidden=&#8221;no&#8221; woodmart_parallax=&#8221;0&#8243; woodmart_sticky_column=&#8221;false&#8221; parallax_scroll=&#8221;no&#8221; mobile_reset_margin=&#8221;no&#8221; tablet_reset_margin=&#8221;no&#8221;][vc_raw_html]JTVCcmFua19tYXRoX2JyZWFkY3J1bWIlNUQ=[\/vc_raw_html][\/vc_column][\/vc_row][vc_section full_width=&#8221;stretch_row&#8221; css=&#8221;.vc_custom_1591869405821{padding-top: 0px !important;}&#8221; mobile_bg_img_hidden=&#8221;no&#8221; tablet_bg_img_hidden=&#8221;no&#8221; woodmart_parallax=&#8221;0&#8243; woodmart_gradient_switch=&#8221;no&#8221; woodmart_disable_overflow=&#8221;0&#8243;][vc_row full_width=&#8221;stretch_row&#8221;<\/p>\n","protected":false},"author":1,"featured_media":0,"parent":8476,"menu_order":0,"comment_status":"closed","ping_status":"closed","template":"","meta":{"_joinchat":[],"footnotes":""},"class_list":["post-8444","page","type-page","status-publish","hentry"],"_links":{"self":[{"href":"https:\/\/soleyes.es\/fi\/wp-json\/wp\/v2\/pages\/8444","targetHints":{"allow":["GET"]}}],"collection":[{"href":"https:\/\/soleyes.es\/fi\/wp-json\/wp\/v2\/pages"}],"about":[{"href":"https:\/\/soleyes.es\/fi\/wp-json\/wp\/v2\/types\/page"}],"author":[{"embeddable":true,"href":"https:\/\/soleyes.es\/fi\/wp-json\/wp\/v2\/users\/1"}],"replies":[{"embeddable":true,"href":"https:\/\/soleyes.es\/fi\/wp-json\/wp\/v2\/comments?post=8444"}],"version-history":[{"count":16,"href":"https:\/\/soleyes.es\/fi\/wp-json\/wp\/v2\/pages\/8444\/revisions"}],"predecessor-version":[{"id":9297,"href":"https:\/\/soleyes.es\/fi\/wp-json\/wp\/v2\/pages\/8444\/revisions\/9297"}],"up":[{"embeddable":true,"href":"https:\/\/soleyes.es\/fi\/wp-json\/wp\/v2\/pages\/8476"}],"wp:attachment":[{"href":"https:\/\/soleyes.es\/fi\/wp-json\/wp\/v2\/media?parent=8444"}],"curies":[{"name":"wp","href":"https:\/\/api.w.org\/{rel}","templated":true}]}}