{"id":8279,"date":"2022-12-17T19:17:59","date_gmt":"2022-12-17T19:17:59","guid":{"rendered":"https:\/\/soleyes.eu\/?page_id=8279"},"modified":"2024-07-29T14:43:04","modified_gmt":"2024-07-29T14:43:04","slug":"kaihileikkaus","status":"publish","type":"page","link":"https:\/\/soleyes.es\/fi\/silmaleikkaukset\/kaihileikkaus\/","title":{"rendered":"Kaihileikkaus"},"content":{"rendered":"<div class=\"wpb-content-wrapper\"><p>[vc_row][vc_column offset=&#8221;vc_hidden-sm vc_hidden-xs&#8221; mobile_bg_img_hidden=&#8221;no&#8221; tablet_bg_img_hidden=&#8221;no&#8221; woodmart_parallax=&#8221;0&#8243; woodmart_sticky_column=&#8221;false&#8221; parallax_scroll=&#8221;no&#8221; mobile_reset_margin=&#8221;no&#8221; tablet_reset_margin=&#8221;no&#8221;][vc_raw_html]JTVCcmFua19tYXRoX2JyZWFkY3J1bWIlNUQ=[\/vc_raw_html][\/vc_column][\/vc_row][vc_section full_width=&#8221;stretch_row&#8221; css=&#8221;.vc_custom_1591869405821{padding-top: 0px !important;}&#8221; mobile_bg_img_hidden=&#8221;no&#8221; tablet_bg_img_hidden=&#8221;no&#8221; woodmart_parallax=&#8221;0&#8243; woodmart_gradient_switch=&#8221;no&#8221; woodmart_disable_overflow=&#8221;0&#8243;][vc_row full_width=&#8221;stretch_row&#8221; content_placement=&#8221;middle&#8221; woodmart_bg_position=&#8221;right-bottom&#8221; mobile_bg_img_hidden=&#8221;yes&#8221; tablet_bg_img_hidden=&#8221;no&#8221; woodmart_parallax=&#8221;0&#8243; woodmart_gradient_switch=&#8221;no&#8221; row_reverse_mobile=&#8221;0&#8243; row_reverse_tablet=&#8221;0&#8243; woodmart_disable_overflow=&#8221;0&#8243; css=&#8221;.vc_custom_1598522853511{margin-top: 4vh !important;margin-bottom: 6vh !important;background-position: 0 0 !important;background-repeat: no-repeat !important;}&#8221;][vc_column css=&#8221;.vc_custom_1586509770404{margin-bottom: 4vh !important;padding-top: 0px !important;}&#8221; mobile_bg_img_hidden=&#8221;no&#8221; tablet_bg_img_hidden=&#8221;no&#8221; woodmart_parallax=&#8221;0&#8243; woodmart_sticky_column=&#8221;false&#8221; parallax_scroll=&#8221;no&#8221; mobile_reset_margin=&#8221;no&#8221; tablet_reset_margin=&#8221;no&#8221; offset=&#8221;vc_col-lg-6 vc_col-md-6&#8243;][vc_single_image image=&#8221;8275&#8243; img_size=&#8221;full&#8221; css=&#8221;.vc_custom_1676447677599{margin-bottom: 0px !important;margin-left: 40px !important;}&#8221; parallax_scroll=&#8221;no&#8221; woodmart_inline=&#8221;no&#8221;][\/vc_column][vc_column width=&#8221;5\/6&#8243; woodmart_bg_position=&#8221;right-bottom&#8221; css=&#8221;.vc_custom_1586509718518{margin-top: 0px !important;margin-right: 7% !important;margin-bottom: 4vh !important;margin-left: 7% !important;padding-top: 25px !important;}&#8221; mobile_bg_img_hidden=&#8221;no&#8221; tablet_bg_img_hidden=&#8221;no&#8221; woodmart_parallax=&#8221;0&#8243; woodmart_sticky_column=&#8221;false&#8221; parallax_scroll=&#8221;no&#8221; mobile_reset_margin=&#8221;no&#8221; tablet_reset_margin=&#8221;no&#8221; offset=&#8221;vc_col-lg-offset-0 vc_col-lg-6 vc_col-md-6 vc_col-xs-12&#8243;]\n\t\t<div id=\"wd-63ec93c5e02ce\" class=\"title-wrapper wd-wpb wd-set-mb reset-last-child  wd-rs-63ec93c5e02ce wd-title-color-alt wd-title-style-underlined-2 text-left vc_custom_1676448843227 wd-width-enabled wd-underline-colored\" style=\"--wd-max-width: 80%;\">\n\t\t\t\t\t\t\t\n\t\t\t\t<div class=\"title-subtitle  subtitle-color-alt font-default subtitle-style-default wd-font-weight- wd-fontsize-m\">Kaihileikkaus Aurinkorannikko, Fuengirola<\/div>\n\t\t\t\n\t\t\t<div class=\"liner-continer\">\n\t\t\t\t<h1 class=\"woodmart-title-container title  wd-font-weight-600 wd-fontsize-xxxl\" >Kaihileikkaus<\/h1>\n\t\t\t\t\t\t\t<\/div>\n\t\t\t\n\t\t\t\n\t\t\t\n\t\t<\/div>\n\t\t\n\t\t\t\t\t<div id=\"wd-63ec90afa619a\" class=\"wd-text-block-wrapper wd-wpb wd-rs-63ec90afa619a color-scheme- text-left wd-width-enabled vc_custom_1676447921620\" style=\"--wd-max-width: 90%;\">\n\t\t\t\t<div class=\"woodmart-title-container woodmart-text-block reset-last-child font-text wd-font-weight-400 \">\n\t\t\t\t\tHarmaakaihileikkaus on maailman yleisin yksitt\u00e4inen toimenpide. Kaihi kehittyy meille jokaiselle, enemmin tai my\u00f6hemmin, ja l\u00e4hes jokainen k\u00e4y el\u00e4m\u00e4ns\u00e4 aikana harmaakaihileikkauksessa.<\/p>\n<p>Harmaakaihileikkauksessa samentunut myki\u00f6 vaihdetaan kirkkaaseen tekomyki\u00f6\u00f6n, jolloin el\u00e4m\u00e4\u00e4 haittaavat oireet poistuvat.\t\t\t\t<\/div>\n\n\t\t\t\t\t\t\t<\/div>\n\t\t<div id=\"wd-63ec90baf3d00\" class=\" wd-rs-63ec90baf3d00  wd-button-wrapper text-left\"><a href=\"https:\/\/soleyes.es\/fi\/online-ajanvaraus\/\" title=\"Online ajanvaraus\" class=\"btn btn-color-primary btn-style-default btn-shape-rectangle btn-size-default\">Online ajanvaraus<\/a><\/div>[\/vc_column][\/vc_row][vc_row full_width=&#8221;stretch_row&#8221; content_placement=&#8221;middle&#8221; woodmart_bg_position=&#8221;right-bottom&#8221; mobile_bg_img_hidden=&#8221;yes&#8221; tablet_bg_img_hidden=&#8221;no&#8221; woodmart_parallax=&#8221;0&#8243; woodmart_gradient_switch=&#8221;no&#8221; row_reverse_mobile=&#8221;0&#8243; row_reverse_tablet=&#8221;0&#8243; woodmart_disable_overflow=&#8221;0&#8243; css=&#8221;.vc_custom_1598522853511{margin-top: 4vh !important;margin-bottom: 6vh !important;background-position: 0 0 !important;background-repeat: no-repeat !important;}&#8221;][vc_column width=&#8221;5\/6&#8243; woodmart_bg_position=&#8221;right-bottom&#8221; css=&#8221;.vc_custom_1586509718518{margin-top: 0px !important;margin-right: 7% !important;margin-bottom: 4vh !important;margin-left: 7% !important;padding-top: 25px !important;}&#8221; mobile_bg_img_hidden=&#8221;no&#8221; tablet_bg_img_hidden=&#8221;no&#8221; woodmart_parallax=&#8221;0&#8243; woodmart_sticky_column=&#8221;false&#8221; parallax_scroll=&#8221;no&#8221; mobile_reset_margin=&#8221;no&#8221; tablet_reset_margin=&#8221;no&#8221; offset=&#8221;vc_col-lg-offset-0 vc_col-lg-6 vc_col-md-6 vc_col-xs-12&#8243;]\n\t\t<div id=\"wd-63ec90e96d3dd\" class=\"title-wrapper wd-wpb wd-set-mb reset-last-child  wd-rs-63ec90e96d3dd wd-title-color-alt wd-title-style-default text-left vc_custom_1676447984283 wd-width-enabled wd-underline-bordered\" style=\"--wd-max-width: 80%;\">\n\t\t\t\n\t\t\t<div class=\"liner-continer\">\n\t\t\t\t<h4 class=\"woodmart-title-container title  wd-font-weight-500 wd-fontsize-l\" >Oireet<\/h4>\n\t\t\t\t\t\t\t<\/div>\n\t\t\t\n\t\t\t\n\t\t\t\n\t\t<\/div>\n\t\t\n\t\t\t\t\t<div id=\"wd-63ec90f8de589\" class=\"wd-text-block-wrapper wd-wpb wd-rs-63ec90f8de589 color-scheme- text-left wd-width-enabled vc_custom_1676447995931\" style=\"--wd-max-width: 90%;\">\n\t\t\t\t<div class=\"woodmart-title-container woodmart-text-block reset-last-child font-text wd-font-weight-400 \">\n\t\t\t\t\tHarmaakaihessa myki\u00f6 samenee v\u00e4hitellen, oireena on alentunut n\u00e4\u00f6ntarkkuus, suurentunut valontarve, ongelmia esimerkiksi lukemisessa, kauas katselussa, h\u00e4m\u00e4r\u00e4ss\u00e4 toimiessa, autolla ajamisessa, pime\u00e4n\u00e4\u00f6ss\u00e4, eli useimmiten l\u00e4hes jokaisessa el\u00e4m\u00e4ntilanteessa. Osa ihmisist\u00e4 tottuu hitaasti etenev\u00e4\u00e4n tautiin niin, ett\u00e4 vasta leikkauksen j\u00e4lkeen ymm\u00e4rt\u00e4\u00e4 miten sameaa el\u00e4m\u00e4n katseleminen onkaan vuosikaudet ollut.\t\t\t\t<\/div>\n\n\t\t\t\t\t\t\t<\/div>\n\t\t[\/vc_column][vc_column css=&#8221;.vc_custom_1586509770404{margin-bottom: 4vh !important;padding-top: 0px !important;}&#8221; mobile_bg_img_hidden=&#8221;no&#8221; tablet_bg_img_hidden=&#8221;no&#8221; woodmart_parallax=&#8221;0&#8243; woodmart_sticky_column=&#8221;false&#8221; parallax_scroll=&#8221;no&#8221; mobile_reset_margin=&#8221;no&#8221; tablet_reset_margin=&#8221;no&#8221; offset=&#8221;vc_col-lg-6 vc_col-md-6&#8243;][vc_single_image image=&#8221;8090&#8243; img_size=&#8221;full&#8221; css=&#8221;.vc_custom_1674558501195{margin-bottom: 0px !important;margin-left: 40px !important;}&#8221; parallax_scroll=&#8221;no&#8221; woodmart_inline=&#8221;no&#8221;][\/vc_column][\/vc_row][\/vc_section][vc_section full_width=&#8221;stretch_row&#8221; woodmart_gradient_switch=&#8221;yes&#8221; woodmart_color_gradient=&#8221;rgb(14, 145, 227)-0\/rgb(138, 218, 255)-100\/|linear-gradient(top , rgb(14, 145, 227) , rgb(138, 218, 255) 100%)|linear|top&#8221; css=&#8221;.vc_custom_1672165479534{margin-bottom: 0px !important;border-bottom-width: 8vh !important;padding-top: 0px !important;}&#8221; mobile_bg_img_hidden=&#8221;no&#8221; tablet_bg_img_hidden=&#8221;no&#8221; woodmart_parallax=&#8221;0&#8243; woodmart_disable_overflow=&#8221;0&#8243; woodmart_css_id=&#8221;63ab3858346e6&#8243; responsive_spacing=&#8221;eyJwYXJhbV90eXBlIjoid29vZG1hcnRfcmVzcG9uc2l2ZV9zcGFjaW5nIiwic2VsZWN0b3JfaWQiOiI2M2FiMzg1ODM0NmU2Iiwic2hvcnRjb2RlIjoidmNfc2VjdGlvbiIsImRhdGEiOnsidGFibGV0Ijp7fSwibW9iaWxlIjp7fX19&#8243; woodmart_box_shadow=&#8221;no&#8221; wd_z_index=&#8221;no&#8221;][vc_row full_width=&#8221;stretch_row&#8221; content_placement=&#8221;middle&#8221; css=&#8221;.vc_custom_1672165459521{padding-top: 8vh !important;padding-bottom: 4vh !important;background-color: #0d91e2 !important;}&#8221; mobile_bg_img_hidden=&#8221;no&#8221; tablet_bg_img_hidden=&#8221;no&#8221; woodmart_parallax=&#8221;0&#8243; woodmart_gradient_switch=&#8221;no&#8221; row_reverse_mobile=&#8221;0&#8243; row_reverse_tablet=&#8221;0&#8243; woodmart_disable_overflow=&#8221;0&#8243; woodmart_css_id=&#8221;63ab38433b1bf&#8221; responsive_spacing=&#8221;eyJwYXJhbV90eXBlIjoid29vZG1hcnRfcmVzcG9uc2l2ZV9zcGFjaW5nIiwic2VsZWN0b3JfaWQiOiI2M2FiMzg0MzNiMWJmIiwic2hvcnRjb2RlIjoidmNfcm93IiwiZGF0YSI6eyJ0YWJsZXQiOnt9LCJtb2JpbGUiOnt9fX0=&#8221; woodmart_box_shadow=&#8221;no&#8221; wd_z_index=&#8221;no&#8221;][vc_column css_animation=&#8221;wd-slide-from-bottom&#8221; woodmart_color_scheme=&#8221;light&#8221; css=&#8221;.vc_custom_1609170236964{margin-bottom: 4vh !important;padding-right: 10% !important;padding-left: 10% !important;}&#8221; offset=&#8221;vc_col-xs-12&#8243; woodmart_parallax=&#8221;0&#8243; parallax_scroll=&#8221;no&#8221; woodmart_sticky_column=&#8221;false&#8221; mobile_bg_img_hidden=&#8221;no&#8221; tablet_bg_img_hidden=&#8221;no&#8221; mobile_reset_margin=&#8221;no&#8221; tablet_reset_margin=&#8221;no&#8221;]\n\t\t<div id=\"wd-63ec91068febe\" class=\"title-wrapper wd-wpb wd-set-mb reset-last-child  wd-rs-63ec91068febe wd-title-color-default wd-title-style-default text-left uppercase vc_custom_1676448007996 wd-underline-colored\">\n\t\t\t\n\t\t\t<div class=\"liner-continer\">\n\t\t\t\t<h4 class=\"woodmart-title-container title  wd-font-weight-500 wd-fontsize-l\" >Hoidon kulku<\/h4>\n\t\t\t\t\t\t\t<\/div>\n\t\t\t\n\t\t\t\n\t\t\t\n\t\t<\/div>\n\t\t\n\t\t[vc_row_inner][vc_column_inner width=&#8221;1\/3&#8243;]\t\t\t<div class=\"info-box-wrapper\">\n\t\t\t\t<div id=\"wd-63ec91139bae2\" class=\" wd-rs-63ec91139bae2 wd-info-box wd-wpb text-left box-icon-align-left box-style- color-scheme-light wd-bg-none wd-items-top \">\n\t\t\t\t\t\t\t\t\t\t\t<div class=\"box-icon-wrapper  box-with-text text-size-default box-icon-simple\">\n\t\t\t\t\t\t\t<div class=\"info-box-icon\">\n\n\t\t\t\t\t\t\t\t\t\t\t\t\t\t\t1.\t\t\t\t\t\t\t\n\t\t\t\t\t\t\t<\/div>\n\t\t\t\t\t\t<\/div>\n\t\t\t\t\t\t\t\t\t\t<div class=\"info-box-content\">\n\t\t\t\t\t\t<h4 class=\"info-box-title title box-title-style-default wd-fontsize-m\">Esitutkimus<\/h4>\t\t\t\t\t\t<div class=\"info-box-inner reset-last-child\"><p>Harmaakaihi-diagnoosi tehd\u00e4\u00e4n silm\u00e4l\u00e4\u00e4k\u00e4rin tai silm\u00e4klinikan optikon vastaanotolla. Tutkimuksessa mitataan n\u00e4\u00f6ntarkkuus ja tutkitaan silmien rakenteet, kammiokulmat, silm\u00e4npaine, myki\u00f6n rakenne, n\u00e4k\u00f6hermon ja silm\u00e4npohjan tilanne. Tutkimuksessa k\u00e4ytet\u00e4\u00e4n apuna erilaisia laitteita kuten OCT:t\u00e4 (valokerroskuvaus), fundus- eli silm\u00e4npohjakameraa, mahdollisesti perimetri\u00e4 eli n\u00e4k\u00f6kentt\u00e4laitteita, topografiaa eli sarveiskalvokarttaa. Leikkauksessa valittavaa linssi\u00e4 varten on omat laitteensa.<\/p>\n<p>K\u00e4ynnin yhteydess\u00e4 valitaan paras mahdollinen linssivaihtoehto, joka ottaa my\u00f6s huomioon mahdollisen silm\u00e4ss\u00e4 olevan hajataiton. Oikealla linssivalinnalla p\u00e4\u00e4st\u00e4\u00e4n eroon kauko- tai l\u00e4hilaseista ja silm\u00e4nsis\u00e4isell\u00e4 moniteholinssill\u00e4 p\u00e4\u00e4st\u00e4\u00e4n eroon kokonaan silm\u00e4laseista. T\u00e4ll\u00f6in puhutaan linssileikkauksesta eli ik\u00e4n\u00e4k\u00f6leikkauksesta.<\/p>\n<\/div>\n\n\t\t\t\t\t\t\t\t\t\t\t<\/div>\n\n\t\t\t\t\t\n\t\t\t\t\t<style><\/style>\t\t\t\t<\/div>\n\t\t\t<\/div>\n\t\t[\/vc_column_inner][vc_column_inner width=&#8221;1\/3&#8243;]\t\t\t<div class=\"info-box-wrapper\">\n\t\t\t\t<div id=\"wd-63ec912ce7b8a\" class=\" wd-rs-63ec912ce7b8a wd-info-box wd-wpb text-left box-icon-align-left box-style- color-scheme-light wd-bg-none wd-items-top \">\n\t\t\t\t\t\t\t\t\t\t\t<div class=\"box-icon-wrapper  box-with-text text-size-default box-icon-simple\">\n\t\t\t\t\t\t\t<div class=\"info-box-icon\">\n\n\t\t\t\t\t\t\t\t\t\t\t\t\t\t\t2.\t\t\t\t\t\t\t\n\t\t\t\t\t\t\t<\/div>\n\t\t\t\t\t\t<\/div>\n\t\t\t\t\t\t\t\t\t\t<div class=\"info-box-content\">\n\t\t\t\t\t\t<h4 class=\"info-box-title title box-title-style-default wd-fontsize-m\">Leikkaus<\/h4>\t\t\t\t\t\t<div class=\"info-box-inner reset-last-child\"><p>L\u00e4\u00e4k\u00e4rik\u00e4ynnin j\u00e4lkeen varataan leikkausaika. Leikkausta ennen laitetaan mustuaista laajentavia tippoja sek\u00e4 antibioottitippoja. Klinikkaan saavutaan noin puoli tuntia ennen leikkausta, jonka kesto on yleens\u00e4 5-15 minuuttia. Toimenpiteen j\u00e4lkeen potilas saa j\u00e4lkihoito-ohjeet ja p\u00e4\u00e4see kotiin.<\/p>\n<\/div>\n\n\t\t\t\t\t\t\t\t\t\t\t<\/div>\n\n\t\t\t\t\t\n\t\t\t\t\t<style><\/style>\t\t\t\t<\/div>\n\t\t\t<\/div>\n\t\t[\/vc_column_inner][vc_column_inner width=&#8221;1\/3&#8243;]\t\t\t<div class=\"info-box-wrapper\">\n\t\t\t\t<div id=\"wd-66a7aa61c795e\" class=\" wd-rs-66a7aa61c795e wd-info-box wd-wpb text-left box-icon-align-left box-style- color-scheme-light wd-bg-none wd-items-top \">\n\t\t\t\t\t\t\t\t\t\t\t<div class=\"box-icon-wrapper  box-with-text text-size-default box-icon-simple\">\n\t\t\t\t\t\t\t<div class=\"info-box-icon\">\n\n\t\t\t\t\t\t\t\t\t\t\t\t\t\t\t3.\t\t\t\t\t\t\t\n\t\t\t\t\t\t\t<\/div>\n\t\t\t\t\t\t<\/div>\n\t\t\t\t\t\t\t\t\t\t<div class=\"info-box-content\">\n\t\t\t\t\t\t<h4 class=\"info-box-title title box-title-style-default wd-fontsize-m\">Kontrollik\u00e4ynti<\/h4>\t\t\t\t\t\t<div class=\"info-box-inner reset-last-child\"><p>Ensimm\u00e4inen kontrollik\u00e4ynti sovitaan leikkausta seuraavalle p\u00e4iv\u00e4lle, ja seuraava noin kuukauden p\u00e4\u00e4h\u00e4n.<\/p>\n<p>Kontrollik\u00e4ynnill\u00e4 varmistetaan, ett\u00e4 silm\u00e4 on parantunut leikkauksesta, silm\u00e4npaine ja silm\u00e4npohja ovat normaalit, ja potilas saa mukaansa tarvitsemansa silm\u00e4lasireseptin.<\/p>\n<\/div>\n\n\t\t\t\t\t\t\t\t\t\t\t<\/div>\n\n\t\t\t\t\t\n\t\t\t\t\t<style><\/style>\t\t\t\t<\/div>\n\t\t\t<\/div>\n\t\t[\/vc_column_inner][\/vc_row_inner][\/vc_column][\/vc_row][\/vc_section][vc_row full_width=&#8221;stretch_row&#8221; equal_height=&#8221;yes&#8221; css_animation=&#8221;none&#8221; css=&#8221;.vc_custom_1610086369721{margin-right: -40px !important;margin-bottom: 8vh !important;margin-left: -40px !important;padding-top: 8vh !important;background-color: #ffffff !important;}&#8221; mobile_bg_img_hidden=&#8221;no&#8221; tablet_bg_img_hidden=&#8221;no&#8221; woodmart_parallax=&#8221;0&#8243; woodmart_gradient_switch=&#8221;no&#8221; row_reverse_mobile=&#8221;0&#8243; row_reverse_tablet=&#8221;0&#8243; woodmart_disable_overflow=&#8221;0&#8243;][vc_column offset=&#8221;vc_col-lg-6 vc_col-md-6&#8243; css=&#8221;.vc_custom_1496932335926{border-right-width: 1px !important;padding-top: 20px !important;padding-right: 40px !important;padding-bottom: 10px !important;padding-left: 40px !important;border-right-color: rgba(129,129,129,0.2) !important;border-right-style: solid !important;}&#8221;]\n\t\t<div id=\"wd-63ec9156ebee3\" class=\"title-wrapper wd-wpb wd-set-mb reset-last-child  wd-rs-63ec9156ebee3 wd-title-color-alt wd-title-style-default text-left vc_custom_1676448090526 wd-width-enabled wd-underline-bordered\" style=\"--wd-max-width: 80%;\">\n\t\t\t\n\t\t\t<div class=\"liner-continer\">\n\t\t\t\t<h4 class=\"woodmart-title-container title  wd-font-weight-500 wd-fontsize-l\" >Tulokset<\/h4>\n\t\t\t\t\t\t\t<\/div>\n\t\t\t\n\t\t\t\n\t\t\t\n\t\t<\/div>\n\t\t\n\t\t\t\t\t<div id=\"wd-63ec9162b406f\" class=\"wd-text-block-wrapper wd-wpb wd-rs-63ec9162b406f color-scheme- text-left wd-width-enabled vc_custom_1676448100827\" style=\"--wd-max-width: 90%;\">\n\t\t\t\t<div class=\"woodmart-title-container woodmart-text-block reset-last-child font-text wd-font-weight-400 \">\n\t\t\t\t\tKaihileikkauksen j\u00e4lkeen n\u00e4\u00f6ntarkkuus paranee, v\u00e4rit kirkastuvat, silm\u00e4lasien tarve v\u00e4henee tai tarvittaessa jopa poistuu kokonaan. Liikkuminen helpottuu kun n\u00e4kee paremmin ja kertoopa moni mielenkin piristyneen kaihileikkauksen aikaansaaman n\u00e4\u00f6n kirkastumisen takia. Kaihileikkauksen tulos on pysyv\u00e4, leikkausta ei tarvitse uusia eik\u00e4 linssej\u00e4 vaihtaa.\t\t\t\t<\/div>\n\n\t\t\t\t\t\t\t<\/div>\n\t\t[vc_separator css=&#8221;.vc_custom_1484254145420{margin-bottom: 30px !important;}&#8221;][\/vc_column][vc_column offset=&#8221;vc_col-lg-6 vc_col-md-6&#8243; css=&#8221;.vc_custom_1496932331302{padding-top: 20px !important;padding-right: 40px !important;padding-bottom: 10px !important;padding-left: 40px !important;}&#8221;]\n\t\t<div id=\"wd-63ec916dcf4ac\" class=\"title-wrapper wd-wpb wd-set-mb reset-last-child  wd-rs-63ec916dcf4ac wd-title-color-default wd-title-style-bordered text-left vc_custom_1676448116039 wd-underline-colored\">\n\t\t\t\n\t\t\t<div class=\"liner-continer\">\n\t\t\t\t<h4 class=\"woodmart-title-container title  wd-font-weight- wd-fontsize-l\" >Ota yhteytt\u00e4 jo t\u00e4n\u00e4\u00e4n ja varaa vastaanottoaika!<\/h4>\n\t\t\t\t\t\t\t<\/div>\n\t\t\t\n\t\t\t\n\t\t\t\n\t\t<\/div>\n\t\t\n\t\t\n<div class=\"wpcf7 no-js\" id=\"wpcf7-f8273-o1\" lang=\"fi\" dir=\"ltr\" data-wpcf7-id=\"8273\">\n<div class=\"screen-reader-response\"><p role=\"status\" aria-live=\"polite\" aria-atomic=\"true\"><\/p> <ul><\/ul><\/div>\n<form action=\"\/fi\/wp-json\/wp\/v2\/pages\/8279#wpcf7-f8273-o1\" method=\"post\" class=\"wpcf7-form init\" aria-label=\"Yhteydenottolomake\" novalidate=\"novalidate\" data-status=\"init\">\n<fieldset class=\"hidden-fields-container\"><input type=\"hidden\" name=\"_wpcf7\" value=\"8273\" \/><input type=\"hidden\" name=\"_wpcf7_version\" value=\"6.1.5\" \/><input type=\"hidden\" name=\"_wpcf7_locale\" value=\"fi\" \/><input type=\"hidden\" name=\"_wpcf7_unit_tag\" value=\"wpcf7-f8273-o1\" \/><input type=\"hidden\" name=\"_wpcf7_container_post\" value=\"0\" \/><input type=\"hidden\" name=\"_wpcf7_posted_data_hash\" value=\"\" \/>\n<\/fieldset>\n<p><input name=\"02bc3c0c-93d\" type=\"text\" value=\"8308ffd2-c09e-4f9c-99c0-8d812bc88b45\" style=\"display:none\"  \/><input name=\"567a648f-5167-499e-bb7f-8474937b7cc8\" type=\"text\" value=\"\" style=\"display:none\"  \/>\n<\/p>\n<p>Nimi (pakollinen)\n<\/p>\n<p><span class=\"wpcf7-form-control-wrap\" data-name=\"nombre\"><input size=\"40\" maxlength=\"400\" class=\"wpcf7-form-control wpcf7-text wpcf7-validates-as-required\" aria-required=\"true\" aria-invalid=\"false\" value=\"\" type=\"text\" name=\"nombre\" \/><\/span>\n<\/p>\n<p>Email (pakollinen)\n<\/p>\n<p><span class=\"wpcf7-form-control-wrap\" data-name=\"email\"><input size=\"40\" maxlength=\"400\" class=\"wpcf7-form-control wpcf7-email wpcf7-validates-as-required wpcf7-text wpcf7-validates-as-email\" aria-required=\"true\" aria-invalid=\"false\" value=\"\" type=\"email\" name=\"email\" \/><\/span>\n<\/p>\n<p>Puhelinnumero (pakollinen)\n<\/p>\n<p><span class=\"wpcf7-form-control-wrap\" data-name=\"tel-11\"><input size=\"40\" maxlength=\"400\" class=\"wpcf7-form-control wpcf7-tel wpcf7-validates-as-required wpcf7-text wpcf7-validates-as-tel\" aria-required=\"true\" aria-invalid=\"false\" value=\"\" type=\"tel\" name=\"tel-11\" \/><\/span>\n<\/p>\n<p><input class=\"wpcf7-form-control wpcf7-submit has-spinner btn btn-color-primary btn-shape-rectangle\" type=\"submit\" value=\"Online ajanvaraus\" \/>\n<\/p>\n<h5 class=\"color-primary uppercase\">Puhelin: +34 952 47 00 73 | Whatsapp: + 691 934 660\n<\/h5><div class=\"wpcf7-response-output\" aria-hidden=\"true\"><\/div>\n<\/form>\n<\/div>\n[\/vc_column][\/vc_row]<\/p>\n<\/div>","protected":false},"excerpt":{"rendered":"<p>[vc_row][vc_column offset=&#8221;vc_hidden-sm vc_hidden-xs&#8221; mobile_bg_img_hidden=&#8221;no&#8221; tablet_bg_img_hidden=&#8221;no&#8221; woodmart_parallax=&#8221;0&#8243; woodmart_sticky_column=&#8221;false&#8221; parallax_scroll=&#8221;no&#8221; mobile_reset_margin=&#8221;no&#8221; tablet_reset_margin=&#8221;no&#8221;][vc_raw_html]JTVCcmFua19tYXRoX2JyZWFkY3J1bWIlNUQ=[\/vc_raw_html][\/vc_column][\/vc_row][vc_section full_width=&#8221;stretch_row&#8221; css=&#8221;.vc_custom_1591869405821{padding-top: 0px !important;}&#8221; mobile_bg_img_hidden=&#8221;no&#8221; tablet_bg_img_hidden=&#8221;no&#8221; woodmart_parallax=&#8221;0&#8243; woodmart_gradient_switch=&#8221;no&#8221; woodmart_disable_overflow=&#8221;0&#8243;][vc_row full_width=&#8221;stretch_row&#8221;<\/p>\n","protected":false},"author":1,"featured_media":0,"parent":8476,"menu_order":0,"comment_status":"closed","ping_status":"closed","template":"","meta":{"_joinchat":[],"footnotes":""},"class_list":["post-8279","page","type-page","status-publish","hentry"],"_links":{"self":[{"href":"https:\/\/soleyes.es\/fi\/wp-json\/wp\/v2\/pages\/8279","targetHints":{"allow":["GET"]}}],"collection":[{"href":"https:\/\/soleyes.es\/fi\/wp-json\/wp\/v2\/pages"}],"about":[{"href":"https:\/\/soleyes.es\/fi\/wp-json\/wp\/v2\/types\/page"}],"author":[{"embeddable":true,"href":"https:\/\/soleyes.es\/fi\/wp-json\/wp\/v2\/users\/1"}],"replies":[{"embeddable":true,"href":"https:\/\/soleyes.es\/fi\/wp-json\/wp\/v2\/comments?post=8279"}],"version-history":[{"count":8,"href":"https:\/\/soleyes.es\/fi\/wp-json\/wp\/v2\/pages\/8279\/revisions"}],"predecessor-version":[{"id":9292,"href":"https:\/\/soleyes.es\/fi\/wp-json\/wp\/v2\/pages\/8279\/revisions\/9292"}],"up":[{"embeddable":true,"href":"https:\/\/soleyes.es\/fi\/wp-json\/wp\/v2\/pages\/8476"}],"wp:attachment":[{"href":"https:\/\/soleyes.es\/fi\/wp-json\/wp\/v2\/media?parent=8279"}],"curies":[{"name":"wp","href":"https:\/\/api.w.org\/{rel}","templated":true}]}}