{"id":8335,"date":"2022-12-22T10:52:25","date_gmt":"2022-12-22T10:52:25","guid":{"rendered":"https:\/\/soleyes.eu\/?page_id=8335"},"modified":"2023-02-22T06:55:31","modified_gmt":"2023-02-22T06:55:31","slug":"glaucoma","status":"publish","type":"page","link":"https:\/\/soleyes.es\/en\/eye-diseases\/glaucoma\/","title":{"rendered":"Glaucoma"},"content":{"rendered":"<div class=\"wpb-content-wrapper\"><p>[vc_row][vc_column offset=&#8221;vc_hidden-sm vc_hidden-xs&#8221; mobile_bg_img_hidden=&#8221;no&#8221; tablet_bg_img_hidden=&#8221;no&#8221; woodmart_parallax=&#8221;0&#8243; woodmart_sticky_column=&#8221;false&#8221; parallax_scroll=&#8221;no&#8221; mobile_reset_margin=&#8221;no&#8221; tablet_reset_margin=&#8221;no&#8221;][vc_raw_html]JTVCcmFua19tYXRoX2JyZWFkY3J1bWIlNUQ=[\/vc_raw_html][\/vc_column][\/vc_row][vc_section full_width=&#8221;stretch_row&#8221; css=&#8221;.vc_custom_1591869405821{padding-top: 0px !important;}&#8221; mobile_bg_img_hidden=&#8221;no&#8221; tablet_bg_img_hidden=&#8221;no&#8221; woodmart_parallax=&#8221;0&#8243; woodmart_gradient_switch=&#8221;no&#8221; woodmart_disable_overflow=&#8221;0&#8243;][vc_row full_width=&#8221;stretch_row&#8221; content_placement=&#8221;middle&#8221; woodmart_bg_position=&#8221;right-bottom&#8221; mobile_bg_img_hidden=&#8221;yes&#8221; tablet_bg_img_hidden=&#8221;no&#8221; woodmart_parallax=&#8221;0&#8243; woodmart_gradient_switch=&#8221;no&#8221; row_reverse_mobile=&#8221;0&#8243; row_reverse_tablet=&#8221;0&#8243; woodmart_disable_overflow=&#8221;0&#8243; css=&#8221;.vc_custom_1598522853511{margin-top: 4vh !important;margin-bottom: 6vh !important;background-position: 0 0 !important;background-repeat: no-repeat !important;}&#8221;][vc_column css=&#8221;.vc_custom_1586509770404{margin-bottom: 4vh !important;padding-top: 0px !important;}&#8221; mobile_bg_img_hidden=&#8221;no&#8221; tablet_bg_img_hidden=&#8221;no&#8221; woodmart_parallax=&#8221;0&#8243; woodmart_sticky_column=&#8221;false&#8221; parallax_scroll=&#8221;no&#8221; mobile_reset_margin=&#8221;no&#8221; tablet_reset_margin=&#8221;no&#8221; offset=&#8221;vc_col-lg-6 vc_col-md-6&#8243;][vc_single_image image=&#8221;8095&#8243; img_size=&#8221;full&#8221; parallax_scroll=&#8221;no&#8221; css=&#8221;.vc_custom_1674640690957{margin-bottom: 0px !important;margin-left: 40px !important;}&#8221; woodmart_inline=&#8221;no&#8221;][\/vc_column][vc_column width=&#8221;5\/6&#8243; woodmart_bg_position=&#8221;right-bottom&#8221; css=&#8221;.vc_custom_1586509718518{margin-top: 0px !important;margin-right: 7% !important;margin-bottom: 4vh !important;margin-left: 7% !important;padding-top: 25px !important;}&#8221; mobile_bg_img_hidden=&#8221;no&#8221; tablet_bg_img_hidden=&#8221;no&#8221; woodmart_parallax=&#8221;0&#8243; woodmart_sticky_column=&#8221;false&#8221; parallax_scroll=&#8221;no&#8221; mobile_reset_margin=&#8221;no&#8221; tablet_reset_margin=&#8221;no&#8221; offset=&#8221;vc_col-lg-offset-0 vc_col-lg-6 vc_col-md-6 vc_col-xs-12&#8243;]\n\t\t<div id=\"wd-63eded5456055\" class=\"title-wrapper wd-wpb wd-set-mb reset-last-child  wd-rs-63eded5456055 wd-title-color-alt wd-title-style-underlined-2 text-left vc_custom_1676537183966 wd-width-enabled wd-underline-colored\" style=\"--wd-max-width: 80%;\">\n\t\t\t\t\t\t\t\n\t\t\t\t<div class=\"title-subtitle  subtitle-color-alt font-default subtitle-style-default wd-font-weight- wd-fontsize-xs\">Glaucoma in Fuengirola, Malaga<\/div>\n\t\t\t\n\t\t\t<div class=\"liner-continer\">\n\t\t\t\t<h1 class=\"woodmart-title-container title  wd-font-weight- wd-fontsize-xxl\" >Glaucoma<\/h1>\n\t\t\t\t\t\t\t<\/div>\n\t\t\t\n\t\t\t\n\t\t\t\n\t\t<\/div>\n\t\t\n\t\t\t\t\t<div id=\"wd-63f1f139484ac\" class=\"wd-text-block-wrapper wd-wpb wd-rs-63f1f139484ac color-scheme- text-left wd-width-enabled vc_custom_1676800323585\" style=\"--wd-max-width: 90%;\">\n\t\t\t\t<div class=\"woodmart-title-container woodmart-text-block reset-last-child font-text wd-font-weight-400 \">\n\t\t\t\t\t<strong>Glaucoma is a disease where the optic nerve is damaged without causing any symptoms<\/strong>, and at a later stage it can lead to loss of vision or blindness. Usually glaucoma is caused by slowly increasing intraocular pressure which has no symptoms. The main risk factors for glaucoma are age, having members of the immediate family with glaucoma, and myopia.\t\t\t\t<\/div>\n\n\t\t\t\t\t\t\t<\/div>\n\t\t<div id=\"wd-63f528b6a23c7\" class=\" wd-rs-63f528b6a23c7  wd-button-wrapper text-left\"><a href=\"https:\/\/soleyes.es\/en\/book-online\/\" title=\"Book Online\" class=\"btn btn-color-primary btn-style-default btn-shape-rectangle btn-size-default\">BOOK ONLINE<\/a><\/div>[\/vc_column][\/vc_row][vc_row equal_height=&#8221;yes&#8221; content_placement=&#8221;top&#8221; css=&#8221;.vc_custom_1610029386117{margin-bottom: 4vh !important;}&#8221; mobile_bg_img_hidden=&#8221;no&#8221; tablet_bg_img_hidden=&#8221;no&#8221; woodmart_parallax=&#8221;0&#8243; woodmart_gradient_switch=&#8221;no&#8221; row_reverse_mobile=&#8221;0&#8243; row_reverse_tablet=&#8221;0&#8243; woodmart_disable_overflow=&#8221;0&#8243;][vc_column css=&#8221;.vc_custom_1610029120249{margin-bottom: 0px !important;padding-top: 0px !important;}&#8221; offset=&#8221;vc_col-md-12 vc_col-xs-12&#8243; mobile_bg_img_hidden=&#8221;no&#8221; tablet_bg_img_hidden=&#8221;no&#8221; woodmart_parallax=&#8221;0&#8243; woodmart_sticky_column=&#8221;false&#8221; parallax_scroll=&#8221;no&#8221; mobile_reset_margin=&#8221;no&#8221; tablet_reset_margin=&#8221;no&#8221;]\n\t\t<div id=\"wd-63eded7d445ec\" class=\"title-wrapper wd-wpb wd-set-mb reset-last-child  wd-rs-63eded7d445ec wd-title-color-alt wd-title-style-underlined text-center vc_custom_1676537225205 wd-underline-colored\">\n\t\t\t\n\t\t\t<div class=\"liner-continer\">\n\t\t\t\t<h4 class=\"woodmart-title-container title  wd-font-weight- wd-fontsize-l\" >Diagnostics and Treatment<\/h4>\n\t\t\t\t\t\t\t<\/div>\n\t\t\t\n\t\t\t\n\t\t\t\n\t\t<\/div>\n\t\t\n\t\t[\/vc_column][vc_column css=&#8221;.vc_custom_1535092319384{margin-bottom: 4vh !important;padding-top: 0px !important;padding-right: 20px !important;padding-left: 20px !important;}&#8221; offset=&#8221;vc_col-md-6 vc_col-xs-12&#8243;]\t\t\t<div class=\"info-box-wrapper\">\n\t\t\t\t<div id=\"wd-63ededec441c9\" class=\" wd-rs-63ededec441c9 wd-info-box wd-wpb text-left box-icon-align-left box-style- color-scheme-dark wd-bg-none wd-items-top \">\n\t\t\t\t\t\t\t\t\t\t\t<div class=\"box-icon-wrapper  box-with-text text-size-default box-icon-simple\">\n\t\t\t\t\t\t\t<div class=\"info-box-icon\">\n\n\t\t\t\t\t\t\t\t\t\t\t\t\t\t\t1.\t\t\t\t\t\t\t\n\t\t\t\t\t\t\t<\/div>\n\t\t\t\t\t\t<\/div>\n\t\t\t\t\t\t\t\t\t\t<div class=\"info-box-content\">\n\t\t\t\t\t\t<h4 class=\"info-box-title title box-title-style-default wd-fontsize-m\">Diagnostics<\/h4>\t\t\t\t\t\t<div class=\"info-box-inner reset-last-child\"><p>It is important to diagnose the disease at an early stage, usually by using computer-aided imaging and visual field testing. Measuring intraocular pressure is not sufficient by itself, because many glaucoma patients have a pressure that is at a normal range. Th prognosis for glaucoma is good if the disease is diagnosed and treated at an early stage. We recommend regular visits at <strong>Sol Eyes<\/strong> after you have reached the age of 45.<\/p>\n<\/div>\n\n\t\t\t\t\t\t\t\t\t\t\t<\/div>\n\n\t\t\t\t\t\n\t\t\t\t\t<style><\/style>\t\t\t\t<\/div>\n\t\t\t<\/div>\n\t\t[\/vc_column][vc_column offset=&#8221;vc_col-md-6 vc_col-xs-12&#8243; mobile_bg_img_hidden=&#8221;no&#8221; tablet_bg_img_hidden=&#8221;no&#8221; woodmart_parallax=&#8221;0&#8243; woodmart_sticky_column=&#8221;false&#8221; parallax_scroll=&#8221;no&#8221; mobile_reset_margin=&#8221;no&#8221; tablet_reset_margin=&#8221;no&#8221; css=&#8221;.vc_custom_1610029519243{padding-top: 0px !important;padding-right: 20px !important;padding-bottom: 4vh !important;padding-left: 20px !important;}&#8221;]\t\t\t<div class=\"info-box-wrapper\">\n\t\t\t\t<div id=\"wd-63edee3278c31\" class=\" wd-rs-63edee3278c31 wd-info-box wd-wpb text-left box-icon-align-left box-style- color-scheme-dark wd-bg-none wd-items-top \">\n\t\t\t\t\t\t\t\t\t\t\t<div class=\"box-icon-wrapper  box-with-text text-size-default box-icon-simple\">\n\t\t\t\t\t\t\t<div class=\"info-box-icon\">\n\n\t\t\t\t\t\t\t\t\t\t\t\t\t\t\t2.\t\t\t\t\t\t\t\n\t\t\t\t\t\t\t<\/div>\n\t\t\t\t\t\t<\/div>\n\t\t\t\t\t\t\t\t\t\t<div class=\"info-box-content\">\n\t\t\t\t\t\t<h4 class=\"info-box-title title box-title-style-default wd-fontsize-m\">Treatment<\/h4>\t\t\t\t\t\t<div class=\"info-box-inner reset-last-child\"><p><strong>Glaucoma can be treated with eye drops that reduce the intraocular pressure and with laser treatments.<\/strong>\u00a0If eye drops are used, the patients generally use them for the rest of their lives. Laser treatments can also be used to replace the eye drops. The most modern laser treatment is the SLT laser therapy that we use at Sol Eyes. It is more effective and more gentle for the eyes and may be repeated, unlike the LTP therapy that cannot be repeated and where the results are not permanent.<\/p>\n<p>Glaucoma patients treated at Sol Eyes visit a nurse between doctor\u2019s appointments to check the intraocular pressure. This way we can ensure that that the patients are under regular check-ups, and we can also avoid surprises caused by the disease.<\/p>\n<p>The most severe cases of glaucoma can be treated with surgery to reduce the intraocular pressure.<\/p>\n<\/div>\n\n\t\t\t\t\t\t\t\t\t\t\t<\/div>\n\n\t\t\t\t\t\n\t\t\t\t\t<style><\/style>\t\t\t\t<\/div>\n\t\t\t<\/div>\n\t\t[\/vc_column][\/vc_row][\/vc_section][vc_section full_width=&#8221;stretch_row&#8221; woodmart_gradient_switch=&#8221;yes&#8221; woodmart_color_gradient=&#8221;rgb(14, 145, 227)-0\/rgb(138, 218, 255)-100\/|linear-gradient(top , rgb(14, 145, 227) , rgb(138, 218, 255) 100%)|linear|top&#8221; css=&#8221;.vc_custom_1610086297007{margin-bottom: 0px !important;border-bottom-width: 8vh !important;padding-top: 0px !important;background-color: #ffffff !important;}&#8221; mobile_bg_img_hidden=&#8221;no&#8221; tablet_bg_img_hidden=&#8221;no&#8221; woodmart_parallax=&#8221;0&#8243; woodmart_disable_overflow=&#8221;0&#8243;][\/vc_section][vc_row full_width=&#8221;stretch_row&#8221; equal_height=&#8221;yes&#8221; css_animation=&#8221;none&#8221; css=&#8221;.vc_custom_1610086369721{margin-right: -40px !important;margin-bottom: 8vh !important;margin-left: -40px !important;padding-top: 8vh !important;background-color: #ffffff !important;}&#8221; mobile_bg_img_hidden=&#8221;no&#8221; tablet_bg_img_hidden=&#8221;no&#8221; woodmart_parallax=&#8221;0&#8243; woodmart_gradient_switch=&#8221;no&#8221; row_reverse_mobile=&#8221;0&#8243; row_reverse_tablet=&#8221;0&#8243; woodmart_disable_overflow=&#8221;0&#8243;][vc_column offset=&#8221;vc_col-lg-6 vc_col-md-6&#8243; css=&#8221;.vc_custom_1496932335926{border-right-width: 1px !important;padding-top: 20px !important;padding-right: 40px !important;padding-bottom: 10px !important;padding-left: 40px !important;border-right-color: rgba(129,129,129,0.2) !important;border-right-style: solid !important;}&#8221;][vc_single_image image=&#8221;8342&#8243; img_size=&#8221;full&#8221; parallax_scroll=&#8221;no&#8221; css=&#8221;.vc_custom_1676538327892{margin-bottom: 0px !important;margin-left: 40px !important;}&#8221; woodmart_inline=&#8221;no&#8221;][vc_separator css=&#8221;.vc_custom_1484254145420{margin-bottom: 30px !important;}&#8221;][\/vc_column][vc_column offset=&#8221;vc_col-lg-6 vc_col-md-6&#8243; css=&#8221;.vc_custom_1496932331302{padding-top: 20px !important;padding-right: 40px !important;padding-bottom: 10px !important;padding-left: 40px !important;}&#8221;]\n\t\t<div id=\"wd-63f5289f56012\" class=\"title-wrapper wd-wpb wd-set-mb reset-last-child  wd-rs-63f5289f56012 wd-title-color-default wd-title-style-bordered text-left vc_custom_1677011112169 wd-underline-colored\">\n\t\t\t\n\t\t\t<div class=\"liner-continer\">\n\t\t\t\t<h4 class=\"woodmart-title-container title  wd-font-weight- wd-fontsize-l\" >Contact us today to make an appointment<\/h4>\n\t\t\t\t\t\t\t<\/div>\n\t\t\t\n\t\t\t\n\t\t\t\n\t\t<\/div>\n\t\t\n\t\t\n<div class=\"wpcf7 no-js\" id=\"wpcf7-f8271-o1\" lang=\"en-US\" dir=\"ltr\" data-wpcf7-id=\"8271\">\n<div class=\"screen-reader-response\"><p role=\"status\" aria-live=\"polite\" aria-atomic=\"true\"><\/p> <ul><\/ul><\/div>\n<form action=\"\/en\/wp-json\/wp\/v2\/pages\/8335#wpcf7-f8271-o1\" method=\"post\" class=\"wpcf7-form init\" aria-label=\"Contact form\" novalidate=\"novalidate\" data-status=\"init\">\n<fieldset class=\"hidden-fields-container\"><input type=\"hidden\" name=\"_wpcf7\" value=\"8271\" \/><input type=\"hidden\" name=\"_wpcf7_version\" value=\"6.1.5\" \/><input type=\"hidden\" name=\"_wpcf7_locale\" value=\"en_US\" \/><input type=\"hidden\" name=\"_wpcf7_unit_tag\" value=\"wpcf7-f8271-o1\" \/><input type=\"hidden\" name=\"_wpcf7_container_post\" value=\"0\" \/><input type=\"hidden\" name=\"_wpcf7_posted_data_hash\" value=\"\" \/>\n<\/fieldset>\n<p><input name=\"5ed2e4b8-0a6\" type=\"text\" value=\"1119a332-0b58-455d-9fb1-e9175dc8b1ed\" style=\"display:none\"  \/><input name=\"cbec4781-911c-420c-a26a-d58e7cf23104\" type=\"text\" value=\"\" style=\"display:none\"  \/>\n<\/p>\n<p>Name (required)\n<\/p>\n<p><span class=\"wpcf7-form-control-wrap\" data-name=\"nombre\"><input size=\"40\" maxlength=\"400\" class=\"wpcf7-form-control wpcf7-text wpcf7-validates-as-required\" aria-required=\"true\" aria-invalid=\"false\" value=\"\" type=\"text\" name=\"nombre\" \/><\/span>\n<\/p>\n<p>Email (required)\n<\/p>\n<p><span class=\"wpcf7-form-control-wrap\" data-name=\"email\"><input size=\"40\" maxlength=\"400\" class=\"wpcf7-form-control wpcf7-email wpcf7-validates-as-required wpcf7-text wpcf7-validates-as-email\" aria-required=\"true\" aria-invalid=\"false\" value=\"\" type=\"email\" name=\"email\" \/><\/span>\n<\/p>\n<p>Phone(required)\n<\/p>\n<p><span class=\"wpcf7-form-control-wrap\" data-name=\"tel-11\"><input size=\"40\" maxlength=\"400\" class=\"wpcf7-form-control wpcf7-tel wpcf7-validates-as-required wpcf7-text wpcf7-validates-as-tel\" aria-required=\"true\" aria-invalid=\"false\" value=\"\" type=\"tel\" name=\"tel-11\" \/><\/span>\n<\/p>\n<p><input class=\"wpcf7-form-control wpcf7-submit has-spinner btn btn-color-primary btn-shape-rectangle\" type=\"submit\" value=\"Send\" \/>\n<\/p>\n<h5 class=\"color-primary uppercase\">Telephone: +34 952 470 073 - Whatsapp: +34 691 934 660\n<\/h5><div class=\"wpcf7-response-output\" aria-hidden=\"true\"><\/div>\n<\/form>\n<\/div>\n[\/vc_column][\/vc_row][vc_row full_width=&#8221;stretch_row&#8221; content_placement=&#8221;middle&#8221; disable_element=&#8221;yes&#8221; css=&#8221;.vc_custom_1671708764725{padding-bottom: 2vh !important;background-color: #f9f9f9 !important;}&#8221; mobile_bg_img_hidden=&#8221;no&#8221; tablet_bg_img_hidden=&#8221;no&#8221; woodmart_parallax=&#8221;0&#8243; woodmart_gradient_switch=&#8221;no&#8221; row_reverse_mobile=&#8221;0&#8243; row_reverse_tablet=&#8221;0&#8243; woodmart_disable_overflow=&#8221;0&#8243; woodmart_css_id=&#8221;63a44052bd1ff&#8221; responsive_spacing=&#8221;eyJwYXJhbV90eXBlIjoid29vZG1hcnRfcmVzcG9uc2l2ZV9zcGFjaW5nIiwic2VsZWN0b3JfaWQiOiI2M2E0NDA1MmJkMWZmIiwic2hvcnRjb2RlIjoidmNfcm93IiwiZGF0YSI6eyJ0YWJsZXQiOnt9LCJtb2JpbGUiOnt9fX0=&#8221; woodmart_box_shadow=&#8221;no&#8221; wd_z_index=&#8221;no&#8221;][vc_column css_animation=&#8221;wd-slide-from-bottom&#8221; css=&#8221;.vc_custom_1528449872275{padding-top: 0px !important;}&#8221;]\t\t\t<div id=\"wd-5ee35e8c63c51\" class=\"wd-text-block-wrapper wd-wpb wd-rs-5ee35e8c63c51 color-scheme-custom text-center vc_custom_1591959195706 hidden-md hidden-sm hidden-xs\">\n\t\t\t\t<div class=\"woodmart-title-container woodmart-text-block reset-last-child font-primary wd-font-weight-700 \">\n\t\t\t\t\tFAQ\t\t\t\t<\/div>\n\n\t\t\t\t\t\t\t<\/div>\n\t\t\t\t\t<div id=\"wd-63a2cb1578126\" class=\"wd-text-block-wrapper wd-wpb wd-rs-63a2cb1578126 color-scheme-dark text-center vc_custom_1671613217305\">\n\t\t\t\t<div class=\"woodmart-title-container woodmart-text-block reset-last-child font-primary wd-font-weight-500 \">\n\t\t\t\t\tLa Respuesta a todas tus dudas de<br \/>\nPresbicia\t\t\t\t<\/div>\n\n\t\t\t\t\t\t\t<\/div>\n\t\t[vc_tta_accordion style=&#8221;modern&#8221; shape=&#8221;round&#8221; color=&#8221;white&#8221; c_icon=&#8221;chevron&#8221; c_position=&#8221;right&#8221; active_section=&#8221;1&#8243; collapsible_all=&#8221;true&#8221;][vc_tta_section title=&#8221;\u00bfCu\u00e1les son los s\u00edntomas de la presbicia?&#8221; tab_id=&#8221;1484652030151-41d816a1-ec06b85a-61f9&#8243;][vc_column_text text_larger=&#8221;no&#8221; woodmart_inline=&#8221;no&#8221;]La visi\u00f3n borrosa cercana es el s\u00edntoma principal.<\/p>\n<p>Es un proceso evolutivo. El paciente puede percibir inicialmente que le vibran los objetos, y que lee con dificultad en condiciones de luz baja. Los s\u00edntomas se van agravando, y si no se corrige, debido al esfuerzo puede generar:<\/p>\n<p>dolor de cabeza<br \/>\nenrojecimiento ocular<br \/>\nmareo<\/p>\n<p>[\/vc_column_text][\/vc_tta_section][vc_tta_section title=&#8221;\u00bfComo se corrige la presbicia?&#8221; tab_id=&#8221;1484652030190-407b08ef-5de7b85a-61f9&#8243;][vc_column_text text_larger=&#8221;no&#8221; woodmart_inline=&#8221;no&#8221;]Cl\u00e1sicamente la presbicia se ha corregido con gafas. Bien con gafas \u00fanicamente para visi\u00f3n cercana o bien, si el paciente usa gafas previamente, con gafas bifocales o progresivas que se adaptan a todas las distancias.<\/p>\n<p>[\/vc_column_text][\/vc_tta_section][vc_tta_section title=&#8221;\u00bfExisten soluciones alternativas a el uso de gafas para la presbicia?&#8221; tab_id=&#8221;1484652030219-c6960c7e-ee62b85a-61f9&#8243;][vc_column_text text_larger=&#8221;no&#8221; woodmart_inline=&#8221;no&#8221;]Afortunadamente, el avance en el desarrollo de lentes intraoculares ha permitido con el paso de los a\u00f1os ofrecer alternativas a las gafas de cerca.<br \/>\nActualmente contamos con lentes multifocales, que sustituyen al cristalino del paciente y son capaces de adaptarse a todas las distancias limitando el uso de gafas a situaciones excepcionales.<br \/>\nEs necesario realizar una evaluaci\u00f3n exhaustiva para conocer la idoneidad de cada paciente, de forma individual, a estas lentes.<\/p>\n<p>Existe otra posibilidad de tratamiento. El l\u00e1ser excimer.<\/p>\n<p>Consiste en tratar la c\u00f3rnea para conseguir recuperar la visi\u00f3n cercana sin necesidad de sustituir el cristalino del paciente.\u00a0 Existen dentro del tratamiento laser diversas posibilidades que los doctores valorar\u00e1n y ofrecer\u00e1n al paciente discutiendo ventajas y posibles limitaciones.[\/vc_column_text][\/vc_tta_section][vc_tta_section title=&#8221;\u00bfExiste una t\u00e9cnica ideal para corregir la presbicia?&#8221; tab_id=&#8221;1671613598348-62d82892-d622&#8243;][vc_column_text text_larger=&#8221;no&#8221; woodmart_inline=&#8221;no&#8221;]No. En realidad, existen un abanico de posibilidades y es la entrevista con el paciente y las pruebas complementarias que se realizan las que permiten al especialista ofrecer al paciente la intervenci\u00f3n id\u00f3nea para \u00e9l.[\/vc_column_text][\/vc_tta_section][\/vc_tta_accordion][\/vc_column][\/vc_row][vc_row equal_height=&#8221;yes&#8221; css_animation=&#8221;fadeIn&#8221; disable_element=&#8221;yes&#8221; css=&#8221;.vc_custom_1616595531714{margin-right: -50px !important;margin-bottom: 8vh !important;margin-left: -50px !important;}&#8221; mobile_bg_img_hidden=&#8221;no&#8221; tablet_bg_img_hidden=&#8221;no&#8221; woodmart_parallax=&#8221;0&#8243; woodmart_gradient_switch=&#8221;no&#8221; row_reverse_mobile=&#8221;0&#8243; row_reverse_tablet=&#8221;0&#8243; woodmart_disable_overflow=&#8221;0&#8243;][vc_column css=&#8221;.vc_custom_1591960207722{margin-bottom: 20px !important;padding-top: 15px !important;padding-right: 50px !important;padding-left: 50px !important;}&#8221; offset=&#8221;vc_col-lg-12 vc_col-md-12&#8243; mobile_bg_img_hidden=&#8221;no&#8221; tablet_bg_img_hidden=&#8221;no&#8221; woodmart_parallax=&#8221;0&#8243; woodmart_sticky_column=&#8221;false&#8221; parallax_scroll=&#8221;no&#8221; mobile_reset_margin=&#8221;no&#8221; tablet_reset_margin=&#8221;no&#8221;][\/vc_column][\/vc_row]<\/p>\n<\/div>","protected":false},"excerpt":{"rendered":"<p>[vc_row][vc_column offset=&#8221;vc_hidden-sm vc_hidden-xs&#8221; mobile_bg_img_hidden=&#8221;no&#8221; tablet_bg_img_hidden=&#8221;no&#8221; woodmart_parallax=&#8221;0&#8243; woodmart_sticky_column=&#8221;false&#8221; parallax_scroll=&#8221;no&#8221; mobile_reset_margin=&#8221;no&#8221; tablet_reset_margin=&#8221;no&#8221;][vc_raw_html]JTVCcmFua19tYXRoX2JyZWFkY3J1bWIlNUQ=[\/vc_raw_html][\/vc_column][\/vc_row][vc_section full_width=&#8221;stretch_row&#8221; css=&#8221;.vc_custom_1591869405821{padding-top: 0px !important;}&#8221; mobile_bg_img_hidden=&#8221;no&#8221; tablet_bg_img_hidden=&#8221;no&#8221; woodmart_parallax=&#8221;0&#8243; woodmart_gradient_switch=&#8221;no&#8221; woodmart_disable_overflow=&#8221;0&#8243;][vc_row full_width=&#8221;stretch_row&#8221;<\/p>\n","protected":false},"author":1,"featured_media":0,"parent":8554,"menu_order":0,"comment_status":"closed","ping_status":"closed","template":"","meta":{"_joinchat":[],"footnotes":""},"class_list":["post-8335","page","type-page","status-publish","hentry"],"_links":{"self":[{"href":"https:\/\/soleyes.es\/en\/wp-json\/wp\/v2\/pages\/8335","targetHints":{"allow":["GET"]}}],"collection":[{"href":"https:\/\/soleyes.es\/en\/wp-json\/wp\/v2\/pages"}],"about":[{"href":"https:\/\/soleyes.es\/en\/wp-json\/wp\/v2\/types\/page"}],"author":[{"embeddable":true,"href":"https:\/\/soleyes.es\/en\/wp-json\/wp\/v2\/users\/1"}],"replies":[{"embeddable":true,"href":"https:\/\/soleyes.es\/en\/wp-json\/wp\/v2\/comments?post=8335"}],"version-history":[{"count":10,"href":"https:\/\/soleyes.es\/en\/wp-json\/wp\/v2\/pages\/8335\/revisions"}],"predecessor-version":[{"id":8803,"href":"https:\/\/soleyes.es\/en\/wp-json\/wp\/v2\/pages\/8335\/revisions\/8803"}],"up":[{"embeddable":true,"href":"https:\/\/soleyes.es\/en\/wp-json\/wp\/v2\/pages\/8554"}],"wp:attachment":[{"href":"https:\/\/soleyes.es\/en\/wp-json\/wp\/v2\/media?parent=8335"}],"curies":[{"name":"wp","href":"https:\/\/api.w.org\/{rel}","templated":true}]}}